{"id":8381,"date":"2018-10-02T12:37:23","date_gmt":"2018-10-02T10:37:23","guid":{"rendered":"https:\/\/tsv-giessen.de\/?post_type=product&#038;p=8381"},"modified":"2026-03-29T18:12:19","modified_gmt":"2026-03-29T16:12:19","slug":"brownie","status":"publish","type":"product","link":"https:\/\/tsv-giessen.de\/?product=brownie","title":{"rendered":"Brownie \u2013 Nicht zu vermitteln \u2013 Paten gesucht"},"content":{"rendered":"<p>Brownie &#8211; was Deprivation bedeutet<\/p>\n<p>Brownie wurde 2014 in Rum\u00e4nien geboren. Wie er gelebt hat, bevor er dann von Tiersch\u00fctzern gefunden wurde, l\u00e4sst sich nicht mehr nachvollziehen. Was wir aber wissen ist, dass er als einj\u00e4hriger Jungspund mitten in eine Stadt in Deutschland vermittelt wurde.<br \/>\nStra\u00dfenl\u00e4rm, Menschen, H\u00e4user &#8211; all das \u00e4ngstigten Brownie so sehr, dass der Familie schnell klar war, dieser Hund ist nicht richtig an diesem Ort.<br \/>\nSo landete er 2015 bei uns im Tierheim.<br \/>\nZun\u00e4chst gingen wir von einem klassischen Angsthund aus. Doch irgendwann wurde klar, das ist mehr als Angst. Brownie hat ein Deprivationssyndrom.<br \/>\nDurch das reizarme Aufwachsen hat sich die Gehirnstruktur nicht so entwickelt wie bei einem gesunden Hund. Brownie kann Reize nicht richtig verarbeiten.<br \/>\nWir durften im Tierheim viel von Brownie lernen.<br \/>\nDie Kunst der kleinen Schritte begleiten uns bis heute.<br \/>\nDas erste Mal an der Hand schnuppern, die erste Freude uns am n\u00e4chsten Morgen zu sehen und wie die Zeit immer k\u00fcrzer wurde, bis er neue Ausf\u00fchrer und Ehrenamtliche in sein Herz schlie\u00dfen konnte.<br \/>\nBrownie f\u00fchlt sich im Tierheim sichtlich wohl. Alles ist ihm vertraut. Er hat seine festen Bezugspersonen, ein Zimmer mit Auslauf und klare Strukturen und Rituale, die ihm helfen, sein Leben zu ordnen. Im Tierheim kann er ein Leben ohne Angst f\u00fchren.<br \/>\nNur wenige Hunde konnten uns bisher so viel beibringen wie er.<br \/>\nTrotzdem w\u00fcnschten wir ihm ein Zuhause mit liebevollen Menschen, einem Sofa und viel Zeit nur f\u00fcr ihn.<br \/>\nDoch mehrere Vermittlungsversuche schlugen fehl.<br \/>\nUnd so mussten wir uns nun die Frage stellen, ob wir Brownie, der so viele Probleme hat mit Ver\u00e4nderungen klarzukommen, mit einem erneuten Vermittlungsversuch, \u00fcberhaupt einen Gefallen tun.<br \/>\n8 Jahre lebt er nun im Tierheim. Es ist sein Zuhause.<br \/>\nUnd das soll es nun auch bleiben.<br \/>\nBrownie werden wir daher nicht mehr vermitteln. Er wird bei uns im Tierheim bleiben d\u00fcrfen.<\/p>\n<p>Daher suchen wir f\u00fcr den h\u00fcbschen Kerl Paten, die uns helfen, sein Leben bei uns zu finanzieren.<\/p>\n<p><strong><span class=\"x4k7w5x x1h91t0o x1h9r5lt xv2umb2 x1beo9mf xaigb6o x12ejxvf x3igimt xarpa2k xedcshv x1lytzrv x1t2pt76 x7ja8zs x1qrby5j x1jfb8zj\">\u00a0<\/span><\/strong><\/p>\n<p>&nbsp;<\/p>\n<p><iframe loading=\"lazy\" title=\"Thai Ridgeback-Mix Brownie wartet im Tierheim auf &quot;seine&quot; Menschen (vermittelt)\" width=\"1333\" height=\"1000\" src=\"https:\/\/www.youtube.com\/embed\/yM8z8AVRRfE?feature=oembed\" frameborder=\"0\" allow=\"accelerometer; autoplay; clipboard-write; encrypted-media; gyroscope; picture-in-picture; web-share\" referrerpolicy=\"strict-origin-when-cross-origin\" allowfullscreen><\/iframe><\/p>\n<p><iframe loading=\"lazy\" title=\"Tierheimhund Brownie sucht seine 2. Chance!\" width=\"1500\" height=\"844\" src=\"https:\/\/www.youtube.com\/embed\/xr2Hpw0n0s0?feature=oembed\" frameborder=\"0\" allow=\"accelerometer; autoplay; clipboard-write; encrypted-media; gyroscope; picture-in-picture; web-share\" referrerpolicy=\"strict-origin-when-cross-origin\" allowfullscreen><\/iframe><\/p>\n<p><span class=\"fs13 cf1 ff1\"><b>Bemerkung:<\/b><br \/>\n<\/span><span class=\"fs13 cf1 ff1\">Die Beschreibungen sind Momentaufnahmen des Tieres in unserem Tierheim. Jedes Tier kann sich im neuen Zuhause anders entwickeln.<\/span><\/p>\n","protected":false},"excerpt":{"rendered":"<p>Brownie &#8211; was Deprivation bedeutet Brownie wurde 2014 in Rum\u00e4nien geboren. Wie er gelebt hat, bevor er dann von Tiersch\u00fctzern gefunden wurde, l\u00e4sst sich nicht mehr nachvollziehen. Was wir aber&#8230;<\/p>\n","protected":false},"featured_media":11316,"template":"","meta":{"_piecal_is_event":false,"_piecal_start_date":"","_piecal_end_date":"","_piecal_is_allday":false},"product_cat":[147,41,58,1244],"product_tag":[],"_links":{"self":[{"href":"https:\/\/tsv-giessen.de\/index.php?rest_route=\/wp\/v2\/product\/8381"}],"collection":[{"href":"https:\/\/tsv-giessen.de\/index.php?rest_route=\/wp\/v2\/product"}],"about":[{"href":"https:\/\/tsv-giessen.de\/index.php?rest_route=\/wp\/v2\/types\/product"}],"wp:featuredmedia":[{"embeddable":true,"href":"https:\/\/tsv-giessen.de\/index.php?rest_route=\/wp\/v2\/media\/11316"}],"wp:attachment":[{"href":"https:\/\/tsv-giessen.de\/index.php?rest_route=%2Fwp%2Fv2%2Fmedia&parent=8381"}],"wp:term":[{"taxonomy":"product_cat","embeddable":true,"href":"https:\/\/tsv-giessen.de\/index.php?rest_route=%2Fwp%2Fv2%2Fproduct_cat&post=8381"},{"taxonomy":"product_tag","embeddable":true,"href":"https:\/\/tsv-giessen.de\/index.php?rest_route=%2Fwp%2Fv2%2Fproduct_tag&post=8381"}],"curies":[{"name":"wp","href":"https:\/\/api.w.org\/{rel}","templated":true}]}}