{"id":40361,"date":"2026-05-14T18:12:58","date_gmt":"2026-05-14T16:12:58","guid":{"rendered":"https:\/\/tsv-giessen.de\/?post_type=product&#038;p=40361"},"modified":"2026-05-14T19:35:11","modified_gmt":"2026-05-14T17:35:11","slug":"leoni","status":"publish","type":"product","link":"https:\/\/tsv-giessen.de\/?product=leoni","title":{"rendered":"Leoni"},"content":{"rendered":"<p>Leoni kam aus einem anderen Tierheim zu uns. Die h\u00fcbsche H\u00fcndin ist ein richtiger Wirbelwind und am liebsten bei ihrem Menschen.<\/p>\n<p>In der h\u00fcbschen H\u00fcndin steckt jede Menge Power, die mit Erziehung, sowie geistiger und k\u00f6rperlicher Auslastung in die richtige Richtung gelenkt werden will.<\/p>\n<p>Leoni ist mit Artgenossen aller Art und Gr\u00f6\u00dfe verspielt und immer gut drauf.<\/p>\n<p>Mit Menschen kuschelt und flitzt sie gerne, muss aber das Kleine Hundeeinmaleins noch lernen.<\/p>\n<p>F\u00fcr Leoni suchen wir sportliche Menschen, die sie sowohl k\u00f6rperlich, als auch geistig auslasten und mit ihr gemeinsam die Welt entdecken wollen. Mit dem richtigen Training und einer guten Auslastung wird aus Leoni sicherlich eine tolle Begleiterin.<\/p>\n<p>Wer sich in die s\u00fc\u00dfe Maus verliebt hat darf sich gerne per Mail bei uns melden.<\/p>\n<p><strong>Bemerkung:<\/strong><\/p>\n<p><span class=\"fs13 cf1 ff1\"> Beschreibungen sind Momentaufnahmen des Tieres in unserem Tierheim. Jedes Tier kann sich im neuen Zuhause anders entwickeln.<\/span><\/p>\n","protected":false},"excerpt":{"rendered":"<p>Leoni kam aus einem anderen Tierheim zu uns. Die h\u00fcbsche H\u00fcndin ist ein richtiger Wirbelwind und am liebsten bei ihrem Menschen. In der h\u00fcbschen H\u00fcndin steckt jede Menge Power, die&#8230;<\/p>\n","protected":false},"featured_media":40362,"template":"","meta":{"_piecal_is_event":false,"_piecal_start_date":"","_piecal_end_date":"","_piecal_is_allday":false},"product_cat":[41,98,58],"product_tag":[],"_links":{"self":[{"href":"https:\/\/tsv-giessen.de\/index.php?rest_route=\/wp\/v2\/product\/40361"}],"collection":[{"href":"https:\/\/tsv-giessen.de\/index.php?rest_route=\/wp\/v2\/product"}],"about":[{"href":"https:\/\/tsv-giessen.de\/index.php?rest_route=\/wp\/v2\/types\/product"}],"wp:featuredmedia":[{"embeddable":true,"href":"https:\/\/tsv-giessen.de\/index.php?rest_route=\/wp\/v2\/media\/40362"}],"wp:attachment":[{"href":"https:\/\/tsv-giessen.de\/index.php?rest_route=%2Fwp%2Fv2%2Fmedia&parent=40361"}],"wp:term":[{"taxonomy":"product_cat","embeddable":true,"href":"https:\/\/tsv-giessen.de\/index.php?rest_route=%2Fwp%2Fv2%2Fproduct_cat&post=40361"},{"taxonomy":"product_tag","embeddable":true,"href":"https:\/\/tsv-giessen.de\/index.php?rest_route=%2Fwp%2Fv2%2Fproduct_tag&post=40361"}],"curies":[{"name":"wp","href":"https:\/\/api.w.org\/{rel}","templated":true}]}}