{"id":40213,"date":"2026-05-09T16:21:02","date_gmt":"2026-05-09T14:21:02","guid":{"rendered":"https:\/\/tsv-giessen.de\/?post_type=product&#038;p=40213"},"modified":"2026-05-09T16:41:38","modified_gmt":"2026-05-09T14:41:38","slug":"igor","status":"publish","type":"product","link":"https:\/\/tsv-giessen.de\/?product=igor","title":{"rendered":"Igor"},"content":{"rendered":"<p>Boris und Igor sind zusammen gefunden worden. Ob sie ausgesetzt wurden, oder sich in (vermutlich) br\u00fcderlicher Gemeinschaft als Ausbrecherk\u00fcnstler einen Namen machen wollten, wissen wir leider nicht. Dieses Leben ist nun aber erst mal vorbei, jetzt sind sie sicher eingez\u00e4unt in unserem Schildkr\u00f6tengehege und warten auf ihr Endzuhause, in dem sie ihr Gehege unsicher machen k\u00f6nnen.<\/p>\n<p><span class=\"fs13 cf1 ff1\"><b>Bemerkung:<\/b><br \/>\n<\/span><span class=\"fs13 cf1 ff1\">Die Beschreibungen sind Momentaufnahmen des Tieres in unserem Tierheim. Jedes Tier kann sich im neuen Zuhause anders entwickeln.<\/span><\/p>\n","protected":false},"excerpt":{"rendered":"<p>Boris und Igor sind zusammen gefunden worden. Ob sie ausgesetzt wurden, oder sich in (vermutlich) br\u00fcderlicher Gemeinschaft als Ausbrecherk\u00fcnstler einen Namen machen wollten, wissen wir leider nicht. Dieses Leben ist&#8230;<\/p>\n","protected":false},"featured_media":40078,"template":"","meta":{"_piecal_is_event":false,"_piecal_start_date":"","_piecal_end_date":"","_piecal_is_allday":false},"product_cat":[111,115],"product_tag":[],"_links":{"self":[{"href":"https:\/\/tsv-giessen.de\/index.php?rest_route=\/wp\/v2\/product\/40213"}],"collection":[{"href":"https:\/\/tsv-giessen.de\/index.php?rest_route=\/wp\/v2\/product"}],"about":[{"href":"https:\/\/tsv-giessen.de\/index.php?rest_route=\/wp\/v2\/types\/product"}],"wp:featuredmedia":[{"embeddable":true,"href":"https:\/\/tsv-giessen.de\/index.php?rest_route=\/wp\/v2\/media\/40078"}],"wp:attachment":[{"href":"https:\/\/tsv-giessen.de\/index.php?rest_route=%2Fwp%2Fv2%2Fmedia&parent=40213"}],"wp:term":[{"taxonomy":"product_cat","embeddable":true,"href":"https:\/\/tsv-giessen.de\/index.php?rest_route=%2Fwp%2Fv2%2Fproduct_cat&post=40213"},{"taxonomy":"product_tag","embeddable":true,"href":"https:\/\/tsv-giessen.de\/index.php?rest_route=%2Fwp%2Fv2%2Fproduct_tag&post=40213"}],"curies":[{"name":"wp","href":"https:\/\/api.w.org\/{rel}","templated":true}]}}