{"id":40196,"date":"2026-05-07T22:50:16","date_gmt":"2026-05-07T20:50:16","guid":{"rendered":"https:\/\/tsv-giessen.de\/?post_type=product&#038;p=40196"},"modified":"2026-05-07T22:55:43","modified_gmt":"2026-05-07T20:55:43","slug":"foghorn-felhornroad-runner","status":"publish","type":"product","link":"https:\/\/tsv-giessen.de\/?product=foghorn-felhornroad-runner","title":{"rendered":"Foghorn Felhorn&#038;Road Runner"},"content":{"rendered":"<p data-start=\"0\" data-end=\"225\">Die beiden Meerschweinchen-Buben sind gemeinsam mit weiteren Tieren aus einem befreundeten Tierheim zu uns gekommen. Aktuell zeigen sie sich noch etwas zur\u00fcckhaltend und m\u00fcssen sich in ihrer neuen Umgebung erst zurechtfinden.<\/p>\n<p data-start=\"227\" data-end=\"475\">Trotz ihrer anf\u00e4nglichen Sch\u00fcchternheit sind sie bereits gut zu beobachten, besonders wenn es Futter gibt: Sobald ihr Lieblingssnack geschnitten wird, stimmen die beiden zuverl\u00e4ssig ein kleines \u201eKonzert\u201c an und zeigen damit deutlich ihre Vorfreude.<\/p>\n<p data-start=\"477\" data-end=\"923\">F\u00fcr die beiden suchen wir ein artgerechtes Zuhause, idealerweise gemeinsam, da sie sich gegenseitig Sicherheit geben. Alternativ ist auch eine Vermittlung einzeln m\u00f6glich, jedoch jeweils nur zu mindestens einem gut sozialisierten Weibchen. Am besten eignet sich f\u00fcr Meerschweinchen jedoch eine gr\u00f6\u00dfere, stabile Gruppe, da sie als ausgepr\u00e4gte Gruppentiere von sozialem Kontakt, Kommunikation und Struktur innerhalb der Gruppe deutlich profitieren.<\/p>\n<p data-start=\"925\" data-end=\"1135\" data-is-last-node=\"\" data-is-only-node=\"\">W\u00fcnschenswert ist daher ein Zuhause in einer bestehenden Meerschweinchen-Gruppe oder in einer entsprechend aufgebauten harmonischen Gruppe, in der sie sich sicher eingliedern k\u00f6nnen und artgerecht leben d\u00fcrfen.<\/p>\n<p><strong><span class=\"fs13 cf1 ff1\">Bemerkung: <\/span><\/strong><span class=\"fs13 cf1 ff1\">Die Beschreibungen sind Momentaufnahmen des Tieres in unserem Tierheim. Jedes Tier kann sich im neuen Zuhause anders entwickeln.<\/span><\/p>\n","protected":false},"excerpt":{"rendered":"<p>Die beiden Meerschweinchen-Buben sind gemeinsam mit weiteren Tieren aus einem befreundeten Tierheim zu uns gekommen. Aktuell zeigen sie sich noch etwas zur\u00fcckhaltend und m\u00fcssen sich in ihrer neuen Umgebung erst&#8230;<\/p>\n","protected":false},"featured_media":40103,"template":"","meta":{"_piecal_is_event":false,"_piecal_start_date":"","_piecal_end_date":"","_piecal_is_allday":false},"product_cat":[111,113],"product_tag":[],"_links":{"self":[{"href":"https:\/\/tsv-giessen.de\/index.php?rest_route=\/wp\/v2\/product\/40196"}],"collection":[{"href":"https:\/\/tsv-giessen.de\/index.php?rest_route=\/wp\/v2\/product"}],"about":[{"href":"https:\/\/tsv-giessen.de\/index.php?rest_route=\/wp\/v2\/types\/product"}],"wp:featuredmedia":[{"embeddable":true,"href":"https:\/\/tsv-giessen.de\/index.php?rest_route=\/wp\/v2\/media\/40103"}],"wp:attachment":[{"href":"https:\/\/tsv-giessen.de\/index.php?rest_route=%2Fwp%2Fv2%2Fmedia&parent=40196"}],"wp:term":[{"taxonomy":"product_cat","embeddable":true,"href":"https:\/\/tsv-giessen.de\/index.php?rest_route=%2Fwp%2Fv2%2Fproduct_cat&post=40196"},{"taxonomy":"product_tag","embeddable":true,"href":"https:\/\/tsv-giessen.de\/index.php?rest_route=%2Fwp%2Fv2%2Fproduct_tag&post=40196"}],"curies":[{"name":"wp","href":"https:\/\/api.w.org\/{rel}","templated":true}]}}