{"id":40119,"date":"2026-04-29T15:08:26","date_gmt":"2026-04-29T13:08:26","guid":{"rendered":"https:\/\/tsv-giessen.de\/?post_type=product&#038;p=40119"},"modified":"2026-04-29T15:16:48","modified_gmt":"2026-04-29T13:16:48","slug":"monsieur","status":"publish","type":"product","link":"https:\/\/tsv-giessen.de\/?product=monsieur","title":{"rendered":"Monsieur"},"content":{"rendered":"<p>Monsieur wurde bei uns abgegeben, da leider keine Zeit mehr f\u00fcr den h\u00fcbschen Hasenmann war. Er war bei uns kurz in einer Gruppe, wurde aber stark verbissen von einem anderen M\u00e4nnchen. Diese Wunden mussten erst mal alle wieder abheilen, was einige Zeit gedauert hat. Nun ist er aber vollst\u00e4ndig verheilt und sitzt aktuell bei Lightning. Durch dieses Erlebnis ist er etwas empfindlich, wenn jemand &#8211; ob Mensch oder Tier &#8211; Richtung seines Halses will. F\u00fcr ihn w\u00fcnschen wir uns ein sehr freundliches Weibchen, dem er den Hof machen darf und das ihm zeigt, dass nicht alle Kaninchen so b\u00f6se sind, wie unser eines M\u00e4nnchen ihm gegen\u00fcber war.<\/p>\n<p>Auf jeden Fall brauchen Kaninchen viel Platz. Mindestens 6 qm Auslauf f\u00fcr ein P\u00e4rchen und f\u00fcr jedes weitere Tier 20% Fl\u00e4che mehr, damit sich all nach Lust und Laune austoben k\u00f6nnen. Das erfreut jedes Kaninchenherz.<\/p>\n<p>Noch ein kleiner Hinweis im Namen unserer Kaninchen: wir wissen, dass sie superweich aussehen (und auch sind). Und so gro\u00df das Verlangen auch sein kann, es einfach hoch zu nehmen und zu kuscheln, zeigt man Kaninchen damit nicht wie lieb man sie hat, sondern macht ihnen Angst. Damit sich Monsieur in seiner Familie richtig wohl f\u00fchlen kann, sollte man mit allen Familienmitgliedern die Anstandsregeln von Kaninchen einmal durchgehen. Sie freuen sich, wenn man ihnen Zeit gibt ihre Umgebung und ihre Menschen freiwillig zu erkunden. Daf\u00fcr kann man sich einfach ruhig neben oder in das Gehege setzen und die Tiere beobachten. Gute Leckerlies helfen auch dabei, dass Kaninchen beginnen ihre Menschen toll zu finden. Dann kommen sie h\u00e4ufig von ganz alleine.<\/p>\n<p>Monsieur hat Ihr Interesse geweckt? Dann melden Sie sich gerne bei uns. Wir beraten gerne zu den einzelnen Tieren, ihrer Vertr\u00e4glichkeit und zur Vergesellschaftung mit weiteren Kaninchen.<\/p>\n<p><strong><span class=\"fs13 cf1 ff1\">Bemerkung: <\/span><\/strong><span class=\"fs13 cf1 ff1\">Die Beschreibungen sind Momentaufnahmen des Tieres in unserem Tierheim. Jedes Tier kann sich im neuen Zuhause anders entwickeln.<\/span><\/p>\n","protected":false},"excerpt":{"rendered":"<p>Monsieur wurde bei uns abgegeben, da leider keine Zeit mehr f\u00fcr den h\u00fcbschen Hasenmann war. Er war bei uns kurz in einer Gruppe, wurde aber stark verbissen von einem anderen&#8230;<\/p>\n","protected":false},"featured_media":40106,"template":"","meta":{"_piecal_is_event":false,"_piecal_start_date":"","_piecal_end_date":"","_piecal_is_allday":false},"product_cat":[111,112],"product_tag":[],"_links":{"self":[{"href":"https:\/\/tsv-giessen.de\/index.php?rest_route=\/wp\/v2\/product\/40119"}],"collection":[{"href":"https:\/\/tsv-giessen.de\/index.php?rest_route=\/wp\/v2\/product"}],"about":[{"href":"https:\/\/tsv-giessen.de\/index.php?rest_route=\/wp\/v2\/types\/product"}],"wp:featuredmedia":[{"embeddable":true,"href":"https:\/\/tsv-giessen.de\/index.php?rest_route=\/wp\/v2\/media\/40106"}],"wp:attachment":[{"href":"https:\/\/tsv-giessen.de\/index.php?rest_route=%2Fwp%2Fv2%2Fmedia&parent=40119"}],"wp:term":[{"taxonomy":"product_cat","embeddable":true,"href":"https:\/\/tsv-giessen.de\/index.php?rest_route=%2Fwp%2Fv2%2Fproduct_cat&post=40119"},{"taxonomy":"product_tag","embeddable":true,"href":"https:\/\/tsv-giessen.de\/index.php?rest_route=%2Fwp%2Fv2%2Fproduct_tag&post=40119"}],"curies":[{"name":"wp","href":"https:\/\/api.w.org\/{rel}","templated":true}]}}