{"id":40118,"date":"2026-04-29T15:02:45","date_gmt":"2026-04-29T13:02:45","guid":{"rendered":"https:\/\/tsv-giessen.de\/?post_type=product&#038;p=40118"},"modified":"2026-05-07T23:27:01","modified_gmt":"2026-05-07T21:27:01","slug":"akasha","status":"publish","type":"product","link":"https:\/\/tsv-giessen.de\/?product=akasha","title":{"rendered":"Akasha"},"content":{"rendered":"<p data-start=\"0\" data-end=\"405\">Akascha ist gemeinsam mit weiteren Kaninchen aus dem Tierheim Marburg zu uns gekommen. Die kleine Gruppe hatte bisher kein sch\u00f6nes und unbeschwertes Leben, umso mehr w\u00fcnschen wir uns nun f\u00fcr sie eine positive Wende und ein liebevolles Zuhause, in dem sie endlich artgerecht gehalten werden und ankommen d\u00fcrfen. Sie haben es so sehr verdient, ihre Umgebung sicher, ruhig und gut versorgt erleben zu k\u00f6nnen.<\/p>\n<p data-start=\"407\" data-end=\"604\">F\u00fcr Akascha suchen wir entweder ein gemeinsames Zuhause mit einem oder mehreren ihrer Artgenossen oder auch eine Vermittlung einzeln in eine bereits bestehende, gut funktionierende Kaninchengruppe.<\/p>\n<p data-start=\"606\" data-end=\"1132\"><span class=\"hover:entity-accent entity-underline inline cursor-pointer align-baseline\"><span class=\"whitespace-normal\">Kaninchen<\/span><\/span> sind sehr soziale Tiere, die zwingend mindestens paarweise gehalten werden sollten. F\u00fcr zwei Kaninchen wird eine dauerhafte Mindestfl\u00e4che von etwa 6 m\u00b2 empfohlen, zus\u00e4tzlich zu t\u00e4glichen Bewegungsm\u00f6glichkeiten au\u00dferhalb des Geheges. Wichtig ist dabei nicht nur die reine Fl\u00e4che, sondern auch eine strukturierte Umgebung mit Versteckm\u00f6glichkeiten, erh\u00f6hten Ebenen und R\u00fcckzugsorten, damit die Tiere ihre nat\u00fcrlichen Verhaltensweisen wie Hoppeln, Graben, Erkunden und Ruhen ausleben k\u00f6nnen.<\/p>\n<p data-start=\"1134\" data-end=\"1427\" data-is-last-node=\"\" data-is-only-node=\"\">Eine artgerechte Haltung in einer stabilen Gruppe ist entscheidend f\u00fcr ihr Wohlbefinden und ihre soziale Entwicklung. Umso mehr w\u00fcnschen wir uns f\u00fcr Akascha und ihre Mitbewohner ein Zuhause, in dem genau diese Bed\u00fcrfnisse erf\u00fcllt werden und sie endlich Sicherheit und F\u00fcrsorge erfahren d\u00fcrfen.<\/p>\n<p><strong><span class=\"fs13 cf1 ff1\">Bemerkung: <\/span><\/strong><span class=\"fs13 cf1 ff1\">Die Beschreibungen sind Momentaufnahmen des Tieres in unserem Tierheim. Jedes Tier kann sich im neuen Zuhause anders entwickeln.<\/span><\/p>\n","protected":false},"excerpt":{"rendered":"<p>Akascha ist gemeinsam mit weiteren Kaninchen aus dem Tierheim Marburg zu uns gekommen. Die kleine Gruppe hatte bisher kein sch\u00f6nes und unbeschwertes Leben, umso mehr w\u00fcnschen wir uns nun f\u00fcr&#8230;<\/p>\n","protected":false},"featured_media":40203,"template":"","meta":{"_piecal_is_event":false,"_piecal_start_date":"","_piecal_end_date":"","_piecal_is_allday":false},"product_cat":[111,112],"product_tag":[],"_links":{"self":[{"href":"https:\/\/tsv-giessen.de\/index.php?rest_route=\/wp\/v2\/product\/40118"}],"collection":[{"href":"https:\/\/tsv-giessen.de\/index.php?rest_route=\/wp\/v2\/product"}],"about":[{"href":"https:\/\/tsv-giessen.de\/index.php?rest_route=\/wp\/v2\/types\/product"}],"wp:featuredmedia":[{"embeddable":true,"href":"https:\/\/tsv-giessen.de\/index.php?rest_route=\/wp\/v2\/media\/40203"}],"wp:attachment":[{"href":"https:\/\/tsv-giessen.de\/index.php?rest_route=%2Fwp%2Fv2%2Fmedia&parent=40118"}],"wp:term":[{"taxonomy":"product_cat","embeddable":true,"href":"https:\/\/tsv-giessen.de\/index.php?rest_route=%2Fwp%2Fv2%2Fproduct_cat&post=40118"},{"taxonomy":"product_tag","embeddable":true,"href":"https:\/\/tsv-giessen.de\/index.php?rest_route=%2Fwp%2Fv2%2Fproduct_tag&post=40118"}],"curies":[{"name":"wp","href":"https:\/\/api.w.org\/{rel}","templated":true}]}}