{"id":40117,"date":"2026-04-29T14:50:53","date_gmt":"2026-04-29T12:50:53","guid":{"rendered":"https:\/\/tsv-giessen.de\/?post_type=product&#038;p=40117"},"modified":"2026-05-07T23:29:29","modified_gmt":"2026-05-07T21:29:29","slug":"aubergine-und-moehre","status":"publish","type":"product","link":"https:\/\/tsv-giessen.de\/?product=aubergine-und-moehre","title":{"rendered":"Aubergine und M\u00f6hre"},"content":{"rendered":"<p>Aubergine und M\u00f6hre wurden bei uns abgegeben, da es Familienzuwachs gab und leider nicht mehr gen\u00fcgend Zeit da war, sich angemessen um die beiden zu k\u00fcmmern. Die beiden M\u00fcmmelm\u00e4nner suchen nun neue Wirkungskreise. Sehr freuen w\u00fcrde es sie, zu einem oder mehreren netten Weibchen zu ziehen. Wie sie mit anderen Kaninchen abgesehen voneinander sind, k\u00f6nnen wir aktuell noch nicht sagen, da die Vergesellschaftung mit anderen Kaninchen noch folgt.<br \/>\nFragen Sie gerne nach dem aktuellen Wissen \u00fcber die beiden nach.<\/p>\n<p>Auf jeden Fall brauchen Kaninchen viel Platz. Mindestens 6 qm Auslauf f\u00fcr ein P\u00e4rchen und f\u00fcr jedes weitere Tier 20% Fl\u00e4che mehr, damit sich all nach Lust und Laune austoben k\u00f6nnen. Das erfreut jedes Kaninchenherz.<\/p>\n<p>Noch ein kleiner Hinweis im Namen unserer Kaninchen: wir wissen, dass sie superweich aussehen (und auch sind). Und so gro\u00df das Verlangen auch sein kann, es einfach hoch zu nehmen und zu kuscheln, zeigt man Kaninchen damit nicht wie lieb man sie hat, sondern macht ihnen Angst. Damit sich M\u00f6hre un Aubergine in ihrer Familie richtig wohl f\u00fchlen k\u00f6nnen, sollte man mit allen Familienmitgliedern die Anstandsregeln von Kaninchen einmal durchgehen. Sie freuen sich, wenn man ihnen Zeit gibt ihre Umgebung und ihre Menschen freiwillig zu erkunden. Daf\u00fcr kann man sich einfach ruhig neben oder in das Gehege setzen und die Tiere beobachten. Gute Leckerlies helfen auch dabei, dass Kaninchen beginnen ihre Menschen toll zu finden. Dann kommen sie h\u00e4ufig von ganz alleine.<\/p>\n<p>M\u00f6hre oder Aubergine haben Ihr Interesse geweckt? Dann melden Sie sich gerne bei uns. Wir beraten gerne zu den einzelnen Tieren, ihre Vertr\u00e4glichkeit und zur Vergesellschaftung mit weiteren Kaninchen.<\/p>\n<p><strong><span class=\"fs13 cf1 ff1\">Bemerkung: <\/span><\/strong><span class=\"fs13 cf1 ff1\">Die Beschreibungen sind Momentaufnahmen des Tieres in unserem Tierheim. Jedes Tier kann sich im neuen Zuhause anders entwickeln.<\/span><\/p>\n","protected":false},"excerpt":{"rendered":"<p>Aubergine und M\u00f6hre wurden bei uns abgegeben, da es Familienzuwachs gab und leider nicht mehr gen\u00fcgend Zeit da war, sich angemessen um die beiden zu k\u00fcmmern. Die beiden M\u00fcmmelm\u00e4nner suchen&#8230;<\/p>\n","protected":false},"featured_media":40204,"template":"","meta":{"_piecal_is_event":false,"_piecal_start_date":"","_piecal_end_date":"","_piecal_is_allday":false},"product_cat":[111,112],"product_tag":[],"_links":{"self":[{"href":"https:\/\/tsv-giessen.de\/index.php?rest_route=\/wp\/v2\/product\/40117"}],"collection":[{"href":"https:\/\/tsv-giessen.de\/index.php?rest_route=\/wp\/v2\/product"}],"about":[{"href":"https:\/\/tsv-giessen.de\/index.php?rest_route=\/wp\/v2\/types\/product"}],"wp:featuredmedia":[{"embeddable":true,"href":"https:\/\/tsv-giessen.de\/index.php?rest_route=\/wp\/v2\/media\/40204"}],"wp:attachment":[{"href":"https:\/\/tsv-giessen.de\/index.php?rest_route=%2Fwp%2Fv2%2Fmedia&parent=40117"}],"wp:term":[{"taxonomy":"product_cat","embeddable":true,"href":"https:\/\/tsv-giessen.de\/index.php?rest_route=%2Fwp%2Fv2%2Fproduct_cat&post=40117"},{"taxonomy":"product_tag","embeddable":true,"href":"https:\/\/tsv-giessen.de\/index.php?rest_route=%2Fwp%2Fv2%2Fproduct_tag&post=40117"}],"curies":[{"name":"wp","href":"https:\/\/api.w.org\/{rel}","templated":true}]}}