{"id":40115,"date":"2026-04-29T14:39:56","date_gmt":"2026-04-29T12:39:56","guid":{"rendered":"https:\/\/tsv-giessen.de\/?post_type=product&#038;p=40115"},"modified":"2026-04-29T14:48:44","modified_gmt":"2026-04-29T12:48:44","slug":"rabbit-und-sunny","status":"publish","type":"product","link":"https:\/\/tsv-giessen.de\/?product=rabbit-und-sunny","title":{"rendered":"Rabbit und Sunny"},"content":{"rendered":"<p>Rabbit und Sunny wurden letztes Jahr von uns vermittelt. Leider sind die beiden zur\u00fcckgekommen, da sie auf einmal angefangen haben, einander zu bei\u00dfen. Mehrere Vergesellschaftungsversuche vor Ort haben leider nicht geklappt, weswegen sich die Besitzer schweren Herzens dazu entschlossen haben, die beiden wieder in unsere Obhut zu geben, mit der Hoffnung, dass sie hier neue Partner finden.<br \/>\nWir wollten die beiden aber doch noch nicht aufgeben, und haben einen allerletzten Versuch gestartet, sie wieder aneinander zu gew\u00f6hnen und nach wochenlanger, langsamer Angew\u00f6hnung aneinander sitzen sie nun seit 2 Wochen wieder friedlich zusammen, kuscheln und putzen sich.<br \/>\nNat\u00fcrlich kann nie augeschlossen werden, dass sie sich in Zukunft mal wieder verzanken und man wieder Vergesellschaftungsschritte unternehmen muss, dies sollte neuen Besitzern bewusst sein.<br \/>\nTrotzdem w\u00fcrden wir sie gerne zusammen vermitteln, am besten als Zweier-Kombi ohne weitere Kaninchen.<br \/>\nRabbit ist ziemlich forsch und frech, auch Menschen gegen\u00fcber und wenn es Futter gibt, klettert er auch schon mal an einem hoch, wenn es ihm nicht schnell genug geht.<br \/>\nSunny wiederum ist eher zur\u00fcckhaltend und beobachtet lieber erst einmal aus der Entfernung. Wenn man etwas dabei sitzt und Ruhe herrscht, kommt er aber durchaus auch aus sich heraus und schaut mal, ob man nicht doch ein Leckerli ergattern kann.<\/p>\n<p>Auf jeden Fall brauchen Kaninchen viel Platz. Mindestens 6 qm Auslauf f\u00fcr ein P\u00e4rchen und f\u00fcr jedes weitere Tier 20% Fl\u00e4che mehr, damit sich all nach Lust und Laune austoben k\u00f6nnen. Das erfreut jedes Kaninchenherz.<\/p>\n<p>Noch ein kleiner Hinweis im Namen unserer Kaninchen: wir wissen, dass sie superweich aussehen (und auch sind). Und so gro\u00df das Verlangen auch sein kann, es einfach hoch zu nehmen und zu kuscheln, zeigt man Kaninchen damit nicht wie lieb man sie hat, sondern macht ihnen Angst. Damit sich Sunny und Rabbit in ihrer Familie richtig wohl f\u00fchlen k\u00f6nnen, sollte man mit allen Familienmitgliedern die Anstandsregeln von Kaninchen einmal durchgehen. Sie freuen sich, wenn man ihnen Zeit gibt ihre Umgebung und ihre Menschen freiwillig zu erkunden. Daf\u00fcr kann man sich einfach ruhig neben oder in das Gehege setzen und die Tiere beobachten. Gute Leckerlies helfen auch dabei, dass Kaninchen beginnen ihre Menschen toll zu finden. Dann kommen sie h\u00e4ufig von ganz alleine.<\/p>\n<p>Sunny und Rabbit haben Ihr Interesse geweckt? Dann melden Sie sich gerne bei uns. Wir beraten gerne zu den einzelnen Tieren, ihrer Vertr\u00e4glichkeit und zur Vergesellschaftung mit weiteren Kaninchen.<\/p>\n<p><strong><span class=\"fs13 cf1 ff1\">Bemerkung: <\/span><\/strong><span class=\"fs13 cf1 ff1\">Die Beschreibungen sind Momentaufnahmen des Tieres in unserem Tierheim. Jedes Tier kann sich im neuen Zuhause anders entwickeln.<\/span><\/p>\n","protected":false},"excerpt":{"rendered":"<p>Rabbit und Sunny wurden letztes Jahr von uns vermittelt. Leider sind die beiden zur\u00fcckgekommen, da sie auf einmal angefangen haben, einander zu bei\u00dfen. Mehrere Vergesellschaftungsversuche vor Ort haben leider nicht&#8230;<\/p>\n","protected":false},"featured_media":40094,"template":"","meta":{"_piecal_is_event":false,"_piecal_start_date":"","_piecal_end_date":"","_piecal_is_allday":false},"product_cat":[111,112],"product_tag":[],"_links":{"self":[{"href":"https:\/\/tsv-giessen.de\/index.php?rest_route=\/wp\/v2\/product\/40115"}],"collection":[{"href":"https:\/\/tsv-giessen.de\/index.php?rest_route=\/wp\/v2\/product"}],"about":[{"href":"https:\/\/tsv-giessen.de\/index.php?rest_route=\/wp\/v2\/types\/product"}],"wp:featuredmedia":[{"embeddable":true,"href":"https:\/\/tsv-giessen.de\/index.php?rest_route=\/wp\/v2\/media\/40094"}],"wp:attachment":[{"href":"https:\/\/tsv-giessen.de\/index.php?rest_route=%2Fwp%2Fv2%2Fmedia&parent=40115"}],"wp:term":[{"taxonomy":"product_cat","embeddable":true,"href":"https:\/\/tsv-giessen.de\/index.php?rest_route=%2Fwp%2Fv2%2Fproduct_cat&post=40115"},{"taxonomy":"product_tag","embeddable":true,"href":"https:\/\/tsv-giessen.de\/index.php?rest_route=%2Fwp%2Fv2%2Fproduct_tag&post=40115"}],"curies":[{"name":"wp","href":"https:\/\/api.w.org\/{rel}","templated":true}]}}