{"id":40114,"date":"2026-04-29T14:29:34","date_gmt":"2026-04-29T12:29:34","guid":{"rendered":"https:\/\/tsv-giessen.de\/?post_type=product&#038;p=40114"},"modified":"2026-05-07T23:24:28","modified_gmt":"2026-05-07T21:24:28","slug":"apas-prithvi-tejas-und-vayu","status":"publish","type":"product","link":"https:\/\/tsv-giessen.de\/?product=apas-prithvi-tejas-und-vayu","title":{"rendered":"Apas, Prithvi, Tejas und Vayu"},"content":{"rendered":"<p>Diese vier fast identischen Hasendamen haben wir zusammen mit Akasha von unserem befreundeten Tierheim Marburg \u00fcbernommen, um deren Platznot ein wenig zu verringern. DIe vier Damen sitzen in unseren Au\u00dfend\u00f6rfern. Sie kommen miteinander gut klar, aber die Wunden an den Ohren erz\u00e4hlen von nicht so guten Geschichten mit anderen Kaninchen. Ob dies von ihnen ausging oder von potentiellen anderen Tieren, k\u00f6nnen wir aktuell noch nicht sagen, da sie noch nicht mit weiteren Kaninchen vergesellschaftet wurden.<\/p>\n<p>Sie wollen gerne zu einem kastrierten B\u00f6ckchen ziehen. Auch zu zweit ziehen sie gerne aus, auch hierbei sollte man sich aber \u00fcberlegen, ob man sich nicht auch hierzu ein M\u00e4nnchen holen m\u00f6chte, da dies f\u00fcr die Kaninchen h\u00e4ufig eine angenehmere Gruppenkonstellation ist.<\/p>\n<p>Auf jeden Fall brauchen Kaninchen viel Platz. Mindestens 6 qm Auslauf f\u00fcr ein P\u00e4rchen und f\u00fcr jedes weitere Tier 20% Fl\u00e4che mehr, damit sich all nach Lust und Laune austoben k\u00f6nnen. Das erfreut jedes Kaninchenherz.<\/p>\n<p>Noch ein kleiner Hinweis im Namen unserer Kaninchen: wir wissen, dass sie superweich aussehen (und auch sind). Und so gro\u00df das Verlangen auch sein kann, es einfach hoch zu nehmen und zu kuscheln, zeigt man Kaninchen damit nicht wie lieb man sie hat, sondern macht ihnen Angst. Damit sich die vier Damen in ihrer Familie richtig wohl f\u00fchlen k\u00f6nnen, sollte man mit allen Familienmitgliedern die Anstandsregeln von Kaninchen einmal durchgehen. Sie freuen sich, wenn man ihnen Zeit gibt ihre Umgebung und ihre Menschen freiwillig zu erkunden. Daf\u00fcr kann man sich einfach ruhig neben oder in das Gehege setzen und die Tiere beobachten. Gute Leckerlies helfen auch dabei, dass Kaninchen beginnen ihre Menschen toll zu finden. Dann kommen sie h\u00e4ufig von ganz alleine.<\/p>\n<p>Apas, Prithvi, Tejas oder Vayu haben Ihr Interesse geweckt? Dann melden Sie sich gerne bei uns. Wir beraten gerne zu den einzelnen Tieren, ihrer Vertr\u00e4glichkeit und zur Vergesellschaftung mit weiteren Kaninchen.<\/p>\n<p><strong><span class=\"fs13 cf1 ff1\">Bemerkung: <\/span><\/strong><span class=\"fs13 cf1 ff1\">Die Beschreibungen sind Momentaufnahmen des Tieres in unserem Tierheim. Jedes Tier kann sich im neuen Zuhause anders entwickeln.<\/span><\/p>\n","protected":false},"excerpt":{"rendered":"<p>Diese vier fast identischen Hasendamen haben wir zusammen mit Akasha von unserem befreundeten Tierheim Marburg \u00fcbernommen, um deren Platznot ein wenig zu verringern. DIe vier Damen sitzen in unseren Au\u00dfend\u00f6rfern&#8230;.<\/p>\n","protected":false},"featured_media":40202,"template":"","meta":{"_piecal_is_event":false,"_piecal_start_date":"","_piecal_end_date":"","_piecal_is_allday":false},"product_cat":[111,112],"product_tag":[],"_links":{"self":[{"href":"https:\/\/tsv-giessen.de\/index.php?rest_route=\/wp\/v2\/product\/40114"}],"collection":[{"href":"https:\/\/tsv-giessen.de\/index.php?rest_route=\/wp\/v2\/product"}],"about":[{"href":"https:\/\/tsv-giessen.de\/index.php?rest_route=\/wp\/v2\/types\/product"}],"wp:featuredmedia":[{"embeddable":true,"href":"https:\/\/tsv-giessen.de\/index.php?rest_route=\/wp\/v2\/media\/40202"}],"wp:attachment":[{"href":"https:\/\/tsv-giessen.de\/index.php?rest_route=%2Fwp%2Fv2%2Fmedia&parent=40114"}],"wp:term":[{"taxonomy":"product_cat","embeddable":true,"href":"https:\/\/tsv-giessen.de\/index.php?rest_route=%2Fwp%2Fv2%2Fproduct_cat&post=40114"},{"taxonomy":"product_tag","embeddable":true,"href":"https:\/\/tsv-giessen.de\/index.php?rest_route=%2Fwp%2Fv2%2Fproduct_tag&post=40114"}],"curies":[{"name":"wp","href":"https:\/\/api.w.org\/{rel}","templated":true}]}}