{"id":39736,"date":"2026-04-21T16:37:08","date_gmt":"2026-04-21T14:37:08","guid":{"rendered":"https:\/\/tsv-giessen.de\/?post_type=product&#038;p=39736"},"modified":"2026-04-21T16:45:25","modified_gmt":"2026-04-21T14:45:25","slug":"murphy","status":"publish","type":"product","link":"https:\/\/tsv-giessen.de\/?product=murphy","title":{"rendered":"Murphy"},"content":{"rendered":"<p data-start=\"0\" data-end=\"291\">Hund Murphy ist aus einem befreundeten Tierheim zu uns gekommen und noch nicht lange bei uns. Was wir aber jetzt schon sagen k\u00f6nnen: Kuscheln ist f\u00fcr ihn das Allergr\u00f6\u00dfte. Ganz egal, wer zu ihm kommt \u2013 Murphy wirft sich sofort auf den R\u00fccken und genie\u00dft jede Streicheleinheit in vollen Z\u00fcgen.<\/p>\n<p data-start=\"293\" data-end=\"526\">Im Alltag braucht er aktuell noch etwas Sicherheit, denn der h\u00fcbsche R\u00fcde ist manchmal ein kleines Hasenherz. Jetzt darf er erst einmal in Ruhe bei uns ankommen, Vertrauen fassen und wir lernen ihn Schritt f\u00fcr Schritt besser kennen.<\/p>\n<p data-start=\"528\" data-end=\"587\" data-is-last-node=\"\" data-is-only-node=\"\">Sobald es Neuigkeiten gibt, werden wir nat\u00fcrlich berichten.<\/p>\n","protected":false},"excerpt":{"rendered":"<p>Hund Murphy ist aus einem befreundeten Tierheim zu uns gekommen und noch nicht lange bei uns. Was wir aber jetzt schon sagen k\u00f6nnen: Kuscheln ist f\u00fcr ihn das Allergr\u00f6\u00dfte. Ganz&#8230;<\/p>\n","protected":false},"featured_media":39737,"template":"","meta":{"_piecal_is_event":false,"_piecal_start_date":"","_piecal_end_date":"","_piecal_is_allday":false},"product_cat":[41,58],"product_tag":[],"_links":{"self":[{"href":"https:\/\/tsv-giessen.de\/index.php?rest_route=\/wp\/v2\/product\/39736"}],"collection":[{"href":"https:\/\/tsv-giessen.de\/index.php?rest_route=\/wp\/v2\/product"}],"about":[{"href":"https:\/\/tsv-giessen.de\/index.php?rest_route=\/wp\/v2\/types\/product"}],"wp:featuredmedia":[{"embeddable":true,"href":"https:\/\/tsv-giessen.de\/index.php?rest_route=\/wp\/v2\/media\/39737"}],"wp:attachment":[{"href":"https:\/\/tsv-giessen.de\/index.php?rest_route=%2Fwp%2Fv2%2Fmedia&parent=39736"}],"wp:term":[{"taxonomy":"product_cat","embeddable":true,"href":"https:\/\/tsv-giessen.de\/index.php?rest_route=%2Fwp%2Fv2%2Fproduct_cat&post=39736"},{"taxonomy":"product_tag","embeddable":true,"href":"https:\/\/tsv-giessen.de\/index.php?rest_route=%2Fwp%2Fv2%2Fproduct_tag&post=39736"}],"curies":[{"name":"wp","href":"https:\/\/api.w.org\/{rel}","templated":true}]}}