{"id":39733,"date":"2026-04-21T12:56:46","date_gmt":"2026-04-21T10:56:46","guid":{"rendered":"https:\/\/tsv-giessen.de\/?post_type=product&#038;p=39733"},"modified":"2026-04-21T13:11:43","modified_gmt":"2026-04-21T11:11:43","slug":"samson","status":"publish","type":"product","link":"https:\/\/tsv-giessen.de\/?product=samson","title":{"rendered":"Samson"},"content":{"rendered":"<p data-start=\"124\" data-end=\"325\">Samson wurde in Buseck gefunden \u2013 ohne Kennzeichnung, nicht kastriert und von niemandem vermisst. Woher er kam, wissen wir nicht. Aber inzwischen ist klar: Dieser Kater ist bereit, irgendwo anzukommen.<\/p>\n<p data-start=\"327\" data-end=\"608\">Mittlerweile ist Samson tier\u00e4rztlich rundum versorgt und startklar f\u00fcr sein F\u00fcr-immer-Zuhause. Ein Zuhause, in dem er ankommen darf \u2013 und auch wieder hinaus: (gesicherter) Freigang sollte f\u00fcr ihn unbedingt m\u00f6glich sein, denn Samson ist neugierig und m\u00f6chte seine Umgebung erkunden.<\/p>\n<p data-start=\"610\" data-end=\"870\">Charakterlich zeigt er sich freundlich, aufgeschlossen und verschmust. Anfangs geht er neuen Menschen gegen\u00fcber noch etwas auf Abstand und schaut sich alles in Ruhe an. Doch das Eis ist schnell gebrochen \u2013 und dann zeigt er seine zutrauliche, liebevolle Seite.<\/p>\n<p data-start=\"872\" data-end=\"1061\">Mit anderen Katzen kommt Samson grunds\u00e4tzlich zurecht, braucht sie aber nicht zwingend zum Gl\u00fccklichsein. Er w\u00e4re sowohl als Einzelkater als auch mit passender Gesellschaft gut vorstellbar.<\/p>\n<p data-start=\"1063\" data-end=\"1168\">Samson ist ein unkomplizierter, sympathischer Kater, der einfach jemanden sucht, bei dem er bleiben darf.<\/p>\n<p data-start=\"1170\" data-end=\"1278\">Wer gibt diesem kleinen Entdecker die Chance auf sein eigenes Revier und ein Zuhause voller Geborgenheit? \ud83d\udc9b<\/p>\n<p><strong>Bemerkung:<\/strong><br \/>\nDie Beschreibungen sind Momentaufnahmen des Tieres in unserem Tierheim. Jedes Tier kann sich im neuen Zuhause anders entwickeln.<\/p>\n","protected":false},"excerpt":{"rendered":"<p>Samson wurde in Buseck gefunden \u2013 ohne Kennzeichnung, nicht kastriert und von niemandem vermisst. Woher er kam, wissen wir nicht. Aber inzwischen ist klar: Dieser Kater ist bereit, irgendwo anzukommen&#8230;.<\/p>\n","protected":false},"featured_media":39734,"template":"","meta":{"_piecal_is_event":false,"_piecal_start_date":"","_piecal_end_date":"","_piecal_is_allday":false},"product_cat":[59,60],"product_tag":[],"_links":{"self":[{"href":"https:\/\/tsv-giessen.de\/index.php?rest_route=\/wp\/v2\/product\/39733"}],"collection":[{"href":"https:\/\/tsv-giessen.de\/index.php?rest_route=\/wp\/v2\/product"}],"about":[{"href":"https:\/\/tsv-giessen.de\/index.php?rest_route=\/wp\/v2\/types\/product"}],"wp:featuredmedia":[{"embeddable":true,"href":"https:\/\/tsv-giessen.de\/index.php?rest_route=\/wp\/v2\/media\/39734"}],"wp:attachment":[{"href":"https:\/\/tsv-giessen.de\/index.php?rest_route=%2Fwp%2Fv2%2Fmedia&parent=39733"}],"wp:term":[{"taxonomy":"product_cat","embeddable":true,"href":"https:\/\/tsv-giessen.de\/index.php?rest_route=%2Fwp%2Fv2%2Fproduct_cat&post=39733"},{"taxonomy":"product_tag","embeddable":true,"href":"https:\/\/tsv-giessen.de\/index.php?rest_route=%2Fwp%2Fv2%2Fproduct_tag&post=39733"}],"curies":[{"name":"wp","href":"https:\/\/api.w.org\/{rel}","templated":true}]}}