{"id":39671,"date":"2026-04-16T10:44:11","date_gmt":"2026-04-16T08:44:11","guid":{"rendered":"https:\/\/tsv-giessen.de\/?post_type=product&#038;p=39671"},"modified":"2026-04-16T10:54:00","modified_gmt":"2026-04-16T08:54:00","slug":"yoko-und-akido","status":"publish","type":"product","link":"https:\/\/tsv-giessen.de\/?product=yoko-und-akido","title":{"rendered":"Yoko und Akido"},"content":{"rendered":"<p>Zwei Hunde suchen dringend ein passendes Zuhause<\/p>\n<p>&nbsp;<\/p>\n<p>Ich suche dringend ein neues Zuhause f\u00fcr meine beiden Hunde Yoko und Akido, da meine aktuelle Situation dauerhaft nicht mehr tragbar ist.<\/p>\n<p>Ich lebe seit \u00fcber zwei Jahren alleine mit beiden Hunden bei Vollzeit-Berufst\u00e4tigkeit, ohne Unterst\u00fctzung oder Betreuungsm\u00f6glichkeiten.<\/p>\n<p>Zus\u00e4tzlich hat sich meine Tierhaarallergie deutlich verschlechtert, und auch gesundheitlich bin ich inzwischen eingeschr\u00e4nkt, sodass ich den Hunden nicht mehr gerecht werden kann.<\/p>\n<p>Eine weitere Versorgung in diesem Rahmen ist f\u00fcr mich nicht mehr leistbar.<\/p>\n<p>&nbsp;<\/p>\n<p><u>Yoko (geb. 2014)<\/u><\/p>\n<p><u>\u00a0<\/u><\/p>\n<ul>\n<li>kleiner Mischling (ca. 30 cm, kastriert)<\/li>\n<li>ruhig, sensibel, eher zur\u00fcckhaltend<\/li>\n<li>braucht eine entspannte, stabile Umgebung<\/li>\n<li>gesundheitlich vorbelastet (Herzmedikation, Arthrose sowie seltene epileptische Anf\u00e4lle, ca. 1\u00d7 j\u00e4hrlich, keine Medikation erforderlich), altersbedingt eingeschr\u00e4nkt<\/li>\n<\/ul>\n<p>&nbsp;<\/p>\n<p><u>Akido (geb. 2016)<\/u><\/p>\n<p><u>\u00a0<\/u><\/p>\n<ul>\n<li>Mischling (ca. 35 cm, unkastriert)<\/li>\n<li>aktiv, anh\u00e4nglich, menschenbezogen<\/li>\n<li>kann nicht alleine bleiben (Trennungsangst)<\/li>\n<li>Futtermittelallergie vorhanden<\/li>\n<li>erh\u00e4lt aktuell unterst\u00fctzend Medikamente aufgrund seiner Trennungsproblematik<\/li>\n<\/ul>\n<p>&nbsp;<\/p>\n<p><u>Wichtig:<\/u><\/p>\n<p>Beide leben seit vielen Jahren zusammen und sind ein eingespieltes Team.<\/p>\n<p>Ich m\u00f6chte sie nur gemeinsam vermitteln.<\/p>\n<p>&nbsp;<\/p>\n<p><u>Bitte melden Sie sich nur, wenn folgende Punkte wirklich passen:<\/u><\/p>\n<p><u>\u00a0<\/u><\/p>\n<ul>\n<li>Akido kann nicht alleine bleiben<\/li>\n<li>Sie haben ausreichend Zeit (z. B. Rentner oder dauerhaft im Homeoffice)<\/li>\n<li>Erfahrung mit sensiblen bzw. \u00e4lteren Hunden ist sinnvoll<\/li>\n<li>Bereitschaft f\u00fcr Tierarztkosten und Spezialfutter ist vorhanden<\/li>\n<li>ruhiges Umfeld, idealerweise ohne viel Trubel (z. B. Stadtrand oder l\u00e4ndlich)<\/li>\n<li>kein Haushalt mit kleinen Kindern<\/li>\n<li>keine Katzen im Haushalt<\/li>\n<\/ul>\n<p>&nbsp;<\/p>\n<p>Mir ist bewusst, dass es keine einfache Vermittlung ist. Gerade deshalb ist es mir wichtig, von Anfang an ehrlich zu sein und eine dauerhafte, verl\u00e4ssliche L\u00f6sung f\u00fcr beide zu finden.<\/p>\n<p>&nbsp;<\/p>\n<p>Kontakt telefonisch oder per WhatsApp m\u00f6glich: 0171-4606326<\/p>\n","protected":false},"excerpt":{"rendered":"<p>Zwei Hunde suchen dringend ein passendes Zuhause &nbsp; Ich suche dringend ein neues Zuhause f\u00fcr meine beiden Hunde Yoko und Akido, da meine aktuelle Situation dauerhaft nicht mehr tragbar ist&#8230;.<\/p>\n","protected":false},"featured_media":39673,"template":"","meta":{"_piecal_is_event":false,"_piecal_start_date":"","_piecal_end_date":"","_piecal_is_allday":false},"product_cat":[159],"product_tag":[],"_links":{"self":[{"href":"https:\/\/tsv-giessen.de\/index.php?rest_route=\/wp\/v2\/product\/39671"}],"collection":[{"href":"https:\/\/tsv-giessen.de\/index.php?rest_route=\/wp\/v2\/product"}],"about":[{"href":"https:\/\/tsv-giessen.de\/index.php?rest_route=\/wp\/v2\/types\/product"}],"wp:featuredmedia":[{"embeddable":true,"href":"https:\/\/tsv-giessen.de\/index.php?rest_route=\/wp\/v2\/media\/39673"}],"wp:attachment":[{"href":"https:\/\/tsv-giessen.de\/index.php?rest_route=%2Fwp%2Fv2%2Fmedia&parent=39671"}],"wp:term":[{"taxonomy":"product_cat","embeddable":true,"href":"https:\/\/tsv-giessen.de\/index.php?rest_route=%2Fwp%2Fv2%2Fproduct_cat&post=39671"},{"taxonomy":"product_tag","embeddable":true,"href":"https:\/\/tsv-giessen.de\/index.php?rest_route=%2Fwp%2Fv2%2Fproduct_tag&post=39671"}],"curies":[{"name":"wp","href":"https:\/\/api.w.org\/{rel}","templated":true}]}}