{"id":39665,"date":"2026-04-16T10:29:45","date_gmt":"2026-04-16T08:29:45","guid":{"rendered":"https:\/\/tsv-giessen.de\/?post_type=product&#038;p=39665"},"modified":"2026-04-16T10:39:45","modified_gmt":"2026-04-16T08:39:45","slug":"milow","status":"publish","type":"product","link":"https:\/\/tsv-giessen.de\/?product=milow","title":{"rendered":"Milow"},"content":{"rendered":"<p>Geboren am 11.11.25<br \/>\nRasse: Magyar Vizsla, Eltern nicht jagdlich gef\u00fchrt<br \/>\nGeschlecht: m\u00e4nnlich<br \/>\nHerkunft: Limburg<br \/>\nMilow ist stubenrein, schl\u00e4ft nachts durch und verh\u00e4lt sich altersentsprechend neugierig und<br \/>\nlebhaft. Er arbeitet gerne mit der Nase und ist dann sehr konzentriert.<br \/>\nIm Zusammensein mit Artgenossen zeigt er sich sozial und fordert sie zum Spielen auf,<br \/>\nfremden Menschen begegnet er ohne Angst und zugewandt, springt aber gerne an ihnen<br \/>\nhoch. Wie er sich Kindern gegen\u00fcber verh\u00e4lt, konnten wir noch nicht ausreichend testen.<br \/>\nEr zeigt sich rassetypisch verschmust, aber auch ungest\u00fcm.<br \/>\nEr kennt einzelne Grundkommandos (\u201eSitz\u201c, \u201eDown\u201c, \u201eBleib\u201c) und ist mit Freude bei<br \/>\naktiven Unternehmungen, z.B. Parcours mit Wippe, Tunnel etc., dabei.<br \/>\nBei den bisherigen kurzen Autofahrten war er weder \u00e4ngstlich, noch zeigte er Anzeichen<br \/>\nvon \u00dcbelkeit.<br \/>\nAn seiner Frustationstoleranz muss noch gearbeitet werden, das Alleinebleiben ist ein<br \/>\nweiteres \u00dcbungsfeld.<br \/>\nTrotz Hundeerfahrung zeigte sich nach einigen Wochen, dass wir die konsequente<br \/>\nErziehung in unserer aktuellen Situation nicht gew\u00e4hrleisten k\u00f6nnen. Daher haben wir uns<br \/>\nschweren Herzens entschieden, ihn in liebevolle und konsequente H\u00e4nde abzugeben, die<br \/>\nihm ein Leben erm\u00f6glichen, das seinen Bed\u00fcrfnissen gerecht wird.<br \/>\nF\u00fcr Menschen, die Freude daran haben, seine Energie in geordnete Bahnen zu lenken, wird<br \/>\ner sicher ein treuer Begleiter werden.<br \/>\nMilow ist gechipt und geimpft, ein Herkunftsnachweis (Stammbaum) ist ebenfalls<br \/>\nvorhanden.<br \/>\nKontakt:<br \/>\nBirgit u. Torsten Becker, Marburg<br \/>\nTel.: 06421 47222 oder 0173 996 0 585<br \/>\nPreis: VS<\/p>\n","protected":false},"excerpt":{"rendered":"<p>Geboren am 11.11.25 Rasse: Magyar Vizsla, Eltern nicht jagdlich gef\u00fchrt Geschlecht: m\u00e4nnlich Herkunft: Limburg Milow ist stubenrein, schl\u00e4ft nachts durch und verh\u00e4lt sich altersentsprechend neugierig und lebhaft. Er arbeitet gerne&#8230;<\/p>\n","protected":false},"featured_media":39669,"template":"","meta":{"_piecal_is_event":false,"_piecal_start_date":"","_piecal_end_date":"","_piecal_is_allday":false},"product_cat":[159],"product_tag":[],"_links":{"self":[{"href":"https:\/\/tsv-giessen.de\/index.php?rest_route=\/wp\/v2\/product\/39665"}],"collection":[{"href":"https:\/\/tsv-giessen.de\/index.php?rest_route=\/wp\/v2\/product"}],"about":[{"href":"https:\/\/tsv-giessen.de\/index.php?rest_route=\/wp\/v2\/types\/product"}],"wp:featuredmedia":[{"embeddable":true,"href":"https:\/\/tsv-giessen.de\/index.php?rest_route=\/wp\/v2\/media\/39669"}],"wp:attachment":[{"href":"https:\/\/tsv-giessen.de\/index.php?rest_route=%2Fwp%2Fv2%2Fmedia&parent=39665"}],"wp:term":[{"taxonomy":"product_cat","embeddable":true,"href":"https:\/\/tsv-giessen.de\/index.php?rest_route=%2Fwp%2Fv2%2Fproduct_cat&post=39665"},{"taxonomy":"product_tag","embeddable":true,"href":"https:\/\/tsv-giessen.de\/index.php?rest_route=%2Fwp%2Fv2%2Fproduct_tag&post=39665"}],"curies":[{"name":"wp","href":"https:\/\/api.w.org\/{rel}","templated":true}]}}