{"id":39656,"date":"2026-04-15T21:48:39","date_gmt":"2026-04-15T19:48:39","guid":{"rendered":"https:\/\/tsv-giessen.de\/?post_type=product&#038;p=39656"},"modified":"2026-04-15T21:54:00","modified_gmt":"2026-04-15T19:54:00","slug":"amira","status":"publish","type":"product","link":"https:\/\/tsv-giessen.de\/?product=amira","title":{"rendered":"Amira"},"content":{"rendered":"<p>Amira<\/p>\n<p>Mischlingsh\u00fcndin, unkastriert<\/p>\n<p>*02.11.2025<\/p>\n<p>Schulterh\u00f6he: ca. 40 cm (Stand: 06.04.2026)<\/p>\n<p>Gewicht: 11,5 kg (Stand: 06.04.2026)<\/p>\n<p>In einer Pflegestelle in 35794 Mengerskirchen<\/p>\n<p>Amira auf einen Blick:<\/p>\n<p>Intelligent, lernwillig, fr\u00f6hlich, neugierig, menschenbezogen, verschmust, vertr\u00e4glich, verspielt, kinderlieb, unkompliziert<\/p>\n<p>Amira hat ein ruhiges und \u00e4u\u00dferst fr\u00f6hliches Wesen<\/p>\n<p>Amiras Name ist eine Hommage an eine wunderbare H\u00fcndin namens Amira, die wir vor langer Zeit nach Deutschland vermitteln durften. Der Name stammt aus dem Persischen und bedeutet \u201ePrinzessin\u201c oder \u201eAnf\u00fchrerin\u201c. Er wird h\u00e4ufig mit Eleganz, St\u00e4rke und einer gewissen k\u00f6niglichen Ausstrahlung verbunden \u2013 Eigenschaften, die auch gut zu dieser jungen H\u00fcndin passen.<\/p>\n<p>Amira zeigt sich als freundliche, ausgeglichene und sehr angenehme H\u00fcndin. Sie ist intelligent, lernwillig und lernt schnell.. Sie zeigt eine altersgerechte Verspieltheit und begegnet neuen Situationen und Eindr\u00fccken neugierig. Anf\u00e4ngliche Unsicherheit verliert sie nach erstem Kennenlernen schnell und zeigt im Anschluss ein souver\u00e4nes Verhalten. Insgesamt wirkt sie fr\u00f6hlich und ausgeglichen, ohne dabei \u00fcberm\u00e4\u00dfig lebhaft oder fordernd zu sein. Sie kann ihre Freude sehr gut zeigen und es ist ganz reizend, wie sie dabei auf allen Vieren hopst.<\/p>\n<p>Menschen gegen\u00fcber ist Amira sehr aufgeschlossen. Sie sucht die N\u00e4he, ist verschmust und genie\u00dft den Kontakt zu ihren Bezugspersonen. Auch mit anderen Hunden ist sie gut vertr\u00e4glich und zeigt sich verspielt, sowohl im Kontakt mit Artgenossen als auch mit Menschen. Amira ist auch mit Katzen und H\u00fchnern kompatibel.<\/p>\n<p>Kinder kennt Amira bereits. Aktuell lebt sie mit zwei Kleinkindern in ihrer Pflegefamilie zusammen. Sie ist kinderlieb und verh\u00e4lt sich ihnen gegen\u00fcber freundlich und zugewandt. Besonders gerne besch\u00e4ftigt sie sich mit weichem Hundespielzeug.<\/p>\n<p>Sie ist zutraulich, nicht dominant und zeigt weder Futterneid noch Jagdtrieb. Amira bellt wenig und f\u00e4hrt brav im Auto mit. Gelegentlich kann es dabei zu \u00dcbelkeit kommen, was aber aktuell mit zunehmender \u00dcbung weniger wird.<\/p>\n<p>Aggressionen gegen\u00fcber Menschen oder anderen Hunden zeigt Amira nicht. Ebenso keine Verhaltensauff\u00e4lligkeiten. Sie ist eine unkomplizierte und umg\u00e4ngliche junge H\u00fcndin.<\/p>\n<p>Bei Amira und ihren Geschwistern Ayla, Alva und Atr\u00e9ju handelt es sich um Fundtiere, ihre Eltern sind daher unbekannt. Unser Tierarzt geht von einer Endgr\u00f6\u00dfe von etwa 45 cm aus.<\/p>\n<p>Amira ist f\u00fcr Familien mit Kindern sowie f\u00fcr Hundeanf\u00e4nger geeignet.<\/p>\n<p>Sie haben Interesse an Amira?<\/p>\n<p>Anfragen \u00fcber: https:\/\/www.tierschutz-griesand.de\/anfrage\/<\/p>\n<p>TierschutzAG.de<\/p>\n<p>Anja Griesand<\/p>\n<p>Info@TierschutzAG.de<\/p>\n<p><strong>Bemerkung:<\/strong><\/p>\n<p><span class=\"fs13 cf1 ff1\"> Beschreibungen sind Momentaufnahmen des Tieres.<\/span><span class=\"fs13 cf1 ff1\">\u00a0Jedes Tier kann sich im neuen Zuhause anders entwickeln.<\/span><\/p>\n","protected":false},"excerpt":{"rendered":"<p>Amira Mischlingsh\u00fcndin, unkastriert *02.11.2025 Schulterh\u00f6he: ca. 40 cm (Stand: 06.04.2026) Gewicht: 11,5 kg (Stand: 06.04.2026) In einer Pflegestelle in 35794 Mengerskirchen Amira auf einen Blick: Intelligent, lernwillig, fr\u00f6hlich, neugierig, menschenbezogen,&#8230;<\/p>\n","protected":false},"featured_media":39657,"template":"","meta":{"_piecal_is_event":false,"_piecal_start_date":"","_piecal_end_date":"","_piecal_is_allday":false},"product_cat":[1746],"product_tag":[],"_links":{"self":[{"href":"https:\/\/tsv-giessen.de\/index.php?rest_route=\/wp\/v2\/product\/39656"}],"collection":[{"href":"https:\/\/tsv-giessen.de\/index.php?rest_route=\/wp\/v2\/product"}],"about":[{"href":"https:\/\/tsv-giessen.de\/index.php?rest_route=\/wp\/v2\/types\/product"}],"wp:featuredmedia":[{"embeddable":true,"href":"https:\/\/tsv-giessen.de\/index.php?rest_route=\/wp\/v2\/media\/39657"}],"wp:attachment":[{"href":"https:\/\/tsv-giessen.de\/index.php?rest_route=%2Fwp%2Fv2%2Fmedia&parent=39656"}],"wp:term":[{"taxonomy":"product_cat","embeddable":true,"href":"https:\/\/tsv-giessen.de\/index.php?rest_route=%2Fwp%2Fv2%2Fproduct_cat&post=39656"},{"taxonomy":"product_tag","embeddable":true,"href":"https:\/\/tsv-giessen.de\/index.php?rest_route=%2Fwp%2Fv2%2Fproduct_tag&post=39656"}],"curies":[{"name":"wp","href":"https:\/\/api.w.org\/{rel}","templated":true}]}}