{"id":39654,"date":"2026-04-15T21:41:26","date_gmt":"2026-04-15T19:41:26","guid":{"rendered":"https:\/\/tsv-giessen.de\/?post_type=product&#038;p=39654"},"modified":"2026-04-15T21:47:39","modified_gmt":"2026-04-15T19:47:39","slug":"gnocchi","status":"publish","type":"product","link":"https:\/\/tsv-giessen.de\/?product=gnocchi","title":{"rendered":"Gnocchi"},"content":{"rendered":"<p>Gnocchi \u2013 junge Cane Corso H\u00fcndin sucht ihr Zuhause<\/p>\n<p>Gnocchi ist 14 Wochen alt, eine junge Cane Corso H\u00fcndin voller Energie und Lebensfreude. Leider wurde sie sehr un\u00fcberlegt angeschafft \u2013 die bisherigen Halter konnten sich aus gesundheitlichen Gr\u00fcnden nicht um sie k\u00fcmmern, sodass sie nun in einer unserer Pflegestellen untergebracht ist.<\/p>\n<p>Dort zeigt sie sich als typischer Junghund: verspielt, neugierig und manchmal auch ein kleines bisschen \u00fcberm\u00fctig. Gnocchi steht noch ganz am Anfang ihres Lebens und muss die Welt erst kennenlernen. Alles ist neu f\u00fcr sie \u2013 Regeln, Alltag, Vertrauen und Sicherheit.<\/p>\n<p>Der Cane Corso ist eine sehr gro\u00dfe, kr\u00e4ftige und imposante Molosser-Rasse, die zu den sogenannten Gebrauchshunden geh\u00f6rt. Sie w\u00e4chst zu einem stattlichen, muskul\u00f6sen Hund heran und braucht daher Menschen, die sich dieser Gr\u00f6\u00dfe und Kraft bewusst sind. Charakterlich gelten Cane Corso als loyal, wachsam, menschenbezogen und sehr bindungsstark. Sie sind intelligente Hunde, die eine klare, ruhige und konsequente F\u00fchrung ben\u00f6tigen, sowie eine gute Sozialisierung von Anfang an.<\/p>\n<p>Jetzt sucht Gnocchi Menschen, die sich bewusst f\u00fcr einen gro\u00dfen Hund entscheiden, ihr mit Ruhe und Geduld alles beibringen und ihr die Zeit geben, die sie braucht. Menschen, die verstehen, dass aus einem Welpen kein fertiger Hund wird, sondern dass er begleitet, erzogen und liebevoll gef\u00fchrt werden muss.<\/p>\n<p>Gnocchi w\u00fcnscht sich ein Zuhause, das ihr Sicherheit gibt und ihr zeigt, wie sch\u00f6n ein Hundeleben sein kann.<\/p>\n<p><strong>Bemerkung:<\/strong><\/p>\n<p><span class=\"fs13 cf1 ff1\"> Beschreibungen sind Momentaufnahmen des Tieres in unserem Tierheim. Jedes Tier kann sich im neuen Zuhause anders entwickeln.<\/span><\/p>\n","protected":false},"excerpt":{"rendered":"<p>Gnocchi \u2013 junge Cane Corso H\u00fcndin sucht ihr Zuhause Gnocchi ist 14 Wochen alt, eine junge Cane Corso H\u00fcndin voller Energie und Lebensfreude. Leider wurde sie sehr un\u00fcberlegt angeschafft \u2013&#8230;<\/p>\n","protected":false},"featured_media":39655,"template":"","meta":{"_piecal_is_event":false,"_piecal_start_date":"","_piecal_end_date":"","_piecal_is_allday":false},"product_cat":[41,98],"product_tag":[],"_links":{"self":[{"href":"https:\/\/tsv-giessen.de\/index.php?rest_route=\/wp\/v2\/product\/39654"}],"collection":[{"href":"https:\/\/tsv-giessen.de\/index.php?rest_route=\/wp\/v2\/product"}],"about":[{"href":"https:\/\/tsv-giessen.de\/index.php?rest_route=\/wp\/v2\/types\/product"}],"wp:featuredmedia":[{"embeddable":true,"href":"https:\/\/tsv-giessen.de\/index.php?rest_route=\/wp\/v2\/media\/39655"}],"wp:attachment":[{"href":"https:\/\/tsv-giessen.de\/index.php?rest_route=%2Fwp%2Fv2%2Fmedia&parent=39654"}],"wp:term":[{"taxonomy":"product_cat","embeddable":true,"href":"https:\/\/tsv-giessen.de\/index.php?rest_route=%2Fwp%2Fv2%2Fproduct_cat&post=39654"},{"taxonomy":"product_tag","embeddable":true,"href":"https:\/\/tsv-giessen.de\/index.php?rest_route=%2Fwp%2Fv2%2Fproduct_tag&post=39654"}],"curies":[{"name":"wp","href":"https:\/\/api.w.org\/{rel}","templated":true}]}}