{"id":39652,"date":"2026-04-15T14:56:19","date_gmt":"2026-04-15T12:56:19","guid":{"rendered":"https:\/\/tsv-giessen.de\/?post_type=product&#038;p=39652"},"modified":"2026-04-15T15:02:39","modified_gmt":"2026-04-15T13:02:39","slug":"patrick","status":"publish","type":"product","link":"https:\/\/tsv-giessen.de\/?product=patrick","title":{"rendered":"Patrick"},"content":{"rendered":"<p data-start=\"171\" data-end=\"459\">Patrick wurde an einem besonderen Tag gefunden: am St. Patrick\u2019s Day sa\u00df er ganz allein unter einem Auto \u2013 ohne Kennzeichnung, nicht kastriert und von niemandem als vermisst gemeldet. Woher er kam, bleibt sein Geheimnis. Doch eins ist klar: Jetzt ist er bereit f\u00fcr einen echten Neuanfang.<\/p>\n<p data-start=\"461\" data-end=\"793\">Anfangs zeigt sich Patrick noch etwas vorsichtig und zur\u00fcckhaltend. Er beobachtet erst, m\u00f6chte verstehen, wer ihm da gegen\u00fcbersteht. Doch hat man einmal sein Vertrauen gewonnen, zeigt er sein wahres Ich: ein unglaublich anh\u00e4nglicher, verschmuster und sogar richtig \u201egespr\u00e4chiger\u201c Kater, der die N\u00e4he zu seinen Menschen sehr genie\u00dft.<\/p>\n<p data-start=\"795\" data-end=\"1023\">Mit anderen Katzen kommt Patrick grunds\u00e4tzlich zurecht \u2013 sie sollten jedoch respektvoll sein und ihn nicht \u00fcberfordern oder \u00fcberrollen. Auch Kinder sind f\u00fcr ihn in Ordnung, solange sie ein Gef\u00fchl f\u00fcr seine eher sanfte Art haben.<\/p>\n<p data-start=\"1025\" data-end=\"1157\">Patrick ist ein durch und durch freundlicher Kater, der einfach gefallen m\u00f6chte und die Zuwendung seiner Menschen sichtlich genie\u00dft.<\/p>\n<p data-start=\"1159\" data-end=\"1596\">Optisch bringt er Merkmale einer Scottish Fold mit. Aktuell zeigt er zwar keine typischen rassetypischen Beschwerden, jedoch ist bekannt, dass bei dieser Zuchtform im Laufe des Lebens gesundheitliche Probleme \u2013 insbesondere im Bereich der Gelenke und Knochen \u2013 auftreten k\u00f6nnen. Zuk\u00fcnftige Halter sollten sich daher bewusst sein, dass m\u00f6glicherweise tier\u00e4rztliche Behandlungen notwendig werden und auch finanziell entsprechend vorsorgen.<\/p>\n<p data-start=\"1598\" data-end=\"1776\">F\u00fcr Patrick w\u00fcnschen wir uns ein liebevolles Zuhause, in dem er in Ruhe ankommen darf und Menschen, die ihn nicht nur jetzt, sondern auch in Zukunft verantwortungsvoll begleiten.<\/p>\n<p data-start=\"1778\" data-end=\"1928\">Patrick hat keinen Kleeblatt-Anh\u00e4nger getragen, als man ihn fand.<br data-start=\"1843\" data-end=\"1846\" \/>Aber vielleicht bringt er trotzdem genau das Gl\u00fcck mit, das noch gefehlt hat. \ud83d\udc9b\ud83c\udf40<\/p>\n<p><strong>Bemerkung:<\/strong><br \/>\nDie Beschreibungen sind Momentaufnahmen des Tieres in unserem Tierheim. Jedes Tier kann sich im neuen Zuhause anders entwickeln.<\/p>\n","protected":false},"excerpt":{"rendered":"<p>Patrick wurde an einem besonderen Tag gefunden: am St. Patrick\u2019s Day sa\u00df er ganz allein unter einem Auto \u2013 ohne Kennzeichnung, nicht kastriert und von niemandem als vermisst gemeldet. Woher&#8230;<\/p>\n","protected":false},"featured_media":39653,"template":"","meta":{"_piecal_is_event":false,"_piecal_start_date":"","_piecal_end_date":"","_piecal_is_allday":false},"product_cat":[59,61],"product_tag":[],"_links":{"self":[{"href":"https:\/\/tsv-giessen.de\/index.php?rest_route=\/wp\/v2\/product\/39652"}],"collection":[{"href":"https:\/\/tsv-giessen.de\/index.php?rest_route=\/wp\/v2\/product"}],"about":[{"href":"https:\/\/tsv-giessen.de\/index.php?rest_route=\/wp\/v2\/types\/product"}],"wp:featuredmedia":[{"embeddable":true,"href":"https:\/\/tsv-giessen.de\/index.php?rest_route=\/wp\/v2\/media\/39653"}],"wp:attachment":[{"href":"https:\/\/tsv-giessen.de\/index.php?rest_route=%2Fwp%2Fv2%2Fmedia&parent=39652"}],"wp:term":[{"taxonomy":"product_cat","embeddable":true,"href":"https:\/\/tsv-giessen.de\/index.php?rest_route=%2Fwp%2Fv2%2Fproduct_cat&post=39652"},{"taxonomy":"product_tag","embeddable":true,"href":"https:\/\/tsv-giessen.de\/index.php?rest_route=%2Fwp%2Fv2%2Fproduct_tag&post=39652"}],"curies":[{"name":"wp","href":"https:\/\/api.w.org\/{rel}","templated":true}]}}