{"id":39648,"date":"2026-04-14T11:26:53","date_gmt":"2026-04-14T09:26:53","guid":{"rendered":"https:\/\/tsv-giessen.de\/?post_type=product&#038;p=39648"},"modified":"2026-04-14T11:35:21","modified_gmt":"2026-04-14T09:35:21","slug":"tabby","status":"publish","type":"product","link":"https:\/\/tsv-giessen.de\/?product=tabby","title":{"rendered":"Tabby"},"content":{"rendered":"<p data-start=\"0\" data-end=\"255\">Der 4 Jahre alte Tabby hat wirklich gro\u00dfes Pech gehabt: Nicht nur, dass ein Elternteil eine Scottish Fold war, auch das andere war ein Perser \u2013 zwei Rassen, die leider f\u00fcr ausgepr\u00e4gte Qualzuchtmerkmale bekannt sind. Diese hat er genetisch in sich vereint.<\/p>\n<p data-start=\"257\" data-end=\"576\">Er leidet unter Atemproblemen, zudem ist sein Kiefer stark verk\u00fcrzt, sodass seine Zunge dauerhaft heraush\u00e4ngt. Auch seine Gelenke sind bereits betroffen \u2013 er leidet unter <strong data-start=\"428\" data-end=\"453\">Osteochondrodysplasie<\/strong>, einer schmerzhaften Erkrankung, die bei Scottish Fold Katzen h\u00e4ufig auftritt. Daher ben\u00f6tigt er regelm\u00e4\u00dfig Schmerzmittel.<\/p>\n<p data-start=\"578\" data-end=\"785\">Trotz all dieser Einschr\u00e4nkungen ist er ein unglaublich liebenswerter kleiner Kerl, der sich nichts sehnlicher w\u00fcnscht als ein eigenes Zuhause, in dem er geliebt und umsorgt wird. Er hat es so sehr verdient.<\/p>\n<p data-start=\"787\" data-end=\"814\" data-is-last-node=\"\" data-is-only-node=\"\">Weitere Beschreibung folgt.<\/p>\n<p><strong>Bemerkung:<\/strong><br \/>\nDie Beschreibungen sind Momentaufnahmen des Tieres in unserem Tierheim. Jedes Tier kann sich im neuen Zuhause anders entwickeln.<\/p>\n","protected":false},"excerpt":{"rendered":"<p>Der 4 Jahre alte Tabby hat wirklich gro\u00dfes Pech gehabt: Nicht nur, dass ein Elternteil eine Scottish Fold war, auch das andere war ein Perser \u2013 zwei Rassen, die leider&#8230;<\/p>\n","protected":false},"featured_media":39649,"template":"","meta":{"_piecal_is_event":false,"_piecal_start_date":"","_piecal_end_date":"","_piecal_is_allday":false},"product_cat":[110,59,61,122],"product_tag":[],"_links":{"self":[{"href":"https:\/\/tsv-giessen.de\/index.php?rest_route=\/wp\/v2\/product\/39648"}],"collection":[{"href":"https:\/\/tsv-giessen.de\/index.php?rest_route=\/wp\/v2\/product"}],"about":[{"href":"https:\/\/tsv-giessen.de\/index.php?rest_route=\/wp\/v2\/types\/product"}],"wp:featuredmedia":[{"embeddable":true,"href":"https:\/\/tsv-giessen.de\/index.php?rest_route=\/wp\/v2\/media\/39649"}],"wp:attachment":[{"href":"https:\/\/tsv-giessen.de\/index.php?rest_route=%2Fwp%2Fv2%2Fmedia&parent=39648"}],"wp:term":[{"taxonomy":"product_cat","embeddable":true,"href":"https:\/\/tsv-giessen.de\/index.php?rest_route=%2Fwp%2Fv2%2Fproduct_cat&post=39648"},{"taxonomy":"product_tag","embeddable":true,"href":"https:\/\/tsv-giessen.de\/index.php?rest_route=%2Fwp%2Fv2%2Fproduct_tag&post=39648"}],"curies":[{"name":"wp","href":"https:\/\/api.w.org\/{rel}","templated":true}]}}