{"id":39636,"date":"2026-04-09T14:55:55","date_gmt":"2026-04-09T12:55:55","guid":{"rendered":"https:\/\/tsv-giessen.de\/?post_type=product&#038;p=39636"},"modified":"2026-04-09T15:02:59","modified_gmt":"2026-04-09T13:02:59","slug":"lalo","status":"publish","type":"product","link":"https:\/\/tsv-giessen.de\/?product=lalo","title":{"rendered":"Lalo"},"content":{"rendered":"<p data-start=\"172\" data-end=\"589\">Lalo kam als Fundkatze zu uns \u2013 doch schnell wurde klar: Dieser Kater hat eine Geschichte. Dank seiner T\u00e4towierung und eines Eintrags bei Tasso konnten wir nachvollziehen, dass er fr\u00fcher einmal ein Zuhause hatte. Doch dieses liegt lange zur\u00fcck \u2013 \u00fcber 10 Jahre ist es her, dass Lalo sich auf den Weg gemacht hat und nie wieder zur\u00fcckgekehrt ist. Die Spur verliert sich, die damaligen Halter sind nicht mehr auffindbar.<\/p>\n<p data-start=\"591\" data-end=\"675\">Und so steht Lalo nun wieder am Anfang \u2013 und sucht sein ganz eigenes, neues Kapitel.<\/p>\n<p data-start=\"677\" data-end=\"1008\">Der Katzensenior ist ein echter Charakterkopf. Andere Katzen braucht er nicht um sich \u2013 im Gegenteil: Wird ihm jemand zu aufdringlich, kann er durchaus deutlich werden. Lalo wei\u00df, was er will, und vor allem, was er nicht will. Deshalb suchen wir f\u00fcr ihn ein Zuhause als Einzelkater, in dem seine Individualdistanz respektiert wird.<\/p>\n<p data-start=\"1010\" data-end=\"1352\">Menschen gegen\u00fcber zeigt er hingegen eine ganz andere Seite: Streicheleinheiten wei\u00df er sehr zu sch\u00e4tzen, ebenso wie ruhige Momente und kleine Erkundungstouren. Freigang sollte f\u00fcr Lalo unbedingt m\u00f6glich sein \u2013 denn auch wenn er \u00e4lter ist, tr\u00e4gt er noch immer ein kleines St\u00fcck Streunerleben in sich und genie\u00dft es, drau\u00dfen unterwegs zu sein.<\/p>\n<p data-start=\"1354\" data-end=\"1543\">Ein kleines \u201eMarkenzeichen\u201c bringt er ebenfalls mit: Sein Schwanz ist an der Wurzel abgeknickt. Das scheint ihn jedoch \u00fcberhaupt nicht zu st\u00f6ren und bereitet ihm keine erkennbaren Probleme.<\/p>\n<p data-start=\"1545\" data-end=\"1890\">Aktuell zeigt Lalo allerdings Verdauungsprobleme, die dazu f\u00fchren, dass er zeitweise nicht ganz stubenrein ist. Die tier\u00e4rztliche Diagnostik hierzu l\u00e4uft noch, und es ist nicht ausgeschlossen, dass er langfristig Unterst\u00fctzung oder Behandlung ben\u00f6tigen wird. Hier w\u00fcnschen wir uns Menschen, die bereit sind, ihn auch auf diesem Weg zu begleiten.<\/p>\n<p data-start=\"1892\" data-end=\"2012\">Lalo ist kein einfacher Kater \u2013 aber ein ehrlicher.<br data-start=\"1943\" data-end=\"1946\" \/>Einer, der nicht perfekt sein muss, um genau der Richtige zu sein.<\/p>\n<p data-start=\"2014\" data-end=\"2105\">Wer gibt diesem besonderen Senior die Chance auf einen ruhigen, w\u00fcrdevollen Lebensabend? \ud83d\udc9b<\/p>\n<p><strong>Bemerkung:<\/strong><br \/>\nDie Beschreibungen sind Momentaufnahmen des Tieres in unserem Tierheim. Jedes Tier kann sich im neuen Zuhause anders entwickeln.<\/p>\n","protected":false},"excerpt":{"rendered":"<p>Lalo kam als Fundkatze zu uns \u2013 doch schnell wurde klar: Dieser Kater hat eine Geschichte. Dank seiner T\u00e4towierung und eines Eintrags bei Tasso konnten wir nachvollziehen, dass er fr\u00fcher&#8230;<\/p>\n","protected":false},"featured_media":39637,"template":"","meta":{"_piecal_is_event":false,"_piecal_start_date":"","_piecal_end_date":"","_piecal_is_allday":false},"product_cat":[59,60],"product_tag":[],"_links":{"self":[{"href":"https:\/\/tsv-giessen.de\/index.php?rest_route=\/wp\/v2\/product\/39636"}],"collection":[{"href":"https:\/\/tsv-giessen.de\/index.php?rest_route=\/wp\/v2\/product"}],"about":[{"href":"https:\/\/tsv-giessen.de\/index.php?rest_route=\/wp\/v2\/types\/product"}],"wp:featuredmedia":[{"embeddable":true,"href":"https:\/\/tsv-giessen.de\/index.php?rest_route=\/wp\/v2\/media\/39637"}],"wp:attachment":[{"href":"https:\/\/tsv-giessen.de\/index.php?rest_route=%2Fwp%2Fv2%2Fmedia&parent=39636"}],"wp:term":[{"taxonomy":"product_cat","embeddable":true,"href":"https:\/\/tsv-giessen.de\/index.php?rest_route=%2Fwp%2Fv2%2Fproduct_cat&post=39636"},{"taxonomy":"product_tag","embeddable":true,"href":"https:\/\/tsv-giessen.de\/index.php?rest_route=%2Fwp%2Fv2%2Fproduct_tag&post=39636"}],"curies":[{"name":"wp","href":"https:\/\/api.w.org\/{rel}","templated":true}]}}