{"id":39634,"date":"2026-04-09T14:46:36","date_gmt":"2026-04-09T12:46:36","guid":{"rendered":"https:\/\/tsv-giessen.de\/?post_type=product&#038;p=39634"},"modified":"2026-04-15T14:56:07","modified_gmt":"2026-04-15T12:56:07","slug":"gene","status":"publish","type":"product","link":"https:\/\/tsv-giessen.de\/?product=gene","title":{"rendered":"Gene &#8211; Reserviert"},"content":{"rendered":"<p data-start=\"132\" data-end=\"353\">Gene kam gemeinsam mit mehreren anderen Katzen zu uns ins Tierheim, nachdem seine vorherigen Halter den Katzen nicht mehr gerecht werden konnten. F\u00fcr ihn bedeutete das: einmal alles neu. Neue Umgebung, neue Ger\u00fcche, neue Menschen.<\/p>\n<p data-start=\"355\" data-end=\"645\">Trotzdem hat sich Gene als ein ausgesprochen sozialer und freundlicher Kater gezeigt. Besonders eng war seine Bindung zu seiner Katzenfreundin Louise \u2013 doch sie kam tragend zu uns und ist nun erstmal mit der Aufzucht ihrer Kitten besch\u00e4ftigt. F\u00fcr Gene hei\u00dft es deshalb: neue Freundschaften schlie\u00dfen.<\/p>\n<p data-start=\"647\" data-end=\"1088\">Dabei ist er kein Kater, der Streit sucht \u2013 ganz im Gegenteil. Gene ist ein sanfter, eher zur\u00fcckhaltender Charakter, der sich schnell einsch\u00fcchtern l\u00e4sst. Er selbst ist dabei stets freundlich, dr\u00e4ngt sich nicht auf und w\u00fcrde niemals andere Katzen mobben oder anzicken. Genau deshalb braucht er auch einen passenden Partner: eine soziale, souver\u00e4ne Katze, die ihm Sicherheit gibt und ruhig den Ton angibt, ohne ihn zu unterdr\u00fccken.<\/p>\n<p data-start=\"1090\" data-end=\"1412\">Menschen gegen\u00fcber zeigt sich Gene angenehm unkompliziert. Er geh\u00f6rt eher zu den vorsichtigen Beobachtern, die nicht direkt auf einen zust\u00fcrmen, sondern erstmal schauen, wer da vor ihnen steht. Gibt man ihm diese Zeit, taut er jedoch auf und zeigt sich als verschmuster, menschenbezogener Kater, der die N\u00e4he sehr genie\u00dft.<\/p>\n<p data-start=\"1414\" data-end=\"1675\">Bisher kennt Gene ausschlie\u00dflich die Wohnungshaltung, kommt damit gut zurecht und wird auch weiterhin so vermittelt. Ein gesicherter Balkon oder Garten w\u00e4re f\u00fcr ihn aber sicherlich ein kleines Highlight, um entspannt frische Luft und Sonnenstrahlen zu genie\u00dfen.<\/p>\n<p data-start=\"1677\" data-end=\"1877\">F\u00fcr Gene w\u00fcnschen wir uns ein ruhiges, verst\u00e4ndnisvolles Zuhause mit einer passenden Katzenpartnerin oder einem entsprechenden Kater \u2013 und Menschen, die ihm die Zeit geben, in seinem Tempo anzukommen.<\/p>\n<p data-start=\"1879\" data-end=\"1983\">Gene ist keiner, der laut nach Aufmerksamkeit ruft.<br data-start=\"1930\" data-end=\"1933\" \/>Aber einer, der leise und tief ins Herz w\u00e4chst. \ud83d\udc9b<\/p>\n<p><strong>Bemerkung:<\/strong><br \/>\nDie Beschreibungen sind Momentaufnahmen des Tieres in unserem Tierheim. Jedes Tier kann sich im neuen Zuhause anders entwickeln.<\/p>\n","protected":false},"excerpt":{"rendered":"<p>Gene kam gemeinsam mit mehreren anderen Katzen zu uns ins Tierheim, nachdem seine vorherigen Halter den Katzen nicht mehr gerecht werden konnten. F\u00fcr ihn bedeutete das: einmal alles neu. Neue&#8230;<\/p>\n","protected":false},"featured_media":39635,"template":"","meta":{"_piecal_is_event":false,"_piecal_start_date":"","_piecal_end_date":"","_piecal_is_allday":false},"product_cat":[59,61],"product_tag":[],"_links":{"self":[{"href":"https:\/\/tsv-giessen.de\/index.php?rest_route=\/wp\/v2\/product\/39634"}],"collection":[{"href":"https:\/\/tsv-giessen.de\/index.php?rest_route=\/wp\/v2\/product"}],"about":[{"href":"https:\/\/tsv-giessen.de\/index.php?rest_route=\/wp\/v2\/types\/product"}],"wp:featuredmedia":[{"embeddable":true,"href":"https:\/\/tsv-giessen.de\/index.php?rest_route=\/wp\/v2\/media\/39635"}],"wp:attachment":[{"href":"https:\/\/tsv-giessen.de\/index.php?rest_route=%2Fwp%2Fv2%2Fmedia&parent=39634"}],"wp:term":[{"taxonomy":"product_cat","embeddable":true,"href":"https:\/\/tsv-giessen.de\/index.php?rest_route=%2Fwp%2Fv2%2Fproduct_cat&post=39634"},{"taxonomy":"product_tag","embeddable":true,"href":"https:\/\/tsv-giessen.de\/index.php?rest_route=%2Fwp%2Fv2%2Fproduct_tag&post=39634"}],"curies":[{"name":"wp","href":"https:\/\/api.w.org\/{rel}","templated":true}]}}