{"id":39477,"date":"2026-03-28T17:18:09","date_gmt":"2026-03-28T16:18:09","guid":{"rendered":"https:\/\/tsv-giessen.de\/?post_type=product&#038;p=39477"},"modified":"2026-03-28T17:26:39","modified_gmt":"2026-03-28T16:26:39","slug":"flecki-luna","status":"publish","type":"product","link":"https:\/\/tsv-giessen.de\/?product=flecki-luna","title":{"rendered":"Flecki &amp; Luna"},"content":{"rendered":"<p data-start=\"126\" data-end=\"435\">Flecki und Luna mussten schweren Herzens im Tierheim abgegeben werden, nachdem ihre Bezugspersonen nach und nach verstorben sind. Zuletzt konnte sich ihre verbliebene Bezugsperson krankheitsbedingt nicht mehr um sie k\u00fcmmern. Nun hoffen die beiden auf einen neuen Ort, an dem sie wieder zur Ruhe kommen d\u00fcrfen.<\/p>\n<p data-start=\"437\" data-end=\"721\">Flecki zeigt sich als menschenbezogener, aufmerksamer und verschmuster Kater, der die N\u00e4he zu seinen Menschen sehr genie\u00dft. Luna hingegen ist etwas zur\u00fcckhaltender und braucht mehr Zeit, um Vertrauen zu fassen. Gibt man ihr diese Zeit, zeigt auch sie ihre sanfte und liebevolle Seite.<\/p>\n<p data-start=\"723\" data-end=\"1027\">F\u00fcr die beiden wird ein ruhiges Zuhause gesucht \u2013 idealerweise ohne Kinder und andere Tiere, damit sie sich ganz in ihrem eigenen Tempo einleben k\u00f6nnen. Ein gesicherter Freigang w\u00e4re perfekt: Gro\u00dfe Ausfl\u00fcge brauchen sie nicht mehr, aber ein gem\u00fctliches Pl\u00e4tzchen in der Sonne wissen sie sehr zu sch\u00e4tzen.<\/p>\n<p data-start=\"1029\" data-end=\"1108\">Wer schenkt Flecki und Luna ein neues Kapitel voller Geborgenheit und Liebe? \ud83d\udc9b<\/p>\n<p><strong>Bemerkung:<\/strong><br \/>\nDie Beschreibungen sind Momentaufnahmen des Tieres in unserem Tierheim. Jedes Tier kann sich im neuen Zuhause anders entwickeln.<\/p>\n","protected":false},"excerpt":{"rendered":"<p>Flecki und Luna mussten schweren Herzens im Tierheim abgegeben werden, nachdem ihre Bezugspersonen nach und nach verstorben sind. Zuletzt konnte sich ihre verbliebene Bezugsperson krankheitsbedingt nicht mehr um sie k\u00fcmmern&#8230;.<\/p>\n","protected":false},"featured_media":39478,"template":"","meta":{"_piecal_is_event":false,"_piecal_start_date":"","_piecal_end_date":"","_piecal_is_allday":false},"product_cat":[59,60,61,123,161],"product_tag":[],"_links":{"self":[{"href":"https:\/\/tsv-giessen.de\/index.php?rest_route=\/wp\/v2\/product\/39477"}],"collection":[{"href":"https:\/\/tsv-giessen.de\/index.php?rest_route=\/wp\/v2\/product"}],"about":[{"href":"https:\/\/tsv-giessen.de\/index.php?rest_route=\/wp\/v2\/types\/product"}],"wp:featuredmedia":[{"embeddable":true,"href":"https:\/\/tsv-giessen.de\/index.php?rest_route=\/wp\/v2\/media\/39478"}],"wp:attachment":[{"href":"https:\/\/tsv-giessen.de\/index.php?rest_route=%2Fwp%2Fv2%2Fmedia&parent=39477"}],"wp:term":[{"taxonomy":"product_cat","embeddable":true,"href":"https:\/\/tsv-giessen.de\/index.php?rest_route=%2Fwp%2Fv2%2Fproduct_cat&post=39477"},{"taxonomy":"product_tag","embeddable":true,"href":"https:\/\/tsv-giessen.de\/index.php?rest_route=%2Fwp%2Fv2%2Fproduct_tag&post=39477"}],"curies":[{"name":"wp","href":"https:\/\/api.w.org\/{rel}","templated":true}]}}