{"id":39467,"date":"2026-03-26T15:21:04","date_gmt":"2026-03-26T14:21:04","guid":{"rendered":"https:\/\/tsv-giessen.de\/?post_type=product&#038;p=39467"},"modified":"2026-03-27T09:36:24","modified_gmt":"2026-03-27T08:36:24","slug":"oskar-fibi","status":"publish","type":"product","link":"https:\/\/tsv-giessen.de\/?product=oskar-fibi","title":{"rendered":"Oskar &amp; Fibi"},"content":{"rendered":"<p data-start=\"118\" data-end=\"398\">Die beiden Samtpfoten Oskar und Fibi kamen zu uns, nachdem ihre Besitzerin verstarb und sie von den Angeh\u00f6rigen nicht \u00fcbernommen werden konnten. Sie zeigen sich anfangs noch sch\u00fcchtern und zur\u00fcckhaltend. Doch wer ihnen die n\u00f6tige Zeit und Geduld schenkt, wird mit zwei wunderbaren Katzen belohnt.<\/p>\n<p data-start=\"400\" data-end=\"743\">Ist das Eis einmal gebrochen, entpuppt sich Oskar als echter Schmusekater: sehr menschenbezogen, anh\u00e4nglich und immer auf der Suche nach N\u00e4he. Fibi hingegen braucht ein wenig l\u00e4nger, um Vertrauen zu fassen. Hat man jedoch ihr Herz gewonnen, genie\u00dft auch sie Streicheleinheiten \u2013 bleibt dabei aber etwas unabh\u00e4ngiger und ruhiger in ihrem Wesen.<\/p>\n<p data-start=\"745\" data-end=\"1050\">F\u00fcr Oskar und Fibi w\u00fcnschen wir uns ein ruhiges Zuhause ohne viel Trubel, in dem sie in ihrem eigenen Tempo ankommen d\u00fcrfen. Sie werden ausschlie\u00dflich in Wohnungshaltung vermittelt, freuen sich aber sehr \u00fcber einen gesicherten Balkon oder Garten, wo sie entspannt die Sonne auf ihrem Fell genie\u00dfen k\u00f6nnen.<\/p>\n<p data-start=\"1052\" data-end=\"1151\">Wer schenkt diesen beiden sensiblen Seelen die Zeit und Geborgenheit, die sie so sehr verdienen? \ud83d\udc9b<\/p>\n<p><strong>Bemerkung:<\/strong><br \/>\nDie Beschreibungen sind Momentaufnahmen des Tieres in unserem Tierheim. Jedes Tier kann sich im neuen Zuhause anders entwickeln.<\/p>\n","protected":false},"excerpt":{"rendered":"<p>Die beiden Samtpfoten Oskar und Fibi kamen zu uns, nachdem ihre Besitzerin verstarb und sie von den Angeh\u00f6rigen nicht \u00fcbernommen werden konnten. Sie zeigen sich anfangs noch sch\u00fcchtern und zur\u00fcckhaltend&#8230;.<\/p>\n","protected":false},"featured_media":39470,"template":"","meta":{"_piecal_is_event":false,"_piecal_start_date":"","_piecal_end_date":"","_piecal_is_allday":false},"product_cat":[59,61,161],"product_tag":[],"_links":{"self":[{"href":"https:\/\/tsv-giessen.de\/index.php?rest_route=\/wp\/v2\/product\/39467"}],"collection":[{"href":"https:\/\/tsv-giessen.de\/index.php?rest_route=\/wp\/v2\/product"}],"about":[{"href":"https:\/\/tsv-giessen.de\/index.php?rest_route=\/wp\/v2\/types\/product"}],"wp:featuredmedia":[{"embeddable":true,"href":"https:\/\/tsv-giessen.de\/index.php?rest_route=\/wp\/v2\/media\/39470"}],"wp:attachment":[{"href":"https:\/\/tsv-giessen.de\/index.php?rest_route=%2Fwp%2Fv2%2Fmedia&parent=39467"}],"wp:term":[{"taxonomy":"product_cat","embeddable":true,"href":"https:\/\/tsv-giessen.de\/index.php?rest_route=%2Fwp%2Fv2%2Fproduct_cat&post=39467"},{"taxonomy":"product_tag","embeddable":true,"href":"https:\/\/tsv-giessen.de\/index.php?rest_route=%2Fwp%2Fv2%2Fproduct_tag&post=39467"}],"curies":[{"name":"wp","href":"https:\/\/api.w.org\/{rel}","templated":true}]}}