{"id":39273,"date":"2026-03-23T08:59:47","date_gmt":"2026-03-23T07:59:47","guid":{"rendered":"https:\/\/tsv-giessen.de\/?post_type=product&#038;p=39273"},"modified":"2026-03-23T09:14:57","modified_gmt":"2026-03-23T08:14:57","slug":"elly","status":"publish","type":"product","link":"https:\/\/tsv-giessen.de\/?product=elly","title":{"rendered":"Elly"},"content":{"rendered":"<p><strong>Die zauberhafte Elly sucht endlich ihr Traumzuhause!\u00a0<\/strong><strong>\u2728<\/strong><\/p>\n<p>&nbsp;<\/p>\n<p>Die junge H\u00fcndin ist verschmust, lebhaft und steckt voller Energie. Aufmerksamkeit und Streicheleinheiten liebt sie sehr \u2013 besonders von ihren Bezugspersonen. Schnell merkt man, wie sehr sie den Kontakt zu Menschen genie\u00dft. \u2764\ufe0f<\/p>\n<p>&nbsp;<\/p>\n<p>Elly ist neugierig, verspielt und m\u00f6chte noch viel lernen. Da sie in einem rum\u00e4nischen Zwinger aufgewachsen ist, hat sie bisher noch nicht viel von der gro\u00dfen Welt kennenlernen d\u00fcrfen. Neue Situationen verunsichern sie noch oft. Mit geduldigen Menschen an ihrer Seite wird sie aber Schritt f\u00fcr Schritt sicherer und selbstbewusster. \ud83d\udc36<\/p>\n<p>&nbsp;<\/p>\n<p>Sie ist ein Mischling, vermutlich mit Anteilen eines Herdenschutzhundes. Deshalb w\u00fcnschen wir uns f\u00fcr sie ein hundeerfahrenes Zuhause, das ihre Eigenschaften versteht und sie liebevoll und souver\u00e4n begleitet. Nach einer Eingew\u00f6hnungszeit w\u00fcrde ihr auch geistige Auslastung sehr guttun, und eine Unterst\u00fctzung durch einen Hundetrainer w\u00e4re sehr willkommen.\u00a0\ud83d\udc3e<\/p>\n<p>&nbsp;<\/p>\n<p>Ein ruhigeres Zuhause ohne kleine Kinder und ohne Katzen w\u00e4re f\u00fcr sie ideal.\u00a0\ud83d\ude4f<\/p>\n<p>&nbsp;<\/p>\n<p>Mit ca. 55 cm Schulterh\u00f6he, etwa 20 kg, geboren am 02.03.2024 und allen Impfungen sowie Kastration ist sie bereit, endlich anzukommen.\u00a0\ud83d\udccb<\/p>\n<p>&nbsp;<\/p>\n<p>Elly wartet sehns\u00fcchtig auf ihre Menschen, die ihr ein liebevolles Zuhause schenken\ud83c\udfe1<\/p>\n<p>&nbsp;<\/p>\n<p>Wenn Sie Elly kennenlernen m\u00f6chten, melden Sie sich gerne im Tierheim Spaichingen.<\/p>\n<p>&nbsp;<\/p>\n<p><strong>Kontakt:<\/strong><br \/>\n\ud83d\udcde\u00a007424 6517<br \/>\n\ud83d\udce7\u00a0<a href=\"mailto:info@menschen-fuer-tiere-spaichingen.de\">info@menschen-fuer-tiere-spaichingen.de<\/a><\/p>\n<p>&nbsp;<\/p>\n<p>&nbsp;<\/p>\n<p>&nbsp;<\/p>\n<p>&nbsp;<\/p>\n<p>&nbsp;<\/p>\n<p>&nbsp;<\/p>\n<p>Tierheim Spaichingen<\/p>\n<p>Jahnweg 8<\/p>\n<p>78549 Spaichingen<\/p>\n<p>&nbsp;<\/p>\n<p><a href=\"https:\/\/urldefense.com\/v3\/__https:\/www.menschen-fuer-tiere-spaichingen.de\/__;!!BUwAIxWO_-7s!HZHLz2_qMdGSgqkZYtvDXkgjEfl7DcIZ1DgJQoLCkzQ3hHOrzbPADGkplcoj23Ldjrv11mXirKzeY-ueWoMXkZWMVMQAKSm38fuBc5NSTS2kE3Q$\">Menschen f\u00fcr Tiere e.V. Spaichingen |<\/a><\/p>\n<p><a href=\"mailto:info@menschen-fuer-tiere-spaichingen.de\">info@menschen-fuer-tiere-spaichingen.de<\/a><\/p>\n<p>&nbsp;<\/p>\n<p><u>Telefonische Erreichbarkeit (au\u00dfer an Feiertagen):<\/u><\/p>\n<p>&nbsp;<\/p>\n<p>Montag bis Freitag<\/p>\n<p>08:00 Uhr &#8211; 10:00 Uhr und<\/p>\n<p>16.00 Uhr &#8211; 18:00 Uhr<\/p>\n<p>&nbsp;<\/p>\n<p>unter 07424 6517<\/p>\n<p>&nbsp;<\/p>\n<p><u>\u00d6ffnungszeiten (au\u00dfer an Feiertagen):<\/u><\/p>\n<p>&nbsp;<\/p>\n<p>Mittwoch bis Freitag 16:30 Uhr &#8211; 18:00 Uhr oder nach Terminvereinbarung<\/p>\n<p>&nbsp;<\/p>\n","protected":false},"excerpt":{"rendered":"<p>Die zauberhafte Elly sucht endlich ihr Traumzuhause!\u00a0\u2728 &nbsp; Die junge H\u00fcndin ist verschmust, lebhaft und steckt voller Energie. Aufmerksamkeit und Streicheleinheiten liebt sie sehr \u2013 besonders von ihren Bezugspersonen. Schnell&#8230;<\/p>\n","protected":false},"featured_media":39274,"template":"","meta":{"_piecal_is_event":false,"_piecal_start_date":"","_piecal_end_date":"","_piecal_is_allday":false},"product_cat":[1746],"product_tag":[],"_links":{"self":[{"href":"https:\/\/tsv-giessen.de\/index.php?rest_route=\/wp\/v2\/product\/39273"}],"collection":[{"href":"https:\/\/tsv-giessen.de\/index.php?rest_route=\/wp\/v2\/product"}],"about":[{"href":"https:\/\/tsv-giessen.de\/index.php?rest_route=\/wp\/v2\/types\/product"}],"wp:featuredmedia":[{"embeddable":true,"href":"https:\/\/tsv-giessen.de\/index.php?rest_route=\/wp\/v2\/media\/39274"}],"wp:attachment":[{"href":"https:\/\/tsv-giessen.de\/index.php?rest_route=%2Fwp%2Fv2%2Fmedia&parent=39273"}],"wp:term":[{"taxonomy":"product_cat","embeddable":true,"href":"https:\/\/tsv-giessen.de\/index.php?rest_route=%2Fwp%2Fv2%2Fproduct_cat&post=39273"},{"taxonomy":"product_tag","embeddable":true,"href":"https:\/\/tsv-giessen.de\/index.php?rest_route=%2Fwp%2Fv2%2Fproduct_tag&post=39273"}],"curies":[{"name":"wp","href":"https:\/\/api.w.org\/{rel}","templated":true}]}}