{"id":39079,"date":"2026-03-18T18:12:20","date_gmt":"2026-03-18T17:12:20","guid":{"rendered":"https:\/\/tsv-giessen.de\/?post_type=product&#038;p=39079"},"modified":"2026-04-09T19:35:32","modified_gmt":"2026-04-09T17:35:32","slug":"aura","status":"publish","type":"product","link":"https:\/\/tsv-giessen.de\/?product=aura","title":{"rendered":"Aura &#8211; reserviert"},"content":{"rendered":"<p style=\"text-align: left\">Aura ist erst vor kurzem zu uns ins Tierheim gekommen. Aktuell befindet sie sich auf einer Pflegestelle und bekommt Zeit anzukommen. Eine ausf\u00fchrliche Beschreibung folgt.<\/p>\n<p style=\"text-align: left\">Wer verliebt sich in unsere Aura und m\u00f6chte ihr endlich das Zuhause zu geben, das sie verdient hat? Meldet euch am besten per Mail um ein Date mit der h\u00fcbschen H\u00fcndin auszumachen.<\/p>\n<p><strong>Bemerkung:<\/strong><\/p>\n<p><span class=\"fs13 cf1 ff1\"> Beschreibungen sind Momentaufnahmen des Tieres in unserem Tierheim. Jedes Tier kann sich im neuen Zuhause anders entwickeln.<\/span><\/p>\n","protected":false},"excerpt":{"rendered":"<p>Aura ist erst vor kurzem zu uns ins Tierheim gekommen. Aktuell befindet sie sich auf einer Pflegestelle und bekommt Zeit anzukommen. Eine ausf\u00fchrliche Beschreibung folgt. Wer verliebt sich in unsere&#8230;<\/p>\n","protected":false},"featured_media":39267,"template":"","meta":{"_piecal_is_event":false,"_piecal_start_date":"","_piecal_end_date":"","_piecal_is_allday":false},"product_cat":[41,57,161],"product_tag":[],"_links":{"self":[{"href":"https:\/\/tsv-giessen.de\/index.php?rest_route=\/wp\/v2\/product\/39079"}],"collection":[{"href":"https:\/\/tsv-giessen.de\/index.php?rest_route=\/wp\/v2\/product"}],"about":[{"href":"https:\/\/tsv-giessen.de\/index.php?rest_route=\/wp\/v2\/types\/product"}],"wp:featuredmedia":[{"embeddable":true,"href":"https:\/\/tsv-giessen.de\/index.php?rest_route=\/wp\/v2\/media\/39267"}],"wp:attachment":[{"href":"https:\/\/tsv-giessen.de\/index.php?rest_route=%2Fwp%2Fv2%2Fmedia&parent=39079"}],"wp:term":[{"taxonomy":"product_cat","embeddable":true,"href":"https:\/\/tsv-giessen.de\/index.php?rest_route=%2Fwp%2Fv2%2Fproduct_cat&post=39079"},{"taxonomy":"product_tag","embeddable":true,"href":"https:\/\/tsv-giessen.de\/index.php?rest_route=%2Fwp%2Fv2%2Fproduct_tag&post=39079"}],"curies":[{"name":"wp","href":"https:\/\/api.w.org\/{rel}","templated":true}]}}