{"id":39062,"date":"2026-03-12T15:07:42","date_gmt":"2026-03-12T14:07:42","guid":{"rendered":"https:\/\/tsv-giessen.de\/?post_type=product&#038;p=39062"},"modified":"2026-03-20T10:25:51","modified_gmt":"2026-03-20T09:25:51","slug":"unsere-koenigliche-wellensittichtruppe","status":"publish","type":"product","link":"https:\/\/tsv-giessen.de\/?product=unsere-koenigliche-wellensittichtruppe","title":{"rendered":"Unsere k\u00f6nigliche Wellensittichtruppe"},"content":{"rendered":"<p>Die zw\u00f6lf fr\u00f6hlichen Gesellen, die bei uns nach europ\u00e4ischen K\u00f6nigspaaren benannt wurden, wurden zusammen abgegeben, da sich die Vorbesitzer leider krankheitsbedingt nicht mehr um die h\u00fcbschen k\u00fcmmern konnten.<br \/>\nWellensittichtypisch sind sie sehr gespr\u00e4chig und aktiv, wenn auch aktuell noch etwas \u00fcberfordert mit dem Umzug.<br \/>\nEiner der H\u00fcbschen ist leider flugunf\u00e4hig, kommt aber mit ein bisschen Kletterhilfe sehr gut zurecht. Einem zweiten fehlt ein Bein, aber auch er ist nicht gro\u00df eingeschr\u00e4nkt hierdurch und kommt gut im Schwarm zurecht.<\/p>\n<p>Wellensittiche sind Vielflieger, in ihrem Heimatsland Australien fliegen sie auf Futter- und Wassersuche mehrere Kilometer weit. Diese Ausma\u00dfe kann man ihnen zwar in der Privathaltung nicht bieten, aber es liefert eine Idee, dass die handels\u00fcblichen Volieren, auch die gr\u00f6\u00dften, ihnen kaum ausreichen w\u00fcrden.<br \/>\nSie brauchen also viel Platz zum Fliegen, entweder in einer gro\u00dfen Voliere oder auch in einem eigenen Zimmer, mindestens aber mehrst\u00fcndiger t\u00e4glicher Freiflug, wenn man hierf\u00fcr keinen Platz in der Wohnung hat.<\/p>\n<p>Auch sind Wellensittiche Schwarmv\u00f6gel und sollten mindestens zu zweit gehalten werden, f\u00fchlen sich aber in gr\u00f6\u00dferen Gruppen deutlich wohler.<\/p>\n<p>Wer hat noch Platz in seinem Schwarm, oder Lust, sich auf die neugierigen Tiere einzulassen und Ihnen ein neues Zuhause zu bieten?<br \/>\nWir freuen uns \u00fcber eine Nachricht von Ihnen am besten per E-Mail.<\/p>\n<div><\/div>\n<div class=\"flex-shrink-0 flex flex-col relative items-end\">\n<div class=\"pt-0\">\n<div class=\"gizmo-bot-avatar flex h-8 w-8 items-center justify-center overflow-hidden rounded-full\"><strong>B<\/strong><b>emerkung:<\/b><\/div>\n<\/div>\n<\/div>\n<p><span class=\"fs13 cf1 ff1\">Die Beschreibungen sind Momentaufnahmen des Tieres in unserem Tierheim. Jedes Tier kann sich im neuen Zuhause anders entwickeln.<\/span><\/p>\n","protected":false},"excerpt":{"rendered":"<p>Die zw\u00f6lf fr\u00f6hlichen Gesellen, die bei uns nach europ\u00e4ischen K\u00f6nigspaaren benannt wurden, wurden zusammen abgegeben, da sich die Vorbesitzer leider krankheitsbedingt nicht mehr um die h\u00fcbschen k\u00fcmmern konnten. Wellensittichtypisch sind&#8230;<\/p>\n","protected":false},"featured_media":39154,"template":"","meta":{"_piecal_is_event":false,"_piecal_start_date":"","_piecal_end_date":"","_piecal_is_allday":false},"product_cat":[111,114],"product_tag":[],"_links":{"self":[{"href":"https:\/\/tsv-giessen.de\/index.php?rest_route=\/wp\/v2\/product\/39062"}],"collection":[{"href":"https:\/\/tsv-giessen.de\/index.php?rest_route=\/wp\/v2\/product"}],"about":[{"href":"https:\/\/tsv-giessen.de\/index.php?rest_route=\/wp\/v2\/types\/product"}],"wp:featuredmedia":[{"embeddable":true,"href":"https:\/\/tsv-giessen.de\/index.php?rest_route=\/wp\/v2\/media\/39154"}],"wp:attachment":[{"href":"https:\/\/tsv-giessen.de\/index.php?rest_route=%2Fwp%2Fv2%2Fmedia&parent=39062"}],"wp:term":[{"taxonomy":"product_cat","embeddable":true,"href":"https:\/\/tsv-giessen.de\/index.php?rest_route=%2Fwp%2Fv2%2Fproduct_cat&post=39062"},{"taxonomy":"product_tag","embeddable":true,"href":"https:\/\/tsv-giessen.de\/index.php?rest_route=%2Fwp%2Fv2%2Fproduct_tag&post=39062"}],"curies":[{"name":"wp","href":"https:\/\/api.w.org\/{rel}","templated":true}]}}