{"id":39052,"date":"2026-03-11T15:17:50","date_gmt":"2026-03-11T14:17:50","guid":{"rendered":"https:\/\/tsv-giessen.de\/?post_type=product&#038;p=39052"},"modified":"2026-03-13T13:47:06","modified_gmt":"2026-03-13T12:47:06","slug":"dinah-daisy","status":"publish","type":"product","link":"https:\/\/tsv-giessen.de\/?product=dinah-daisy","title":{"rendered":"Dinah &amp; Daisy"},"content":{"rendered":"<p data-start=\"59\" data-end=\"470\">Dinah und Daisy kamen zu uns, nachdem ihre bisherigen Menschen sie wegen einer Allergie abgeben mussten. Die Beiden sind Schwestern und sollten auch gemeinsam in ihr neues Zuhause umziehen d\u00fcrfen.<\/p>\n<p data-start=\"472\" data-end=\"717\">Im Tierheim zeigen sich Dinah und Daisy \u2013 f\u00fcr Bengalkatzen \u2013 zun\u00e4chst erstaunlich ruhig. Ist das Eis aber erstmal gebrochen verhalten sie sich sehr menschenbezogen, verschmust und au\u00dferdem ziemlich gespr\u00e4chig. Wer sich mit ihnen unterh\u00e4lt, bekommt meist auch eine Antwort. \ud83d\ude04<\/p>\n<p data-start=\"719\" data-end=\"918\">Dinah und Daisy werden als <strong data-start=\"734\" data-end=\"776\">Wohnungskatzen mit gesichertem Freigang<\/strong> vermittelt. Ein katzensicherer Balkon oder ein Freigehege w\u00e4re f\u00fcr sie ideal, damit sie frische Luft, Sonne und neue Eindr\u00fccke genie\u00dfen k\u00f6nnen.<\/p>\n<p data-start=\"920\" data-end=\"1468\">Wie bei allen Bengalkatzen gilt: <strong data-start=\"953\" data-end=\"1000\">Diese Rasse ist sehr intelligent und aktiv.<\/strong> Bengalen m\u00f6chten nicht nur k\u00f6rperlich, sondern auch geistig besch\u00e4ftigt werden. Kletterm\u00f6glichkeiten, abwechslungsreiches Spielzeug, Intelligenzspiele, gemeinsames Spielen und viel Interaktion mit ihren Menschen sind f\u00fcr sie wichtig. Wenn sie dauerhaft unterfordert sind, kann aus Langeweile schnell Frust entstehen \u2013 der sich dann in unerw\u00fcnschtem Verhalten \u00e4u\u00dfern kann, etwa \u00fcberm\u00e4\u00dfiges Miauen, das Zerst\u00f6ren von Gegenst\u00e4nden oder andere kreative \u201eBesch\u00e4ftigungen\u201c.<\/p>\n<p data-start=\"1470\" data-end=\"1764\" data-is-last-node=\"\" data-is-only-node=\"\">Dinah und Daisy suchen daher Menschen, die <strong data-start=\"1502\" data-end=\"1532\">Erfahrung mit Bengalkatzen<\/strong> haben oder bereit sind, sich intensiv mit ihren Bed\u00fcrfnissen auseinanderzusetzen. Wer ihr diese Aufmerksamkeit und Auslastung bieten kann, bekommt mit den beiden Schwestern unglaublich charmante, liebevolle und faszinierende Begleiterinnen. \ud83d\udc3e\ud83d\udc9b<\/p>\n<p><strong>Bemerkung:<\/strong><br \/>\nDie Beschreibungen sind Momentaufnahmen des Tieres in unserem Tierheim. Jedes Tier kann sich im neuen Zuhause anders entwickeln.<\/p>\n","protected":false},"excerpt":{"rendered":"<p>Dinah und Daisy kamen zu uns, nachdem ihre bisherigen Menschen sie wegen einer Allergie abgeben mussten. Die Beiden sind Schwestern und sollten auch gemeinsam in ihr neues Zuhause umziehen d\u00fcrfen&#8230;.<\/p>\n","protected":false},"featured_media":39071,"template":"","meta":{"_piecal_is_event":false,"_piecal_start_date":"","_piecal_end_date":"","_piecal_is_allday":false},"product_cat":[59,61],"product_tag":[],"_links":{"self":[{"href":"https:\/\/tsv-giessen.de\/index.php?rest_route=\/wp\/v2\/product\/39052"}],"collection":[{"href":"https:\/\/tsv-giessen.de\/index.php?rest_route=\/wp\/v2\/product"}],"about":[{"href":"https:\/\/tsv-giessen.de\/index.php?rest_route=\/wp\/v2\/types\/product"}],"wp:featuredmedia":[{"embeddable":true,"href":"https:\/\/tsv-giessen.de\/index.php?rest_route=\/wp\/v2\/media\/39071"}],"wp:attachment":[{"href":"https:\/\/tsv-giessen.de\/index.php?rest_route=%2Fwp%2Fv2%2Fmedia&parent=39052"}],"wp:term":[{"taxonomy":"product_cat","embeddable":true,"href":"https:\/\/tsv-giessen.de\/index.php?rest_route=%2Fwp%2Fv2%2Fproduct_cat&post=39052"},{"taxonomy":"product_tag","embeddable":true,"href":"https:\/\/tsv-giessen.de\/index.php?rest_route=%2Fwp%2Fv2%2Fproduct_tag&post=39052"}],"curies":[{"name":"wp","href":"https:\/\/api.w.org\/{rel}","templated":true}]}}