{"id":38913,"date":"2026-02-26T13:43:29","date_gmt":"2026-02-26T12:43:29","guid":{"rendered":"https:\/\/tsv-giessen.de\/?post_type=product&#038;p=38913"},"modified":"2026-02-26T13:51:28","modified_gmt":"2026-02-26T12:51:28","slug":"ormi-und-chichi","status":"publish","type":"product","link":"https:\/\/tsv-giessen.de\/?product=ormi-und-chichi","title":{"rendered":"Ormi und ChiChi"},"content":{"rendered":"<p>Ormi und ChiChi sind zu uns gekommen, da ihre Besitzer umgezogen sind und sie leider nicht mitnehmen konnten.<br \/>\nChiChi(braun-wei\u00df) ist ein sehr zur\u00fcckhaltender Kaninchenmann, der sich schnell versteckt, wenn er ungewohnte Menschen, Ger\u00e4usche etc. wahrnimmt. Ormi (schwarz-wei\u00df) ist ein wenig mutiger und untersucht ihre Umgebung neugierig, wenn sie keinen besonderen Trubel um sich f\u00fchlt. SIe wollen zu zweit auch wieder ausziehen, entweder zu schon vorhandenen Kaninchen dazu, oder auch als P\u00e4rchen in ein tolles Innengehege.<\/p>\n<p>Auf jeden Fall brauchen Kaninchen viel Platz. Mindestens 6 qm Auslauf f\u00fcr ein P\u00e4rchen und f\u00fcr jedes weitere Tier 20% Fl\u00e4che mehr, damit sich all nach Lust und Laune austoben k\u00f6nnen. Das erfreut jedes Kaninchenherz.<\/p>\n<p>Noch ein kleiner Hinweis im Namen unserer Kaninchen: wir wissen, dass sie superweich aussehen (und auch sind). Und so gro\u00df das Verlangen auch sein kann, es einfach hoch zu nehmen und zu kuscheln, zeigt man Kaninchen damit nicht wie lieb man sie hat, sondern macht ihnen Angst. Damit sich Ormi und ChiChi in ihrer Familie richtig wohl f\u00fchlen k\u00f6nnen, sollte man mit allen Familienmitgliedern die Anstandsregeln von Kaninchen einmal durchgehen. Sie freuen sich, wenn man ihnen Zeit gibt ihre Umgebung und ihre Menschen freiwillig zu erkunden. Daf\u00fcr kann man sich einfach ruhig neben oder in das Gehege setzen und die Tiere beobachten. Gute Leckerlies helfen auch dabei, dass Kaninchen beginnen ihre Menschen toll zu finden. Dann kommen sie h\u00e4ufig von ganz alleine.<\/p>\n<p>Ormi und ChiChi haben Ihr Interesse geweckt? Dann melden Sie sich gerne bei uns. Wir beraten gerne zu den einzelnen Tieren, ihrer Vertr\u00e4glichkeit und zur Vergesellschaftung mit weiteren Kaninchen.<\/p>\n<p><strong><span class=\"fs13 cf1 ff1\">Bemerkung: <\/span><\/strong><span class=\"fs13 cf1 ff1\">Die Beschreibungen sind Momentaufnahmen des Tieres in unserem Tierheim. Jedes Tier kann sich im neuen Zuhause anders entwickeln.<\/span><\/p>\n","protected":false},"excerpt":{"rendered":"<p>Ormi und ChiChi sind zu uns gekommen, da ihre Besitzer umgezogen sind und sie leider nicht mitnehmen konnten. ChiChi(braun-wei\u00df) ist ein sehr zur\u00fcckhaltender Kaninchenmann, der sich schnell versteckt, wenn er&#8230;<\/p>\n","protected":false},"featured_media":38916,"template":"","meta":{"_piecal_is_event":false,"_piecal_start_date":"","_piecal_end_date":"","_piecal_is_allday":false},"product_cat":[111,112],"product_tag":[],"_links":{"self":[{"href":"https:\/\/tsv-giessen.de\/index.php?rest_route=\/wp\/v2\/product\/38913"}],"collection":[{"href":"https:\/\/tsv-giessen.de\/index.php?rest_route=\/wp\/v2\/product"}],"about":[{"href":"https:\/\/tsv-giessen.de\/index.php?rest_route=\/wp\/v2\/types\/product"}],"wp:featuredmedia":[{"embeddable":true,"href":"https:\/\/tsv-giessen.de\/index.php?rest_route=\/wp\/v2\/media\/38916"}],"wp:attachment":[{"href":"https:\/\/tsv-giessen.de\/index.php?rest_route=%2Fwp%2Fv2%2Fmedia&parent=38913"}],"wp:term":[{"taxonomy":"product_cat","embeddable":true,"href":"https:\/\/tsv-giessen.de\/index.php?rest_route=%2Fwp%2Fv2%2Fproduct_cat&post=38913"},{"taxonomy":"product_tag","embeddable":true,"href":"https:\/\/tsv-giessen.de\/index.php?rest_route=%2Fwp%2Fv2%2Fproduct_tag&post=38913"}],"curies":[{"name":"wp","href":"https:\/\/api.w.org\/{rel}","templated":true}]}}