{"id":38883,"date":"2026-02-23T14:48:14","date_gmt":"2026-02-23T13:48:14","guid":{"rendered":"https:\/\/tsv-giessen.de\/?post_type=product&#038;p=38883"},"modified":"2026-04-16T15:50:18","modified_gmt":"2026-04-16T13:50:18","slug":"dali-thunder-und-lightning","status":"publish","type":"product","link":"https:\/\/tsv-giessen.de\/?product=dali-thunder-und-lightning","title":{"rendered":"Lightning"},"content":{"rendered":"<p>Dal\u00ed, Thunder und Lightning sind zusammen mit Manamana, Ba, Di, Bi und Dibi zu uns gekommen. Papa Dal\u00ed sitzt aktuell mit seinen S\u00f6hnen Thunder und Lightning zusammen und wartet mit ihnen auf das Ende ihrer Kastrationsquarant\u00e4ne.<br \/>\nDie drei sind Menschen gew\u00f6hnt und kommen bisher gut miteinander aus. Potentiell k\u00f6nnen sie zu zweit miteinander ausziehen, aber auch ein Auszug zu netten Weibchen oder in eine Gruppe (nach Ende der Quarant\u00e4ne) k\u00f6nnen wir uns gut vorstellen f\u00fcr die H\u00fcbschen. Thunder und Lightning sind aktuell noch im Wachstum, aber wenn man sich Mama und Papa anschaut, werden sie vermutlich eine \u00e4hnliche Endgr\u00f6\u00dfe erreichen. Wie sie mit Familienfremden Kaninchen agieren, k\u00f6nnen wir aktuell noch nicht sagen.<\/p>\n<p>Auf jeden Fall brauchen Kaninchen viel Platz. Mindestens 6 qm Auslauf f\u00fcr ein P\u00e4rchen und f\u00fcr jedes weitere Tier 20% Fl\u00e4che mehr, damit sich all nach Lust und Laune austoben k\u00f6nnen. Das erfreut jedes Kaninchenherz.<\/p>\n<p>Noch ein kleiner Hinweis im Namen unserer Kaninchen: wir wissen, dass sie superweich aussehen (und auch sind). Und so gro\u00df das Verlangen auch sein kann, es einfach hoch zu nehmen und zu kuscheln, zeigt man Kaninchen damit nicht wie lieb man sie hat, sondern macht ihnen Angst. Damit sich Dal\u00ed, Thunder und Lightning in ihrer Familie richtig wohl f\u00fchlen k\u00f6nnen, sollte man mit allen Familienmitgliedern die Anstandsregeln von Kaninchen einmal durchgehen. Sie freuen sich, wenn man ihnen Zeit gibt ihre Umgebung und ihre Menschen freiwillig zu erkunden. Daf\u00fcr kann man sich einfach ruhig neben oder in das Gehege setzen und die Tiere beobachten. Gute Leckerlies helfen auch dabei, dass Kaninchen beginnen ihre Menschen toll zu finden. Dann kommen sie h\u00e4ufig von ganz alleine.<\/p>\n<p>Dal\u00ed, Thunder oder Lightning haben Ihr Interesse geweckt? Dann melden Sie sich gerne bei uns. Wir beraten gerne zu den einzelnen Tieren, ihre Vertr\u00e4glichkeit und zur Vergesellschaftung mit weiteren Kaninchen.<\/p>\n<p><strong><span class=\"fs13 cf1 ff1\">Bemerkung: <\/span><\/strong><span class=\"fs13 cf1 ff1\">Die Beschreibungen sind Momentaufnahmen des Tieres in unserem Tierheim. Jedes Tier kann sich im neuen Zuhause anders entwickeln.<\/span><\/p>\n","protected":false},"excerpt":{"rendered":"<p>Dal\u00ed, Thunder und Lightning sind zusammen mit Manamana, Ba, Di, Bi und Dibi zu uns gekommen. Papa Dal\u00ed sitzt aktuell mit seinen S\u00f6hnen Thunder und Lightning zusammen und wartet mit&#8230;<\/p>\n","protected":false},"featured_media":38889,"template":"","meta":{"_piecal_is_event":false,"_piecal_start_date":"","_piecal_end_date":"","_piecal_is_allday":false},"product_cat":[111,112],"product_tag":[],"_links":{"self":[{"href":"https:\/\/tsv-giessen.de\/index.php?rest_route=\/wp\/v2\/product\/38883"}],"collection":[{"href":"https:\/\/tsv-giessen.de\/index.php?rest_route=\/wp\/v2\/product"}],"about":[{"href":"https:\/\/tsv-giessen.de\/index.php?rest_route=\/wp\/v2\/types\/product"}],"wp:featuredmedia":[{"embeddable":true,"href":"https:\/\/tsv-giessen.de\/index.php?rest_route=\/wp\/v2\/media\/38889"}],"wp:attachment":[{"href":"https:\/\/tsv-giessen.de\/index.php?rest_route=%2Fwp%2Fv2%2Fmedia&parent=38883"}],"wp:term":[{"taxonomy":"product_cat","embeddable":true,"href":"https:\/\/tsv-giessen.de\/index.php?rest_route=%2Fwp%2Fv2%2Fproduct_cat&post=38883"},{"taxonomy":"product_tag","embeddable":true,"href":"https:\/\/tsv-giessen.de\/index.php?rest_route=%2Fwp%2Fv2%2Fproduct_tag&post=38883"}],"curies":[{"name":"wp","href":"https:\/\/api.w.org\/{rel}","templated":true}]}}