{"id":38882,"date":"2026-02-23T14:19:07","date_gmt":"2026-02-23T13:19:07","guid":{"rendered":"https:\/\/tsv-giessen.de\/?post_type=product&#038;p=38882"},"modified":"2026-02-23T15:44:24","modified_gmt":"2026-02-23T14:44:24","slug":"manamana-ba-di-bi-und-dibi","status":"publish","type":"product","link":"https:\/\/tsv-giessen.de\/?product=manamana-ba-di-bi-und-dibi","title":{"rendered":"Manamana, Ba, Di, Bi und Dibi"},"content":{"rendered":"<p>Manamana, Ba, Di, Bi und Dibi kamen zusammen mit Lightning, Thunder und Dal<span class=\"mw-page-title-main\">\u00ed zu uns ins Tierheim.<br \/>\nMama Manamana sitzt zusammen mit ihren T\u00f6chtern hier getrennt von Papa Dal\u00ed und ihren S\u00f6hnen, da wir Nachwuchs verhindern wollen.<br \/>\nDie f\u00fcnfe sind f\u00fcr Kaninchen ziemlich zutraulich, aber man sollte nie vergessen, dass Kaninchen keine Streicheltiere sind. Gerne w\u00fcrden die f\u00fcnfe mit einem Partnertier aus der Gruppe ausziehen, aber auch zu einem netten kastrierten B\u00f6ckchen oder in eine Gruppe dazu k\u00f6nnten wir uns gut vorstellen.<br \/>\nMit ihren M\u00e4nnern k\u00f6nnen sie aktuell noch nicht ausziehen, da diese erst ihre Kastrationsquarant\u00e4ne durchstehen m\u00fcssen.<br \/>\nWenn jemand allerdings Interesse hat, ein M\u00e4nnchen und ein Weibchen zu \u00fcbernehmen und sie in der Quarant\u00e4nezeit noch getrennt voneinander halten kann, ist dies potentiell auch m\u00f6glich.\u00a0<\/span><\/p>\n<p>Auf jeden Fall brauchen Kaninchen viel Platz. Mindestens 6 qm Auslauf f\u00fcr ein P\u00e4rchen und f\u00fcr jedes weitere Tier 20% Fl\u00e4che mehr, damit sich all nach Lust und Laune austoben k\u00f6nnen. Das erfreut jedes Kaninchenherz.<\/p>\n<p>Noch ein kleiner Hinweis im Namen unserer Kaninchen: wir wissen, dass sie superweich aussehen (und auch sind). Und so gro\u00df das Verlangen auch sein kann, es einfach hoch zu nehmen und zu kuscheln, zeigt man Kaninchen damit nicht wie lieb man sie hat, sondern macht ihnen Angst. Damit sich Manamana, Ba, Di, Bi und Dibi in ihrer Familie richtig wohl f\u00fchlen k\u00f6nnen, sollte man mit allen Familienmitgliedern die Anstandsregeln von Kaninchen einmal durchgehen. Sie freuen sich, wenn man ihnen Zeit gibt ihre Umgebung und ihre Menschen freiwillig zu erkunden. Daf\u00fcr kann man sich einfach ruhig neben oder in das Gehege setzen und die Tiere beobachten. Gute Leckerlies helfen auch dabei, dass Kaninchen beginnen ihre Menschen toll zu finden. Dann kommen sie h\u00e4ufig von ganz alleine.<\/p>\n<p>Manamana, Ba, Di, Bi oder Dibi haben Ihr Interesse geweckt? Dann melden Sie sich gerne bei uns. Wir beraten gerne zu den einzelnen Tieren, ihre Vertr\u00e4glichkeit und zur Vergesellschaftung mit weiteren Kaninchen.<\/p>\n<p><strong><span class=\"fs13 cf1 ff1\">Bemerkung: <\/span><\/strong><span class=\"fs13 cf1 ff1\">Die Beschreibungen sind Momentaufnahmen des Tieres in unserem Tierheim. Jedes Tier kann sich im neuen Zuhause anders entwickeln.<\/span><\/p>\n","protected":false},"excerpt":{"rendered":"<p>Manamana, Ba, Di, Bi und Dibi kamen zusammen mit Lightning, Thunder und Dal\u00ed zu uns ins Tierheim. Mama Manamana sitzt zusammen mit ihren T\u00f6chtern hier getrennt von Papa Dal\u00ed und&#8230;<\/p>\n","protected":false},"featured_media":38897,"template":"","meta":{"_piecal_is_event":false,"_piecal_start_date":"","_piecal_end_date":"","_piecal_is_allday":false},"product_cat":[111,112],"product_tag":[],"_links":{"self":[{"href":"https:\/\/tsv-giessen.de\/index.php?rest_route=\/wp\/v2\/product\/38882"}],"collection":[{"href":"https:\/\/tsv-giessen.de\/index.php?rest_route=\/wp\/v2\/product"}],"about":[{"href":"https:\/\/tsv-giessen.de\/index.php?rest_route=\/wp\/v2\/types\/product"}],"wp:featuredmedia":[{"embeddable":true,"href":"https:\/\/tsv-giessen.de\/index.php?rest_route=\/wp\/v2\/media\/38897"}],"wp:attachment":[{"href":"https:\/\/tsv-giessen.de\/index.php?rest_route=%2Fwp%2Fv2%2Fmedia&parent=38882"}],"wp:term":[{"taxonomy":"product_cat","embeddable":true,"href":"https:\/\/tsv-giessen.de\/index.php?rest_route=%2Fwp%2Fv2%2Fproduct_cat&post=38882"},{"taxonomy":"product_tag","embeddable":true,"href":"https:\/\/tsv-giessen.de\/index.php?rest_route=%2Fwp%2Fv2%2Fproduct_tag&post=38882"}],"curies":[{"name":"wp","href":"https:\/\/api.w.org\/{rel}","templated":true}]}}