{"id":38600,"date":"2026-01-30T07:19:13","date_gmt":"2026-01-30T06:19:13","guid":{"rendered":"https:\/\/tsv-giessen.de\/?post_type=product&#038;p=38600"},"modified":"2026-04-27T21:21:30","modified_gmt":"2026-04-27T19:21:30","slug":"emile","status":"publish","type":"product","link":"https:\/\/tsv-giessen.de\/?product=emile","title":{"rendered":"Emile"},"content":{"rendered":"<p style=\"text-align: left\">Emile stammt aus unserem Partnertierheim. Er bekommt zun\u00e4chst Zeit anzukommen und sich einzuleben.<\/p>\n<p style=\"font-weight: 400\">Noch zeigt sich der junge R\u00fcde sch\u00fcchtern und sehr vorsichtig. Am liebsten versteckt er sich erstmal in seiner H\u00f6hle um von dort zu beobachten, was vor sich geht. Allerdings fasst Emile schnell Vertrauen. Besonders mit guten Leckerlies l\u00e4sst er sich schnell \u00fcberzeugen, dass es sich lohnt mutig zu sein. Bei vertrauten Menschen genie\u00dft er auch die Streicheleinheiten immer mehr. Es braucht wahrscheinlich nicht lange bis das Eis vollst\u00e4ndig gebrochen ist.<\/p>\n<p>Emile teilt sich sein Zimmer mit Amanda. Er orientiert sich noch stark an der H\u00fcndin. Und zeigt sich mit ihr freundlich und sehr sozial.<\/p>\n<p>\u00dcber sein Sozialverhalten gegen\u00fcber anderen Hunden oder sein Verhalten im Umgang mit Kindern und Katzen k\u00f6nnen wir noch keine Aussage treffen.<\/p>\n<p>Der junge R\u00fcde befindet sich noch in der Entwicklung. Seine langen Beine verleihen ihm jetzt schon eine ansehnliche Gr\u00f6\u00dfe, aber wahrscheinlich kommt da noch ein gutes St\u00fcck dazu. Sobald er Vertrauen gefasst und eine Beziehung zu seinen Menschen aufgebaut hat, wird sich sein Verhalten sicherlich auch noch ver\u00e4ndern. Wir berichten \u00fcber seine weitere Entwickelung.<\/p>\n<p>Der junge Emile sucht Menschen, die mit ihm gemeinsam die Welt entdecken, lernen und trainieren. Emile braucht Menschen an seiner Seite, die ihn nach seinen Bed\u00fcrfnissen k\u00f6rperlich und geistig auslasten.<\/p>\n<p>Wessen Interesse konnte der junge R\u00fcde wecken? Wer kann dem sch\u00fcchternen Emile die n\u00f6tige Struktur und Stabilit\u00e4t schenken, die er braucht um Vertrauen aufzubauen und seine Pers\u00f6nlichkeit zu entfalten?<\/p>\n<p>Melden sie sich gerne am Besten per E-Mail bei uns im Tierheim.<\/p>\n<p><strong>Bemerkung:<\/strong><\/p>\n<p><span class=\"fs13 cf1 ff1\"> Beschreibungen sind Momentaufnahmen des Tieres in unserem Tierheim. Jedes Tier kann sich im neuen Zuhause anders entwickeln.<\/span><\/p>\n","protected":false},"excerpt":{"rendered":"<p>Emile stammt aus unserem Partnertierheim. Er bekommt zun\u00e4chst Zeit anzukommen und sich einzuleben. Noch zeigt sich der junge R\u00fcde sch\u00fcchtern und sehr vorsichtig. Am liebsten versteckt er sich erstmal in&#8230;<\/p>\n","protected":false},"featured_media":39925,"template":"","meta":{"_piecal_is_event":false,"_piecal_start_date":"","_piecal_end_date":"","_piecal_is_allday":false},"product_cat":[41,98,58],"product_tag":[],"_links":{"self":[{"href":"https:\/\/tsv-giessen.de\/index.php?rest_route=\/wp\/v2\/product\/38600"}],"collection":[{"href":"https:\/\/tsv-giessen.de\/index.php?rest_route=\/wp\/v2\/product"}],"about":[{"href":"https:\/\/tsv-giessen.de\/index.php?rest_route=\/wp\/v2\/types\/product"}],"wp:featuredmedia":[{"embeddable":true,"href":"https:\/\/tsv-giessen.de\/index.php?rest_route=\/wp\/v2\/media\/39925"}],"wp:attachment":[{"href":"https:\/\/tsv-giessen.de\/index.php?rest_route=%2Fwp%2Fv2%2Fmedia&parent=38600"}],"wp:term":[{"taxonomy":"product_cat","embeddable":true,"href":"https:\/\/tsv-giessen.de\/index.php?rest_route=%2Fwp%2Fv2%2Fproduct_cat&post=38600"},{"taxonomy":"product_tag","embeddable":true,"href":"https:\/\/tsv-giessen.de\/index.php?rest_route=%2Fwp%2Fv2%2Fproduct_tag&post=38600"}],"curies":[{"name":"wp","href":"https:\/\/api.w.org\/{rel}","templated":true}]}}