{"id":38477,"date":"2026-01-27T07:24:56","date_gmt":"2026-01-27T06:24:56","guid":{"rendered":"https:\/\/tsv-giessen.de\/?post_type=product&#038;p=38477"},"modified":"2026-05-14T19:38:50","modified_gmt":"2026-05-14T17:38:50","slug":"trude","status":"publish","type":"product","link":"https:\/\/tsv-giessen.de\/?product=trude","title":{"rendered":"Trude"},"content":{"rendered":"<p>Update (Mai 26):<\/p>\n<p>Trude kommt aus einem rum\u00e4nischen Partner-Tierheim. Sie wurde dort als Welpe mit ihren Geschwistern gefunden. In ihrer Zeit in Rum\u00e4nien scheint sie nur wenig Kontakt mit Menschen gehabt zu haben und ist dadurch unsicher und sehr skeptisch. Ihre Strategie \u2013 \u201eIch mache mich ganz klein und ducke mich weg, dann passiert mir nichts!\u201c \u2013 ist noch sehr deutlich. Gleichzeitig steckt eine sehr mutige und interessierte Seite in Trude. Diese zeigt sich, wenn Trude auf der Tierheimwiese Zeit verbringt oder mit ihren Bezugspersonen im Zimmer verschiedene Signale ein\u00fcbt und beim Leinen- und Maulkorbtraining.<\/p>\n<p>Souver\u00e4ne und menschenfreundliche Hunde helfen ihr sehr beim Kontakt mit Menschen. Sie versteht immer mehr, dass wir ihr nichts B\u00f6ses wollen. Das Verlassen des Tierheim mit Geschirr und Leine ist f\u00fcr Trude noch unheimlich. Hierbei reagiert sie sehr sensibel auf die Stimmung des Menschen &#8211; souver\u00e4ne und klare F\u00fchrung geben ihr Sicherheit und Halt. Trude braucht kein Mitleid, sondern Mitgef\u00fchl, Geduld und Souver\u00e4nit\u00e4t.<\/p>\n<p>Drau\u00dfen auf der Tierheim-Wiese f\u00fchlt sich Trude wohl. Sie schn\u00fcffelt im Gras, beobachtet das Umfeld, orientiert sich an anderen Hunden und liegt in der Sonne. Anfangs streift sie dann immer durch die Gegend, l\u00e4sst sich aber auch durch Worte und Leckerlis heran locken oder legt sich mit einem kleinen Sicherheitsabstand dazu. Leckerlis findet sie generell ganz toll. Trude ist eine mutige und schlaue H\u00fcndin, die schnell versteht, was man von ihr m\u00f6chte und dann auch ausdauernd mitarbeitet. Immer wieder ist der Mut gr\u00f6\u00dfer als die Angst und sie hat zum Beispiel schnell verstanden, wie das Signal \u201eTouch\u201c funktioniert.<\/p>\n<p>Geht Trude alleine an der Leine spazieren, ist sie teilweise unsicher und angespannt. Ein souver\u00e4ner Ersthund und ein souver\u00e4ner Mensch helfen ihr sehr, auch bei den Spazierg\u00e4ngen zu entspannen.<\/p>\n<p>&#8211;<\/p>\n<p>Trude stammt aus unserem Partnertierheim. Die H\u00fcndin bekommt zun\u00e4chst Zeit anzukommen und sich einzuleben.<\/p>\n<p style=\"font-weight: 400\">Noch zeigt sich die ca 1-j\u00e4hrige H\u00fcndin sehr \u00e4ngstlich und scheu. Sie versteckt sich mit Sprotte am liebsten in einer H\u00f6hle. Die beiden Schwestern orientieren sich noch stark aneinander.<\/p>\n<p style=\"font-weight: 400\">Trude bekommt nun die Zeit, die sie braucht um Vertrauen aufzubauen und uns zu zeigen, wer sich hinter den \u00e4ngstlichen Augen versteckt.<\/p>\n<p>Daher k\u00f6nnen wir noch keine weiteren Aussagen \u00fcber ihre Pers\u00f6nlichkeit oder ihr Verhalten treffen.<\/p>\n<p>Wir berichten aber zeitnah \u00fcber ihre weitere Entwicklung.<\/p>\n<p>Wenn Trude ihr Interesse aber bereits geweckt hat und Erfahrung mit Angsthunden vorhanden ist, melden sie sich gerne am Besten per E-Mail bei uns im Tierheim.<\/p>\n<p><strong>Bemerkung:<\/strong><\/p>\n<p><span class=\"fs13 cf1 ff1\"> Beschreibungen sind Momentaufnahmen des Tieres in unserem Tierheim. Jedes Tier kann sich im neuen Zuhause anders entwickeln.<\/span><\/p>\n","protected":false},"excerpt":{"rendered":"<p>Update (Mai 26): Trude kommt aus einem rum\u00e4nischen Partner-Tierheim. Sie wurde dort als Welpe mit ihren Geschwistern gefunden. In ihrer Zeit in Rum\u00e4nien scheint sie nur wenig Kontakt mit Menschen&#8230;<\/p>\n","protected":false},"featured_media":39832,"template":"","meta":{"_piecal_is_event":false,"_piecal_start_date":"","_piecal_end_date":"","_piecal_is_allday":false},"product_cat":[41,58],"product_tag":[],"_links":{"self":[{"href":"https:\/\/tsv-giessen.de\/index.php?rest_route=\/wp\/v2\/product\/38477"}],"collection":[{"href":"https:\/\/tsv-giessen.de\/index.php?rest_route=\/wp\/v2\/product"}],"about":[{"href":"https:\/\/tsv-giessen.de\/index.php?rest_route=\/wp\/v2\/types\/product"}],"wp:featuredmedia":[{"embeddable":true,"href":"https:\/\/tsv-giessen.de\/index.php?rest_route=\/wp\/v2\/media\/39832"}],"wp:attachment":[{"href":"https:\/\/tsv-giessen.de\/index.php?rest_route=%2Fwp%2Fv2%2Fmedia&parent=38477"}],"wp:term":[{"taxonomy":"product_cat","embeddable":true,"href":"https:\/\/tsv-giessen.de\/index.php?rest_route=%2Fwp%2Fv2%2Fproduct_cat&post=38477"},{"taxonomy":"product_tag","embeddable":true,"href":"https:\/\/tsv-giessen.de\/index.php?rest_route=%2Fwp%2Fv2%2Fproduct_tag&post=38477"}],"curies":[{"name":"wp","href":"https:\/\/api.w.org\/{rel}","templated":true}]}}