{"id":38422,"date":"2026-01-24T15:28:57","date_gmt":"2026-01-24T14:28:57","guid":{"rendered":"https:\/\/tsv-giessen.de\/?post_type=product&#038;p=38422"},"modified":"2026-04-29T15:01:48","modified_gmt":"2026-04-29T13:01:48","slug":"queen-und-king","status":"publish","type":"product","link":"https:\/\/tsv-giessen.de\/?product=queen-und-king","title":{"rendered":"Queen und King"},"content":{"rendered":"<p style=\"text-align: center\"><strong>Aktuell keine Vermittlung, da Queen ihre Babys erst gro\u00dfziehen darf.\u00a0<\/strong><\/p>\n<p>&nbsp;<\/p>\n<p>King und Queen sind zusammen als Fundtiere zu uns gekommen. DIe beiden H\u00fcbschen d\u00fcrfen also nat\u00fcrlich auch zusammen wieder ausziehen.<br \/>\nDie beiden h\u00fcbschen Widder sind einfach nur nett. So nett, dass sie bei uns in der Gruppe am absolut untersten Rangende waren und wir sie von den anderen Kaninchen trennen mussten, da sie sich noch nicht mal ans Futter getraut haben.<br \/>\nWenn sie zu anderen Kaninchen ziehen sollen, m\u00fcssen diese also ebenfalls sehr lieb und wenig dominant sein.<br \/>\nGrunds\u00e4tzlich k\u00f6nnen die beiden aber nat\u00fcrlich auch zu zweit in ihr neues Zuhause ziehen.<br \/>\nWidder-Kaninchen z\u00e4hlen mit ihren Schlappohren zu den Qualzuchten und man sollte sich als neuer Besitzer gut dar\u00fcber informieren, was bei ihnen zu beachten ist. Sie neigen zum Beispiel eher mal zu Ohrenentz\u00fcndungen als ihre Stehohr-Verwandten.<br \/>\nDas machen sie aber mit einem absolut freundlichen Charakter wett.<\/p>\n<p>Queen hat bei uns Babys zur Welt gebracht, die vermutlich von Sir stammen. Diese darf sie nun erst einmal gro\u00df ziehen, bevor sie zusammen mit King in ihr neues Zuhause ausziehen darf.<\/p>\n<p>Auf jeden Fall brauchen Kaninchen viel Platz. Mindestens 6 qm Auslauf f\u00fcr ein P\u00e4rchen und f\u00fcr jedes weitere Tier 20% Fl\u00e4che mehr, damit sich all nach Lust und Laune austoben k\u00f6nnen. Das erfreut jedes Kaninchenherz.<\/p>\n<p>Noch ein kleiner Hinweis im Namen unserer Kaninchen: wir wissen, dass sie superweich aussehen (und auch sind). Und so gro\u00df das Verlangen auch sein kann, es einfach hoch zu nehmen und zu kuscheln, zeigt man Kaninchen damit nicht wie lieb man sie hat, sondern macht ihnen Angst. Damit sich Queen und King in ihrer Familie richtig wohl f\u00fchlen k\u00f6nnen, sollte man mit allen Familienmitgliedern die Anstandsregeln von Kaninchen einmal durchgehen. Sie freuen sich, wenn man ihnen Zeit gibt ihre Umgebung und ihre Menschen freiwillig zu erkunden. Daf\u00fcr kann man sich einfach ruhig neben oder in das Gehege setzen und die Tiere beobachten. Gute Leckerlies helfen auch dabei, dass Kaninchen beginnen ihre Menschen toll zu finden. Dann kommen sie h\u00e4ufig von ganz alleine.<\/p>\n<p>King und Queen haben Ihr Interesse geweckt? Dann melden Sie sich gerne bei uns. Wir beraten gerne zu den einzelnen Tieren, ihre Vertr\u00e4glichkeit und zur Vergesellschaftung mit weiteren Kaninchen.<\/p>\n<p><strong><span class=\"fs13 cf1 ff1\">Bemerkung: <\/span><\/strong><span class=\"fs13 cf1 ff1\">Die Beschreibungen sind Momentaufnahmen des Tieres in unserem Tierheim. Jedes Tier kann sich im neuen Zuhause anders entwickeln.<\/span><\/p>\n","protected":false},"excerpt":{"rendered":"<p>Aktuell keine Vermittlung, da Queen ihre Babys erst gro\u00dfziehen darf.\u00a0 &nbsp; King und Queen sind zusammen als Fundtiere zu uns gekommen. DIe beiden H\u00fcbschen d\u00fcrfen also nat\u00fcrlich auch zusammen wieder&#8230;<\/p>\n","protected":false},"featured_media":38427,"template":"","meta":{"_piecal_is_event":false,"_piecal_start_date":"","_piecal_end_date":"","_piecal_is_allday":false},"product_cat":[111,112],"product_tag":[],"_links":{"self":[{"href":"https:\/\/tsv-giessen.de\/index.php?rest_route=\/wp\/v2\/product\/38422"}],"collection":[{"href":"https:\/\/tsv-giessen.de\/index.php?rest_route=\/wp\/v2\/product"}],"about":[{"href":"https:\/\/tsv-giessen.de\/index.php?rest_route=\/wp\/v2\/types\/product"}],"wp:featuredmedia":[{"embeddable":true,"href":"https:\/\/tsv-giessen.de\/index.php?rest_route=\/wp\/v2\/media\/38427"}],"wp:attachment":[{"href":"https:\/\/tsv-giessen.de\/index.php?rest_route=%2Fwp%2Fv2%2Fmedia&parent=38422"}],"wp:term":[{"taxonomy":"product_cat","embeddable":true,"href":"https:\/\/tsv-giessen.de\/index.php?rest_route=%2Fwp%2Fv2%2Fproduct_cat&post=38422"},{"taxonomy":"product_tag","embeddable":true,"href":"https:\/\/tsv-giessen.de\/index.php?rest_route=%2Fwp%2Fv2%2Fproduct_tag&post=38422"}],"curies":[{"name":"wp","href":"https:\/\/api.w.org\/{rel}","templated":true}]}}