{"id":38419,"date":"2026-01-23T19:11:12","date_gmt":"2026-01-23T18:11:12","guid":{"rendered":"https:\/\/tsv-giessen.de\/?post_type=product&#038;p=38419"},"modified":"2026-03-23T15:19:29","modified_gmt":"2026-03-23T14:19:29","slug":"ivan","status":"publish","type":"product","link":"https:\/\/tsv-giessen.de\/?product=ivan","title":{"rendered":"Ivan"},"content":{"rendered":"<p data-start=\"63\" data-end=\"322\">Update M\u00e4rz 2026: Ivan ist ein echter Charakterkater mit Ecken und Kanten. Er lebt zur Zeit mit 2 anderen Katzen auf einer Pflegestelle in Reiskirchen. Er sucht aktiv die N\u00e4he zu seinen Menschen, m\u00f6chte aber dabei noch nicht angefasst werden. Er genie\u00dft es in der N\u00e4he auf der Couch chillen oder mit den anderen Katzen durch die Wohnung zu tollen. Da er einen gro\u00dfen Bewegungsdrang hat sucht er ein Zuhause mit Freigang mit Menschen die ihn lieben wie er ist. Gesundheitlich muss man beachten da\u00df er Oxalatsteine hat und deshalb hochwertiges Futter ben\u00f6tigen um die Entstehung zu minimieren. Unter 015751130503 k\u00f6nnen sie einen Termin vereinbaren um Ivan kennenzulernen.<\/p>\n<p data-start=\"63\" data-end=\"322\">Ivan ist ein echter Charakterkater. Urspr\u00fcnglich als Fundkatze auf dem Lidl-Parkplatz in Lich entdeckt, lebte er seit Oktober 2021 bei seinem Vorbesitzer. Nun sucht er Menschen, die ihn so nehmen, wie er ist \u2013 mit Ecken, Kanten und ganz viel Eigenst\u00e4ndigkeit.<\/p>\n<p data-start=\"324\" data-end=\"725\">Ivan war bisher Wohnungskatze, allerdings w\u00fcrde ihm Freigang in einem sicheren (ggf. gesicherten) Umfeld sicher gut tun. Er ist an Hunde und Kinder gew\u00f6hnt, m\u00f6chte aber insgesamt eher seine Ruhe haben. Er ist kein klassischer Schmusekater: handzahm ist er nicht, l\u00e4sst jedoch nach l\u00e4ngerer Kennenlernphase die N\u00e4he des Menschen zu und toleriert kurze, vorsichtige Ber\u00fchrungen. Besonders sch\u00f6n: Futter aus der Hand nimmt er gerne \u2013 sein stiller Weg, Vertrauen zu zeigen.<\/p>\n<p data-start=\"727\" data-end=\"994\">Gesundheitlich bringt Ivan ein P\u00e4ckchen mit: Bei ihm wurden Oxalatsteine festgestellt. Er bekommt spezielles Futter, aktuell noch Schmerzmedikamente und ben\u00f6tigt regelm\u00e4\u00dfige Urinkontrollen. Das sollte zuk\u00fcnftigen Haltern bewusst sein und zuverl\u00e4ssig umgesetzt werden.<\/p>\n<p data-start=\"996\" data-end=\"1308\">Ivan sollte nicht als Einzelkatze leben, sondern entweder mit einer Katze oder zu einer vorhandenen, passenden Katze ausziehen. Beim Handling \u2013 etwa Tierarztbesuchen oder dem Einpacken in die Transportbox \u2013 kann Ivan sich auch mithilfe von Z\u00e4hnen und Krallen zur Wehr setzen. Hier sind Katzenverstand, Erfahrung und Fingerspitzengef\u00fchl absolut notwendig.<\/p>\n<p data-start=\"1310\" data-end=\"1579\" data-is-last-node=\"\" data-is-only-node=\"\">Ivan sucht kein Zuhause f\u00fcr \u201enebenbei\u201c, sondern Menschen, die seinen Wunsch nach Abstand respektieren, ihn lesen k\u00f6nnen und ihm trotzdem Sicherheit geben. Wer genau das kann, bekommt einen stillen, eigenst\u00e4ndigen Kater, der auf seine ganz eigene Art Bindung zeigt. \ud83d\udc3e\ud83d\udc99<\/p>\n<p><strong>Bemerkung:<\/strong><br \/>\nDie Beschreibungen sind Momentaufnahmen des Tieres in unserem Tierheim. Jedes Tier kann sich im neuen Zuhause anders entwickeln.<\/p>\n","protected":false},"excerpt":{"rendered":"<p>Update M\u00e4rz 2026: Ivan ist ein echter Charakterkater mit Ecken und Kanten. Er lebt zur Zeit mit 2 anderen Katzen auf einer Pflegestelle in Reiskirchen. Er sucht aktiv die N\u00e4he&#8230;<\/p>\n","protected":false},"featured_media":38421,"template":"","meta":{"_piecal_is_event":false,"_piecal_start_date":"","_piecal_end_date":"","_piecal_is_allday":false},"product_cat":[59,60,161],"product_tag":[],"_links":{"self":[{"href":"https:\/\/tsv-giessen.de\/index.php?rest_route=\/wp\/v2\/product\/38419"}],"collection":[{"href":"https:\/\/tsv-giessen.de\/index.php?rest_route=\/wp\/v2\/product"}],"about":[{"href":"https:\/\/tsv-giessen.de\/index.php?rest_route=\/wp\/v2\/types\/product"}],"wp:featuredmedia":[{"embeddable":true,"href":"https:\/\/tsv-giessen.de\/index.php?rest_route=\/wp\/v2\/media\/38421"}],"wp:attachment":[{"href":"https:\/\/tsv-giessen.de\/index.php?rest_route=%2Fwp%2Fv2%2Fmedia&parent=38419"}],"wp:term":[{"taxonomy":"product_cat","embeddable":true,"href":"https:\/\/tsv-giessen.de\/index.php?rest_route=%2Fwp%2Fv2%2Fproduct_cat&post=38419"},{"taxonomy":"product_tag","embeddable":true,"href":"https:\/\/tsv-giessen.de\/index.php?rest_route=%2Fwp%2Fv2%2Fproduct_tag&post=38419"}],"curies":[{"name":"wp","href":"https:\/\/api.w.org\/{rel}","templated":true}]}}