{"id":38378,"date":"2026-01-22T19:10:32","date_gmt":"2026-01-22T18:10:32","guid":{"rendered":"https:\/\/tsv-giessen.de\/?post_type=product&#038;p=38378"},"modified":"2026-02-09T17:01:37","modified_gmt":"2026-02-09T16:01:37","slug":"magnus","status":"publish","type":"product","link":"https:\/\/tsv-giessen.de\/?product=magnus","title":{"rendered":"Magnus"},"content":{"rendered":"<p data-start=\"65\" data-end=\"374\">Magnus ist eine Wohnungskatze und stammt aus einer unkontrollierten Vermehrung. Sie bringt deshalb \u2013 und auch aufgrund ihrer Vorgeschichte \u2013 ein hohes Ma\u00df an Vorsicht gegen\u00fcber Menschen mit. Anfangs ist sie deutlich auf Habachtstellung und beobachtet lieber aus sicherer Entfernung, was um sie herum passiert.<\/p>\n<p data-start=\"376\" data-end=\"679\">Durch langwierige medizinische Behandlungen hat Magnus leider gelernt, dass Handling durch Menschen oft nichts Gutes bedeutet. Entsprechend ist sie kein Fan davon und reagiert sensibel, schreckhaft und insgesamt eher unsicher. N\u00e4he l\u00e4sst sie momentan nur sehr dosiert zu \u2013 und das muss man respektieren.<\/p>\n<p data-start=\"681\" data-end=\"1070\">Magnus sucht ein ruhiges Zuhause ohne Trubel. Kinder sollten bereits \u00e4lter sein und verstehen k\u00f6nnen, dass diese Katzendame ihre eigenen Grenzen hat. Katzenerfahrung und viel Fingerspitzengef\u00fchl sind hier definitiv von Vorteil. Sehr wichtig ist au\u00dferdem eine souver\u00e4ne Zweitkatze oder eine Katze aus ihrer bisherigen Gruppe, an der sich Magnus orientieren kann und die ihr Sicherheit gibt.<\/p>\n<p data-start=\"1072\" data-end=\"1337\" data-is-last-node=\"\" data-is-only-node=\"\">Wer bereit ist, Geduld aufzubringen, leise T\u00f6ne anzuschlagen und Magnus einfach so zu akzeptieren, wie sie ist, schenkt ihr die Chance auf ein stressfreies Leben. Sie ist keine Katze f\u00fcr schnelle Erfolge \u2013 aber eine f\u00fcr Menschen mit Herz, Ruhe und Verst\u00e4ndnis. \ud83d\udc3e\ud83d\udc99<\/p>\n<p><strong>Bemerkung:<\/strong><br \/>\nDie Beschreibungen sind Momentaufnahmen des Tieres in unserem Tierheim. Jedes Tier kann sich im neuen Zuhause anders entwickeln.<\/p>\n","protected":false},"excerpt":{"rendered":"<p>Magnus ist eine Wohnungskatze und stammt aus einer unkontrollierten Vermehrung. Sie bringt deshalb \u2013 und auch aufgrund ihrer Vorgeschichte \u2013 ein hohes Ma\u00df an Vorsicht gegen\u00fcber Menschen mit. Anfangs ist&#8230;<\/p>\n","protected":false},"featured_media":38382,"template":"","meta":{"_piecal_is_event":false,"_piecal_start_date":"","_piecal_end_date":"","_piecal_is_allday":false},"product_cat":[59,61],"product_tag":[],"_links":{"self":[{"href":"https:\/\/tsv-giessen.de\/index.php?rest_route=\/wp\/v2\/product\/38378"}],"collection":[{"href":"https:\/\/tsv-giessen.de\/index.php?rest_route=\/wp\/v2\/product"}],"about":[{"href":"https:\/\/tsv-giessen.de\/index.php?rest_route=\/wp\/v2\/types\/product"}],"wp:featuredmedia":[{"embeddable":true,"href":"https:\/\/tsv-giessen.de\/index.php?rest_route=\/wp\/v2\/media\/38382"}],"wp:attachment":[{"href":"https:\/\/tsv-giessen.de\/index.php?rest_route=%2Fwp%2Fv2%2Fmedia&parent=38378"}],"wp:term":[{"taxonomy":"product_cat","embeddable":true,"href":"https:\/\/tsv-giessen.de\/index.php?rest_route=%2Fwp%2Fv2%2Fproduct_cat&post=38378"},{"taxonomy":"product_tag","embeddable":true,"href":"https:\/\/tsv-giessen.de\/index.php?rest_route=%2Fwp%2Fv2%2Fproduct_tag&post=38378"}],"curies":[{"name":"wp","href":"https:\/\/api.w.org\/{rel}","templated":true}]}}