{"id":38331,"date":"2026-01-20T15:09:55","date_gmt":"2026-01-20T14:09:55","guid":{"rendered":"https:\/\/tsv-giessen.de\/?post_type=product&#038;p=38331"},"modified":"2026-02-11T16:30:27","modified_gmt":"2026-02-11T15:30:27","slug":"skipper-rico-private-und-kowalski","status":"publish","type":"product","link":"https:\/\/tsv-giessen.de\/?product=skipper-rico-private-und-kowalski","title":{"rendered":"Skipper, Rico und Private"},"content":{"rendered":"<div class=\"flex-shrink-0 flex flex-col relative items-end\"><\/div>\n<p>Kaum hatten wir die Ratten im Gurkenglas verkraftet, kam schon der n\u00e4chste Schock morgens auf uns zu.<br \/>\n4 H\u00e4hne wurden uns einfach \u00fcber den Zaun geworfen, kaum 20m entfernt von unserem Fundtierhaus, wo sie sicher und warm gesessen h\u00e4tten. So sa\u00dfen sie &#8211; wir wissen nicht wie lange &#8211; bei Minusgraden im zweistelligen Bereich bei uns hinterm Zaun, bevor sie morgens von den Tierpflegern entdeckt und eingesammelt wurden.<br \/>\nDie vier wundersch\u00f6nen H\u00e4hne suchen nun ein neues Zuhause, entweder einzeln zu einer Hennenschar dazu, oder aber auch zu viert, in H\u00e4nde, die nicht planen, Hennen dazu zu setzen.<br \/>\nGerne geben wir auch Tipps und Tricks weiter, wie 4 H\u00e4hne miteinander auskommen k\u00f6nnen, auch wenn alle ausgewachsen sind.<br \/>\nWir vermuten, dass drei der viere noch Jungh\u00e4hne sind, und Skipper der \u00e4lteste der Truppe.<br \/>\nWer verliebt sich in die vier wunderh\u00fcbschen Brahma (-Mixe) und w\u00fcrde sie gerne \u00fcbernehmen?<\/p>\n<div>Wir freuen uns \u00fcber eine Nachricht von Ihnen am besten per E-Mail.<\/div>\n<div><\/div>\n<div class=\"flex-shrink-0 flex flex-col relative items-end\">\n<div class=\"pt-0\">\n<div class=\"gizmo-bot-avatar flex h-8 w-8 items-center justify-center overflow-hidden rounded-full\"><strong>B<\/strong><b>emerkung:<\/b><\/div>\n<\/div>\n<\/div>\n<p><span class=\"fs13 cf1 ff1\">Die Beschreibungen sind Momentaufnahmen des Tieres in unserem Tierheim. Jedes Tier kann sich im neuen Zuhause anders entwickeln.<\/span><\/p>\n","protected":false},"excerpt":{"rendered":"<p>Kaum hatten wir die Ratten im Gurkenglas verkraftet, kam schon der n\u00e4chste Schock morgens auf uns zu. 4 H\u00e4hne wurden uns einfach \u00fcber den Zaun geworfen, kaum 20m entfernt von&#8230;<\/p>\n","protected":false},"featured_media":38333,"template":"","meta":{"_piecal_is_event":false,"_piecal_start_date":"","_piecal_end_date":"","_piecal_is_allday":false},"product_cat":[111,114,765],"product_tag":[],"_links":{"self":[{"href":"https:\/\/tsv-giessen.de\/index.php?rest_route=\/wp\/v2\/product\/38331"}],"collection":[{"href":"https:\/\/tsv-giessen.de\/index.php?rest_route=\/wp\/v2\/product"}],"about":[{"href":"https:\/\/tsv-giessen.de\/index.php?rest_route=\/wp\/v2\/types\/product"}],"wp:featuredmedia":[{"embeddable":true,"href":"https:\/\/tsv-giessen.de\/index.php?rest_route=\/wp\/v2\/media\/38333"}],"wp:attachment":[{"href":"https:\/\/tsv-giessen.de\/index.php?rest_route=%2Fwp%2Fv2%2Fmedia&parent=38331"}],"wp:term":[{"taxonomy":"product_cat","embeddable":true,"href":"https:\/\/tsv-giessen.de\/index.php?rest_route=%2Fwp%2Fv2%2Fproduct_cat&post=38331"},{"taxonomy":"product_tag","embeddable":true,"href":"https:\/\/tsv-giessen.de\/index.php?rest_route=%2Fwp%2Fv2%2Fproduct_tag&post=38331"}],"curies":[{"name":"wp","href":"https:\/\/api.w.org\/{rel}","templated":true}]}}