{"id":38273,"date":"2026-01-14T08:20:17","date_gmt":"2026-01-14T07:20:17","guid":{"rendered":"https:\/\/tsv-giessen.de\/?post_type=product&#038;p=38273"},"modified":"2026-04-10T20:56:33","modified_gmt":"2026-04-10T18:56:33","slug":"kaya","status":"publish","type":"product","link":"https:\/\/tsv-giessen.de\/?product=kaya","title":{"rendered":"Kaya"},"content":{"rendered":"<p>Kaya &#8211; Menschen bezogene, verspielte Einzelprinzessin sucht aktive Menschen<\/p>\n<p>Kaya ist eine ca. 8 j\u00e4hrige wundersch\u00f6ne cremefarbene Border Collie-Sch\u00e4ferhund-Mischlingsh\u00fcndin.<\/p>\n<p>Kaya zeigt sich Menschen gegen\u00fcber immer freundlich, verspielt und sehr verschmust. Sie genie\u00dft jede Aufmerksamkeit, die man ihr schenkt.<\/p>\n<p>Mit einem Spielzeug kann man die aufgeweckte H\u00fcndin sehr begeistern. Gemeinsame Spielrunden auf der Wiese sind f\u00fcr Kaya das Gr\u00f6\u00dfte. Allerdings sind wilde Wurfspiele, wo sie dem Spielzeug hinter rennt nicht das Richtige f\u00fcr Kaya. Besser geeignet sind Spielvarianten, in denen die schlaue H\u00fcndin das Spielzeug suchen darf oder sie eine Aufgabe bew\u00e4ltigen muss um mit einem gemeinsamen Spiel belohnt zu werden. Gerne tr\u00e4gt Kaya ihr Spielzeug auch einige Zeit auf dem Spaziergang.<\/p>\n<p>Andere Hunde m\u00fcssen f\u00fcr Kaya nicht wirklich sein. Im Freilauf geht sie diesen am liebsten aus dem Weg. Kommt ihr ein Artgenossen doch zu aufdringlich n\u00e4her korrigiert sie diesen sehr deutlich. Mit manchen ruhigen, h\u00f6flichen Hunden kommt sie gut zurecht. Allerdings reagiert sie im h\u00e4uslichen Umfeld eher eifers\u00fcchtig. Daher suchen wir f\u00fcr Kaya einen Platz als Einzelprinzessin, wo sie die volle Aufmerksamkeit genie\u00dfen darf.<\/p>\n<p>Mit Kindern ab einem jugendlichen Alter kommt Kaya gut zurecht. Kleinere Kinder, die sehr wuselig und lebendig durch die Wohnung toben sind f\u00fcr Kaya wahrscheinlich \u00fcberfordernd.<\/p>\n<p>Auf Spazierg\u00e4ngen muss an der Leinenf\u00fchrigkeit noch ein wenig gearbeitet werden. Unbekannte Situationen oder auch ein Tierarztbesuch verunsichern sie allerdings. Aber mit Zuspruch und guter Anleitung meistert sie bisher alles sehr gut.<\/p>\n<p>F\u00fcr Kaya w\u00fcnschen wir uns aktive Menschen, die gemeinsam mit der H\u00fcndin viel unternehmen m\u00f6chten: Zusammen trainieren, spielen, kuscheln und drau\u00dfen die Welt entdecken. Kaya\u00a0 ist intelligent und aufgeweckt &#8211; aber sie wei\u00df auch genau was sie m\u00f6chte und was nicht.<\/p>\n<p>Wer Lust hat Kaya kennenzulernen darf sich gerne per E-Mail bei uns melden.<\/p>\n<p><strong>Bemerkung:<\/strong><\/p>\n<p><span class=\"fs13 cf1 ff1\"> Beschreibungen sind Momentaufnahmen des Tieres in unserem Tierheim. Jedes Tier kann sich im neuen Zuhause anders entwickeln.<\/span><\/p>\n","protected":false},"excerpt":{"rendered":"<p>Kaya &#8211; Menschen bezogene, verspielte Einzelprinzessin sucht aktive Menschen Kaya ist eine ca. 8 j\u00e4hrige wundersch\u00f6ne cremefarbene Border Collie-Sch\u00e4ferhund-Mischlingsh\u00fcndin. Kaya zeigt sich Menschen gegen\u00fcber immer freundlich, verspielt und sehr verschmust&#8230;.<\/p>\n","protected":false},"featured_media":38478,"template":"","meta":{"_piecal_is_event":false,"_piecal_start_date":"","_piecal_end_date":"","_piecal_is_allday":false},"product_cat":[41,58],"product_tag":[],"_links":{"self":[{"href":"https:\/\/tsv-giessen.de\/index.php?rest_route=\/wp\/v2\/product\/38273"}],"collection":[{"href":"https:\/\/tsv-giessen.de\/index.php?rest_route=\/wp\/v2\/product"}],"about":[{"href":"https:\/\/tsv-giessen.de\/index.php?rest_route=\/wp\/v2\/types\/product"}],"wp:featuredmedia":[{"embeddable":true,"href":"https:\/\/tsv-giessen.de\/index.php?rest_route=\/wp\/v2\/media\/38478"}],"wp:attachment":[{"href":"https:\/\/tsv-giessen.de\/index.php?rest_route=%2Fwp%2Fv2%2Fmedia&parent=38273"}],"wp:term":[{"taxonomy":"product_cat","embeddable":true,"href":"https:\/\/tsv-giessen.de\/index.php?rest_route=%2Fwp%2Fv2%2Fproduct_cat&post=38273"},{"taxonomy":"product_tag","embeddable":true,"href":"https:\/\/tsv-giessen.de\/index.php?rest_route=%2Fwp%2Fv2%2Fproduct_tag&post=38273"}],"curies":[{"name":"wp","href":"https:\/\/api.w.org\/{rel}","templated":true}]}}