{"id":38268,"date":"2026-01-13T07:07:30","date_gmt":"2026-01-13T06:07:30","guid":{"rendered":"https:\/\/tsv-giessen.de\/?post_type=product&#038;p=38268"},"modified":"2026-03-28T10:18:43","modified_gmt":"2026-03-28T09:18:43","slug":"benji","status":"publish","type":"product","link":"https:\/\/tsv-giessen.de\/?product=benji","title":{"rendered":"Benji"},"content":{"rendered":"<p>Benji ist ein schwarz-wei\u00dfer bildh\u00fcbscher Staffordshire Bullterrier Mix. Er hatte bereits einige Vorbesitzer &#8211; immer wieder musste er aus \u00dcberforderung seine Familie verlassen. Am Ende kam es in seinem letzten Zuhause zu einem Bei\u00dfvorfall. Die Besitzer hatten Angst vor Benji und kontaktierten das Tierheim. Die Tierheimleitung sicherte gemeinsam mit Mitarbeitern den R\u00fcden im Haus der Vorbesitzer und brachten den sehr verunsicherten Hund ins Tierheim.<\/p>\n<p>Benji bekommt nun Zeit sich einzuleben. Wir lernen uns gegenseitig kennen und bauen mit viel Geduld und ersten Trainingsschritten eine Vertrauensbasis auf.<\/p>\n<p>Vom ersten Eindruck wirkt Benji sehr unsicher und vorsichtig. F\u00fchlt er sich bedr\u00e4ngt oder \u00fcberfordert knurrt er deutlich und zeigt auch Tendenzen nach vorne zu gehen. Bei ihm vertrauten Menschen taut er auf, zeigt sich sehr freudig und begr\u00fc\u00dft diese \u00fcberschwenglich.<\/p>\n<p>Wir nehmen euch gerne mit auf Benji&#8217;s Reise. Zur Zeit steht der R\u00fcde noch nicht zur Vermittlung. Aber \u00fcber Paten und Menschen, die ihn unterst\u00fctzen m\u00f6chten, w\u00fcrden wir uns sehr freuen.<\/p>\n<p>Benji verdient eine Chance. Er muss noch viel lernen: er braucht Training und Vertrauen. Wer eine Patenschaft f\u00fcr ihn \u00fcbernehmen m\u00f6chte oder mit einer Spende helfen mag, darf sich sehr gerne bei uns im Tierheim melden<\/p>\n<p>Wer Lust hat Benji kennenzulernen darf sich gerne per E-Mail bei uns melden.<\/p>\n<p><strong>Bemerkung:<\/strong><\/p>\n<p><span class=\"fs13 cf1 ff1\"> Beschreibungen sind Momentaufnahmen des Tieres in unserem Tierheim. Jedes Tier kann sich im neuen Zuhause anders entwickeln.<\/span><\/p>\n","protected":false},"excerpt":{"rendered":"<p>Benji ist ein schwarz-wei\u00dfer bildh\u00fcbscher Staffordshire Bullterrier Mix. Er hatte bereits einige Vorbesitzer &#8211; immer wieder musste er aus \u00dcberforderung seine Familie verlassen. Am Ende kam es in seinem letzten&#8230;<\/p>\n","protected":false},"featured_media":38116,"template":"","meta":{"_piecal_is_event":false,"_piecal_start_date":"","_piecal_end_date":"","_piecal_is_allday":false},"product_cat":[110,147,41,58],"product_tag":[],"_links":{"self":[{"href":"https:\/\/tsv-giessen.de\/index.php?rest_route=\/wp\/v2\/product\/38268"}],"collection":[{"href":"https:\/\/tsv-giessen.de\/index.php?rest_route=\/wp\/v2\/product"}],"about":[{"href":"https:\/\/tsv-giessen.de\/index.php?rest_route=\/wp\/v2\/types\/product"}],"wp:featuredmedia":[{"embeddable":true,"href":"https:\/\/tsv-giessen.de\/index.php?rest_route=\/wp\/v2\/media\/38116"}],"wp:attachment":[{"href":"https:\/\/tsv-giessen.de\/index.php?rest_route=%2Fwp%2Fv2%2Fmedia&parent=38268"}],"wp:term":[{"taxonomy":"product_cat","embeddable":true,"href":"https:\/\/tsv-giessen.de\/index.php?rest_route=%2Fwp%2Fv2%2Fproduct_cat&post=38268"},{"taxonomy":"product_tag","embeddable":true,"href":"https:\/\/tsv-giessen.de\/index.php?rest_route=%2Fwp%2Fv2%2Fproduct_tag&post=38268"}],"curies":[{"name":"wp","href":"https:\/\/api.w.org\/{rel}","templated":true}]}}