{"id":38232,"date":"2026-01-09T06:02:25","date_gmt":"2026-01-09T05:02:25","guid":{"rendered":"https:\/\/tsv-giessen.de\/?post_type=product&#038;p=38232"},"modified":"2026-01-09T06:11:50","modified_gmt":"2026-01-09T05:11:50","slug":"luke-2","status":"publish","type":"product","link":"https:\/\/tsv-giessen.de\/?product=luke-2","title":{"rendered":"Luke"},"content":{"rendered":"<p style=\"font-weight: 400\">Luke ist ein 5-j\u00e4hriger Border Collie, der ein erfahrenes und liebevolles Zuhause sucht. Er ist ein fr\u00f6hlicher, verschmuster Hund, sehr lernfreudig und aktiv. Gleichzeitig ben\u00f6tigt er jedoch hundeerfahrene Menschen, die mit seinem Bei\u00dfverhalten umgehen k\u00f6nnen und seine Grenzen respektieren.<\/p>\n<p style=\"font-weight: 400\"><strong>Steckbrief<\/strong><br \/>\nName: Luke | Alter: 5 Jahre | Rasse: Border Collie | Gesundheit: Schilddr\u00fcsenmedikation, R\u00fcckbiss (optisch, keine Einschr\u00e4nkung), mehrfach gebissen und nachgefasst<br \/>\nCharakter &amp; Verhalten<br \/>\n\u2022 Lebensfroh, verschmust und liebt Bewegung<br \/>\n\u2022 Sehr arbeitswillig, lernt schnell, begeistert von Dog Dancing<br \/>\n\u2022 Zuhause ruhig, kann alleine bleiben, liebt Autofahren<br \/>\n\u2022 Mit Hunden grunds\u00e4tzlich vertr\u00e4glich, an langer Leine verspielt<br \/>\n\u2022 An der Leine bellt und zieht er stark, sobald er einen Hund sieht<br \/>\n\u2022 In Stresssituationen (Ressourcen, Enge) hat er Bei\u00dfverhalten gezeigt \u2192 tr\u00e4gt oft Maulkorb<br \/>\n\u2022 Mit souver\u00e4ner F\u00fchrung und klaren Strukturen ein treuer Begleiter<br \/>\n\u2022 braucht Sicherheit und Ruhe, er ist unsicher und \u00e4ngstlich.<\/p>\n<p style=\"font-weight: 400\">\n<strong>Wunschzuhause<\/strong><br \/>\nLuke sucht hundeerfahrene Menschen, die Freude am Training haben, seine Signale lesen k\u00f6nnen und Verst\u00e4ndnis f\u00fcr Maulkorbtraining sowie Ressourcenproblematik mitbringen. F\u00fcr Familien mit kleinen Kindern ist er nicht geeignet. Er soll nicht im Tierheim landen \u2013 Luke hat so viel Liebe und Lebensfreude zu geben, wenn er in die richtigen H\u00e4nde kommt. \u2764\ufe0f\ud83d\udc3e<br \/>\nBei Interesse oder Fragen bitte melden bei:<br \/>\nJannik Spindler<br \/>\n01712271269 oder jannikspindler@googlemail.com<\/p>\n<p><strong>Bemerkung:<\/strong><\/p>\n<p><span class=\"fs13 cf1 ff1\"> Beschreibungen sind Momentaufnahmen des Tieres in unserem Tierheim. Jedes Tier kann sich im neuen Zuhause anders entwickeln.<\/span><\/p>\n","protected":false},"excerpt":{"rendered":"<p>Luke ist ein 5-j\u00e4hriger Border Collie, der ein erfahrenes und liebevolles Zuhause sucht. Er ist ein fr\u00f6hlicher, verschmuster Hund, sehr lernfreudig und aktiv. Gleichzeitig ben\u00f6tigt er jedoch hundeerfahrene Menschen, die&#8230;<\/p>\n","protected":false},"featured_media":38233,"template":"","meta":{"_piecal_is_event":false,"_piecal_start_date":"","_piecal_end_date":"","_piecal_is_allday":false},"product_cat":[159],"product_tag":[],"_links":{"self":[{"href":"https:\/\/tsv-giessen.de\/index.php?rest_route=\/wp\/v2\/product\/38232"}],"collection":[{"href":"https:\/\/tsv-giessen.de\/index.php?rest_route=\/wp\/v2\/product"}],"about":[{"href":"https:\/\/tsv-giessen.de\/index.php?rest_route=\/wp\/v2\/types\/product"}],"wp:featuredmedia":[{"embeddable":true,"href":"https:\/\/tsv-giessen.de\/index.php?rest_route=\/wp\/v2\/media\/38233"}],"wp:attachment":[{"href":"https:\/\/tsv-giessen.de\/index.php?rest_route=%2Fwp%2Fv2%2Fmedia&parent=38232"}],"wp:term":[{"taxonomy":"product_cat","embeddable":true,"href":"https:\/\/tsv-giessen.de\/index.php?rest_route=%2Fwp%2Fv2%2Fproduct_cat&post=38232"},{"taxonomy":"product_tag","embeddable":true,"href":"https:\/\/tsv-giessen.de\/index.php?rest_route=%2Fwp%2Fv2%2Fproduct_tag&post=38232"}],"curies":[{"name":"wp","href":"https:\/\/api.w.org\/{rel}","templated":true}]}}