{"id":38139,"date":"2026-01-06T07:36:21","date_gmt":"2026-01-06T06:36:21","guid":{"rendered":"https:\/\/tsv-giessen.de\/?post_type=product&#038;p=38139"},"modified":"2026-03-19T09:32:28","modified_gmt":"2026-03-19T08:32:28","slug":"bailey","status":"publish","type":"product","link":"https:\/\/tsv-giessen.de\/?product=bailey","title":{"rendered":"Bailey"},"content":{"rendered":"<p>Bailey &#8211; unsicherer R\u00fcde mit viel Potential f\u00fcr Menschen mit Erfahrung<\/p>\n<p>Bailey wurde bei uns im Tierheim schweren Herzens abgegeben. Der kastrierte R\u00fcde zeigte zunehmende Unsicherheiten gegen\u00fcber dem Kind der Familie. Die \u00dcberforderung nahm auf allen Seiten zu und Bailey neigte zum abschnappen.<\/p>\n<p>Im Tierheim lie\u00df sich schnell das Vertrauen des sch\u00fcchternen R\u00fcden gewinnen. Bailey bindet sich stark an seine Bezugsperson. Er neigt dazu sich seinen &#8220;Lieblingsmenschen&#8221; auszusuchen und dann sehr eifers\u00fcchtig gegen andere Hunde aber auch anderen Menschen zu reagieren. Daran muss von Anfang an trainiert werden.<\/p>\n<p>Bailey ist ein bildh\u00fcbscher R\u00fcde. Hat er Vertrauen gefasst ist er sehr anh\u00e4nglich und verschmust.<\/p>\n<p>Auf Spazierg\u00e4ngen ist er noch sehr durch die \u00e4u\u00dferen Reize abgelenkt. Zur Zeit wird an seiner Orientierung zum Menschen und der Leinenf\u00fchrigkeit trainiert.<\/p>\n<p>Bailey zeigt sich im Hundekontakt grunds\u00e4tzlich freundlich. Zu Beginn ist er etwas unsicher. Bei sehr impulsiven Hunden reagiert er abwehrend. Auch mit einigen unkastrierten R\u00fcden hat er gro\u00dfen Diskussionsbedarf. Sobald Situationen auftreten in denen er eifers\u00fcchtig reagiert, zeigt er sich besonders gegen\u00fcber schw\u00e4cheren Hunden sehr \u00fcbergriffig. Sein Verhalten ist dann deutlich \u00fcbersteigert.<\/p>\n<p>Auf der anderen Seite profitiert er von einem souver\u00e4nen Hund, der ihm Ruhe und Sicherheit vermittelt.<\/p>\n<p>Erh\u00e4lt Bailey eine klare und liebevolle Anleitung findet er Sicherheit. Seine \u00fcbersteigerte Eifersucht liegt wahrscheinlich in seiner Unsicherheit begr\u00fcndet. Der R\u00fcde braucht Struktur und Regeln die ihm Halt geben.<\/p>\n<p>Bailey hat das Potenzial sich zu einem wunderbaren Begleiter seiner neuen Menschen zu entwickeln. Allerdings sollte man sich auch der Verantwortung bewusst sein: Bailey ben\u00f6tigt Vertrauen, ein sicheres und ruhiges Umfeld, aber auch Training, Regeln und Strukturen.<\/p>\n<p>Wer sieht das Potenzial in Bailey und hat ausreichend Erfahrung um Bailey die Sicherheit zu geben, die er braucht?<\/p>\n<p>Wer Lust hat Bailey kennenzulernen darf sich gerne per E-Mail bei uns melden.<\/p>\n<p><strong>Bemerkung:<\/strong><\/p>\n<p><span class=\"fs13 cf1 ff1\"> Beschreibungen sind Momentaufnahmen des Tieres in unserem Tierheim. Jedes Tier kann sich im neuen Zuhause anders entwickeln.<\/span><\/p>\n","protected":false},"excerpt":{"rendered":"<p>Bailey &#8211; unsicherer R\u00fcde mit viel Potential f\u00fcr Menschen mit Erfahrung Bailey wurde bei uns im Tierheim schweren Herzens abgegeben. Der kastrierte R\u00fcde zeigte zunehmende Unsicherheiten gegen\u00fcber dem Kind der&#8230;<\/p>\n","protected":false},"featured_media":38114,"template":"","meta":{"_piecal_is_event":false,"_piecal_start_date":"","_piecal_end_date":"","_piecal_is_allday":false},"product_cat":[41,58],"product_tag":[],"_links":{"self":[{"href":"https:\/\/tsv-giessen.de\/index.php?rest_route=\/wp\/v2\/product\/38139"}],"collection":[{"href":"https:\/\/tsv-giessen.de\/index.php?rest_route=\/wp\/v2\/product"}],"about":[{"href":"https:\/\/tsv-giessen.de\/index.php?rest_route=\/wp\/v2\/types\/product"}],"wp:featuredmedia":[{"embeddable":true,"href":"https:\/\/tsv-giessen.de\/index.php?rest_route=\/wp\/v2\/media\/38114"}],"wp:attachment":[{"href":"https:\/\/tsv-giessen.de\/index.php?rest_route=%2Fwp%2Fv2%2Fmedia&parent=38139"}],"wp:term":[{"taxonomy":"product_cat","embeddable":true,"href":"https:\/\/tsv-giessen.de\/index.php?rest_route=%2Fwp%2Fv2%2Fproduct_cat&post=38139"},{"taxonomy":"product_tag","embeddable":true,"href":"https:\/\/tsv-giessen.de\/index.php?rest_route=%2Fwp%2Fv2%2Fproduct_tag&post=38139"}],"curies":[{"name":"wp","href":"https:\/\/api.w.org\/{rel}","templated":true}]}}