{"id":37988,"date":"2025-12-30T07:17:32","date_gmt":"2025-12-30T06:17:32","guid":{"rendered":"https:\/\/tsv-giessen.de\/?post_type=product&#038;p=37988"},"modified":"2026-01-18T12:05:41","modified_gmt":"2026-01-18T11:05:41","slug":"apollo","status":"publish","type":"product","link":"https:\/\/tsv-giessen.de\/?product=apollo","title":{"rendered":"Apollo &amp; Atlas"},"content":{"rendered":"<p data-start=\"261\" data-end=\"532\">Die beiden Kater <strong data-start=\"278\" data-end=\"287\">Atlas<\/strong> und <strong data-start=\"292\" data-end=\"302\">Apollo<\/strong> stammen aus einer Scheune, in der sich die Samtpfoten unkontrolliert vermehrten. Im Tierheim wurden beide tier\u00e4rztlich versorgt, geimpft und kastriert und sind nun bereit, den n\u00e4chsten Schritt in ein liebevolles Zuhause zu gehen.<\/p>\n<p data-start=\"534\" data-end=\"1131\"><strong data-start=\"534\" data-end=\"543\">Atlas<\/strong> blickt derzeit noch sch\u00fcchtern und vorsichtig in die Welt. Er braucht Menschen, die ihm Zeit geben und ihn in seinem eigenen Tempo ankommen lassen. Mit Einf\u00fchlungsverm\u00f6gen und etwas Fingerspitzengef\u00fchl l\u00e4sst sich sein Vertrauen jedoch gewinnen. Hat Atlas sein Herz einmal verschenkt, taut er immer mehr auf und zeigt, welch toller Kater in ihm steckt. Gemeinsame Spiele und Streicheleinheiten wird er mit Sicherheit lieben \u2013 auch wenn er das im Moment noch vorsichtig entdeckt. Mit Ruhe und Geduld genie\u00dft er inzwischen bereits kleine Schmuseeinheiten, die ihm zunehmend Freude bereiten.<\/p>\n<p data-start=\"1133\" data-end=\"1712\"><strong data-start=\"1133\" data-end=\"1143\">Apollo<\/strong> zeigt sich ebenfalls noch etwas zur\u00fcckhaltend, doch seine Neugier siegt immer h\u00e4ufiger \u00fcber die Skepsis. In dem vorsichtigen Kater steckt ein erkundungsfreudiges und aufgewecktes Wesen, das nur darauf wartet, sich entfalten zu d\u00fcrfen. Bekommt Apollo den n\u00f6tigen Freiraum und darf in seinem Tempo ankommen, gewinnt man mit Geduld und Feingef\u00fchl schnell sein Vertrauen. Schon jetzt zeigt er, dass ein gro\u00dfer Schmuser in ihm steckt: Mit ein wenig Bestechung durch Leckereien weicht er kaum noch von der Seite, schnurrt ausgiebig und genie\u00dft die N\u00e4he seiner Menschen sehr.<\/p>\n<p data-start=\"1714\" data-end=\"2024\">Beide Kater sind ausgesprochen sozial mit Artgenossen. Andere Katzen geben ihnen Sicherheit und helfen ihnen, weiter aufzubl\u00fchen. Daher suchen Atlas und Apollo ein Zuhause mit einer bereits vorhandenen Katze oder m\u00f6chten gemeinsam \u2013 oder mit einer weiteren Katze aus ihrer Gruppe \u2013 in ihre neue Familie ziehen.<\/p>\n<p data-start=\"2026\" data-end=\"2217\">Kinder im neuen Zuhause sollten bei Atlas schon etwas \u00e4lter sein. Apollo kommt voraussichtlich gut mit Kindern zurecht, wenn diese ruhig sind, ihn nicht bedr\u00e4ngen und ihm mit Geduld begegnen.<\/p>\n<p data-start=\"2219\" data-end=\"2318\">Atlas und Apollo werden als <strong data-start=\"2247\" data-end=\"2265\">Wohnungskatzen<\/strong>, bevorzugt mit <strong data-start=\"2281\" data-end=\"2305\">gesichertem Freigang<\/strong>, vermittelt.<\/p>\n<p data-start=\"2320\" data-end=\"2551\" data-is-last-node=\"\" data-is-only-node=\"\">Wer m\u00f6chte diesen beiden sanften Katern Zeit, Geborgenheit und ein liebevolles Zuhause schenken und ihre Herzen erobern?<br data-start=\"2440\" data-end=\"2443\" \/>Dann melden Sie sich gerne \u2013 am besten per E-Mail \u2013 bei uns im Tierheim. Wir freuen uns auf Ihren Besuch. \ud83d\udc3e<\/p>\n<p><strong>Bemerkung<\/strong>:<\/p>\n<p>Die Beschreibungen sind Momentaufnahmen des Tieres in unserem Tierheim. Jedes Tier kann sich im neuen Zuhause anders entwickeln.<\/p>\n","protected":false},"excerpt":{"rendered":"<p>Die beiden Kater Atlas und Apollo stammen aus einer Scheune, in der sich die Samtpfoten unkontrolliert vermehrten. Im Tierheim wurden beide tier\u00e4rztlich versorgt, geimpft und kastriert und sind nun bereit,&#8230;<\/p>\n","protected":false},"featured_media":38318,"template":"","meta":{"_piecal_is_event":false,"_piecal_start_date":"","_piecal_end_date":"","_piecal_is_allday":false},"product_cat":[59,61],"product_tag":[],"_links":{"self":[{"href":"https:\/\/tsv-giessen.de\/index.php?rest_route=\/wp\/v2\/product\/37988"}],"collection":[{"href":"https:\/\/tsv-giessen.de\/index.php?rest_route=\/wp\/v2\/product"}],"about":[{"href":"https:\/\/tsv-giessen.de\/index.php?rest_route=\/wp\/v2\/types\/product"}],"wp:featuredmedia":[{"embeddable":true,"href":"https:\/\/tsv-giessen.de\/index.php?rest_route=\/wp\/v2\/media\/38318"}],"wp:attachment":[{"href":"https:\/\/tsv-giessen.de\/index.php?rest_route=%2Fwp%2Fv2%2Fmedia&parent=37988"}],"wp:term":[{"taxonomy":"product_cat","embeddable":true,"href":"https:\/\/tsv-giessen.de\/index.php?rest_route=%2Fwp%2Fv2%2Fproduct_cat&post=37988"},{"taxonomy":"product_tag","embeddable":true,"href":"https:\/\/tsv-giessen.de\/index.php?rest_route=%2Fwp%2Fv2%2Fproduct_tag&post=37988"}],"curies":[{"name":"wp","href":"https:\/\/api.w.org\/{rel}","templated":true}]}}