{"id":37985,"date":"2025-12-27T15:27:32","date_gmt":"2025-12-27T14:27:32","guid":{"rendered":"https:\/\/tsv-giessen.de\/?post_type=product&#038;p=37985"},"modified":"2026-01-18T12:02:28","modified_gmt":"2026-01-18T11:02:28","slug":"gamma","status":"publish","type":"product","link":"https:\/\/tsv-giessen.de\/?product=gamma","title":{"rendered":"Gamma &amp; Buzz"},"content":{"rendered":"<p data-start=\"245\" data-end=\"549\">Die beiden Katzen <strong data-start=\"263\" data-end=\"271\">Buzz<\/strong> und <strong data-start=\"276\" data-end=\"285\">Gamma<\/strong> stammen aus einer Scheune, in der sich die Samtpfoten unkontrolliert vermehrten. Im Tierheim wurden beide tier\u00e4rztlich versorgt, geimpft und kastriert und sind nun bereit, gemeinsam in ein liebevolles Zuhause umzuziehen.<\/p>\n<p data-start=\"551\" data-end=\"1148\">Der junge Kater <strong data-start=\"567\" data-end=\"575\">Buzz<\/strong> blickt mit seinen gro\u00dfen Augen noch vorsichtig in die Welt. Er zeigt sich derzeit sch\u00fcchtern und zur\u00fcckhaltend und braucht Menschen, die ihm Zeit, Ruhe und viel Einf\u00fchlungsverm\u00f6gen schenken. Darf Buzz in seinem eigenen Tempo ankommen, gewinnt er Schritt f\u00fcr Schritt an Sicherheit. Mit Geduld, liebevoller Zuwendung und der ein oder anderen Leckerei l\u00e4sst sich sein Herz erobern \u2013 und dann wird er sicher zeigen, welch toller Kater in ihm schlummert. Gemeinsames Spielen und Streicheleinheiten werden ihm vermutlich gut gefallen, auch wenn er das im Moment noch nicht wei\u00df.<\/p>\n<p data-start=\"1150\" data-end=\"1611\"><strong data-start=\"1150\" data-end=\"1159\">Gamma<\/strong> ist innerhalb ihrer Gruppe die souver\u00e4nste Katze und eine wunderbare Orientierung f\u00fcr sch\u00fcchterne Artgenossen wie Buzz. Anfangs zeigt sie sich manchmal noch etwas zur\u00fcckhaltend, fasst jedoch schnell Vertrauen. Ist das Eis einmal gebrochen, geht Gamma offen auf ihre Menschen zu, sucht Aufmerksamkeit und genie\u00dft Streicheleinheiten sehr. In ihr steckt eine verschmuste, menschenbezogene und \u00e4u\u00dferst soziale Katze, die gerne Teil des Familienlebens ist.<\/p>\n<p data-start=\"1613\" data-end=\"1925\">Beide Katzen sind sehr sozial mit Artgenossen. Besonders Buzz profitiert von der N\u00e4he zu anderen Katzen, da sie ihm Sicherheit geben.\u00a0Kinder im neuen Zuhause sollten bei Buzz schon etwas \u00e4lter sein. Gamma kommt auch mit Kindern gut zurecht, wenn diese respektvoll sind, sie nicht bedr\u00e4ngen und ihr mit Geduld begegnen.<\/p>\n<p data-start=\"2113\" data-end=\"2210\">Buzz und Gamma werden als <strong data-start=\"2139\" data-end=\"2157\">Wohnungskatzen<\/strong>, bevorzugt mit <strong data-start=\"2173\" data-end=\"2197\">gesichertem Freigang<\/strong>, vermittelt.<\/p>\n<p data-start=\"2212\" data-end=\"2484\" data-is-last-node=\"\" data-is-only-node=\"\">Wer m\u00f6chte dem noch sch\u00fcchternen Buzz und der liebevollen Gamma ein gemeinsames Zuhause schenken und ihnen zeigen, wie sch\u00f6n ein beh\u00fctetes Katzenleben sein kann?<br data-start=\"2373\" data-end=\"2376\" \/>Dann melden Sie sich gerne \u2013 am besten per E-Mail \u2013 bei uns im Tierheim. Wir freuen uns auf Ihren Besuch. \ud83d\udc3e<\/p>\n<p><strong>Bemerkung:<\/strong><\/p>\n<p>Die Beschreibungen sind Momentaufnahmen des Tieres in unserem Tierheim. Jedes Tier kann sich im neuen Zuhause anders entwickeln.<\/p>\n","protected":false},"excerpt":{"rendered":"<p>Die beiden Katzen Buzz und Gamma stammen aus einer Scheune, in der sich die Samtpfoten unkontrolliert vermehrten. Im Tierheim wurden beide tier\u00e4rztlich versorgt, geimpft und kastriert und sind nun bereit,&#8230;<\/p>\n","protected":false},"featured_media":38317,"template":"","meta":{"_piecal_is_event":false,"_piecal_start_date":"","_piecal_end_date":"","_piecal_is_allday":false},"product_cat":[59,61],"product_tag":[],"_links":{"self":[{"href":"https:\/\/tsv-giessen.de\/index.php?rest_route=\/wp\/v2\/product\/37985"}],"collection":[{"href":"https:\/\/tsv-giessen.de\/index.php?rest_route=\/wp\/v2\/product"}],"about":[{"href":"https:\/\/tsv-giessen.de\/index.php?rest_route=\/wp\/v2\/types\/product"}],"wp:featuredmedia":[{"embeddable":true,"href":"https:\/\/tsv-giessen.de\/index.php?rest_route=\/wp\/v2\/media\/38317"}],"wp:attachment":[{"href":"https:\/\/tsv-giessen.de\/index.php?rest_route=%2Fwp%2Fv2%2Fmedia&parent=37985"}],"wp:term":[{"taxonomy":"product_cat","embeddable":true,"href":"https:\/\/tsv-giessen.de\/index.php?rest_route=%2Fwp%2Fv2%2Fproduct_cat&post=37985"},{"taxonomy":"product_tag","embeddable":true,"href":"https:\/\/tsv-giessen.de\/index.php?rest_route=%2Fwp%2Fv2%2Fproduct_tag&post=37985"}],"curies":[{"name":"wp","href":"https:\/\/api.w.org\/{rel}","templated":true}]}}