{"id":37833,"date":"2025-12-10T06:47:29","date_gmt":"2025-12-10T05:47:29","guid":{"rendered":"https:\/\/tsv-giessen.de\/?post_type=product&#038;p=37833"},"modified":"2026-04-04T11:17:36","modified_gmt":"2026-04-04T09:17:36","slug":"estelle-2","status":"publish","type":"product","link":"https:\/\/tsv-giessen.de\/?product=estelle-2","title":{"rendered":"Estelle"},"content":{"rendered":"<p>Update M\u00e4rz 2026: Estelle ist mittlerweile gut auf ihrer Pflegestelle angekommen. Sie zeigt sich vor Ort sehr verspielt, neugierig und verbringt viel Zeit beim Toben mit der Katzenangel. Auch von Leckerlis l\u00e4sst sie sich gut davon \u00fcberzeugen, dass Menschen gar nicht so gruselig sind, wie sie zun\u00e4chst vielleicht scheinen. Mit ausreichender &#8220;Ablenkung&#8221; durch Schleckpaste l\u00e4sst sie sich mittlerweile sogar schon anfassen. Sie reagiert noch immer etwas schreckhaft und faucht &#8220;zur Sicherheit&#8221; erstmal, wenn ihr etwas nicht Geheuer ist.<\/p>\n<p>Estelle stammt aus einer Scheune, in der sich die Katzen unkontrolliert vermehrt haben. Eines der vielen traurigen Beispiele, warum die Kastration von Katzen so wichtig ist. Eine Kastration verhindert unn\u00f6tiges Tierleid.<\/p>\n<p>Estelle zeigt sich als scheu. Die schwarz-wei\u00dfe Katze hat wenig bis kein Interesse an Menschen. Allerdings ist sie sehr sozial mit ihren Artgenossen. Daher sollte sie auch nur in ein Zuhause ziehen, in dem sie mit einer anderen passenden Katze zusammen leben kann oder mit einer Katze aus ihrer Gruppe zusammen einziehen darf.<\/p>\n<p>Estelle ist eine Freig\u00e4ngerin. Daher sollte ihre neue Familie l\u00e4ndlich leben, weit weg von stark befahrenen Hauptstra\u00dfen.<\/p>\n<p>Die freiheitsliebende Katze w\u00fcnscht sich ein Zuhause, in dem sie ihre eigenen Entscheidungen treffen darf, aber dennoch geliebt und umsorgt wird. Estelle ben\u00f6tigt ein sicheres Umfeld, wo man keine Erwartungen an sie hat.<\/p>\n<p>Wer kann sich vorstellen Estelle das richtige Zuhause bieten zu k\u00f6nnen? Melden sie sich gerne, am besten per E-Mail, bei uns im Tierheim. Wir freuen uns auf ihren Besuch.<\/p>\n<p style=\"text-align: left\"><span class=\"fs13 cf1 ff1\"><b>Bemerkung:<\/b><br \/>\n<\/span><span class=\"fs13 cf1 ff1\">Die Beschreibungen sind Momentaufnahmen des Tieres in unserem Tierheim. Jedes Tier kann sich im neuen Zuhause anders entwickeln.<\/span><\/p>\n","protected":false},"excerpt":{"rendered":"<p>Update M\u00e4rz 2026: Estelle ist mittlerweile gut auf ihrer Pflegestelle angekommen. Sie zeigt sich vor Ort sehr verspielt, neugierig und verbringt viel Zeit beim Toben mit der Katzenangel. Auch von&#8230;<\/p>\n","protected":false},"featured_media":39465,"template":"","meta":{"_piecal_is_event":false,"_piecal_start_date":"","_piecal_end_date":"","_piecal_is_allday":false},"product_cat":[59,60,161],"product_tag":[],"_links":{"self":[{"href":"https:\/\/tsv-giessen.de\/index.php?rest_route=\/wp\/v2\/product\/37833"}],"collection":[{"href":"https:\/\/tsv-giessen.de\/index.php?rest_route=\/wp\/v2\/product"}],"about":[{"href":"https:\/\/tsv-giessen.de\/index.php?rest_route=\/wp\/v2\/types\/product"}],"wp:featuredmedia":[{"embeddable":true,"href":"https:\/\/tsv-giessen.de\/index.php?rest_route=\/wp\/v2\/media\/39465"}],"wp:attachment":[{"href":"https:\/\/tsv-giessen.de\/index.php?rest_route=%2Fwp%2Fv2%2Fmedia&parent=37833"}],"wp:term":[{"taxonomy":"product_cat","embeddable":true,"href":"https:\/\/tsv-giessen.de\/index.php?rest_route=%2Fwp%2Fv2%2Fproduct_cat&post=37833"},{"taxonomy":"product_tag","embeddable":true,"href":"https:\/\/tsv-giessen.de\/index.php?rest_route=%2Fwp%2Fv2%2Fproduct_tag&post=37833"}],"curies":[{"name":"wp","href":"https:\/\/api.w.org\/{rel}","templated":true}]}}