{"id":37526,"date":"2025-11-24T18:20:27","date_gmt":"2025-11-24T17:20:27","guid":{"rendered":"https:\/\/tsv-giessen.de\/?post_type=product&#038;p=37526"},"modified":"2026-03-10T12:46:17","modified_gmt":"2026-03-10T11:46:17","slug":"jolle","status":"publish","type":"product","link":"https:\/\/tsv-giessen.de\/?product=jolle","title":{"rendered":"Jolle"},"content":{"rendered":"<p>Jolle besticht durch sein wundersch\u00f6nes Aussehen. Doch wichtig ist, welche Hundepers\u00f6nlichkeit sich hinter dem kuscheligen Fell verbirgt.<\/p>\n<p>Jolle wurde auf Grund von \u00dcberforderung im Tierheim abgegeben. Der junge R\u00fcde ist erst 9 Monate alt und so langsam beginnt die Pupert\u00e4t.<\/p>\n<p>Jolle hat ein sehr facettenreiches Wesen. Fremden Menschen begegnet er skeptisch und misstrauisch. Diese werden laut verbellt. \u00dcberl\u00e4sst man ihn sich in dieser Situation selbst, steigert sich dieses Verhalten Fremden gegen\u00fcber stetig. Leitet man den jungen R\u00fcden hingegen an, zeigt ihm dass neue Begegnungen positiv f\u00fcr ihn sind, l\u00e4sst er sich sehr gut auf ihm fremde Menschen ein. Er braucht etwas Zeit, aber mit jedem Mal wird es f\u00fcr ihn leichter sein Misstrauen schnell zu \u00fcberwinden. Hat er Vertrauen zu einer Person geschlossen ist Jolle ein absolut verschmuster und Menschen bezogener Hund. Er liebt es gekrault zu werden, sucht die k\u00f6rperliche N\u00e4he und legt einem als Zeichen seiner Zuneigung die Pfote auf den Arm.<\/p>\n<p>Allerdings macht sich auch sein Alter bemerkbar. Er sucht und braucht eine klare Struktur, verst\u00e4ndliche Grenzen und eine faire Anleitung. Jolle probiert alterstypisch aus, wie weit er gehen kann.<\/p>\n<p>Au\u00dfenreize ziehen ihn noch sehr in ihren Bann. Da verliert er sich im schn\u00fcffeln, markieren und beobachten. Dabei vergisst er teilweise seinen Menschen.<\/p>\n<p>Jolle zeigt sich aber auch sehr verspielt. Bisher haben wir ihn nur mit freundlichen H\u00fcndinnen zusammen laufen lassen. Dort zeigt er sich absolut freundlich und charmant. L\u00e4sst sich von den H\u00fcndinnen korrigieren und liebt Rennspiel \u00fcber die Wiese oder den Sandplatz. Auch mit ihm vertrauten Menschen l\u00e4sst er sich gerne auf ein gemeinsames Spiel ein.<\/p>\n<p>Auf der anderen Seite haben die Vorbesitzer beschrieben, dass er kaum eine Leinenf\u00fchrigkeit besitzt und er auf unbekanntes schnell panisch reagiert. Dies haben wir im Tierheim bisher noch nicht getestet, folgt aber in der nahen Zukunft.<\/p>\n<p>Jolle stellt einige Anforderungen an sein neues Zuhause. Seine neuen Menschen sollten Erfahrung im Training mit misstrauischen Hunden haben. Jolle braucht neben ein starkes Vertrauen zu seinen Menschen, viel Liebe und Bindung ebenso dringend eine klar strukturierte Anleitung. Menschen, die ihm Sicherheit vermitteln, aber auch Grenzen setzten, die ihm Halt geben. Jolle muss ein alternatives Verhalten zu seinen impulsiven Reaktionen erlernen. Nimmt man sich Zeit f\u00fcr ein liebevolles und klares Training, kann Jolle sich zu einem wundervollen, sportlichen Begleiter entwickeln.<\/p>\n<p>Eine souver\u00e4ne, freundliche und offene H\u00fcndin kann ihm seinen Einstieg in ein neues Leben erleichtern.<\/p>\n<p>Wer verf\u00fcgt \u00fcber ausreichend Erfahrung und m\u00f6chte Jolle ein stabiles, liebevolles Zuhause schenken? Dann melden sie sich am besten per E-Mail bei uns im Tierheim. Wir freuen uns \u00fcber ihre Nachricht.<\/p>\n<p><strong>Bemerkung:<\/strong><\/p>\n<p><span class=\"fs13 cf1 ff1\"> Beschreibungen sind Momentaufnahmen des Tieres in unserem Tierheim. Jedes Tier kann sich im neuen Zuhause anders entwickeln.<\/span><\/p>\n","protected":false},"excerpt":{"rendered":"<p>Jolle besticht durch sein wundersch\u00f6nes Aussehen. Doch wichtig ist, welche Hundepers\u00f6nlichkeit sich hinter dem kuscheligen Fell verbirgt. Jolle wurde auf Grund von \u00dcberforderung im Tierheim abgegeben. Der junge R\u00fcde ist&#8230;<\/p>\n","protected":false},"featured_media":37546,"template":"","meta":{"_piecal_is_event":false,"_piecal_start_date":"","_piecal_end_date":"","_piecal_is_allday":false},"product_cat":[41,98,57],"product_tag":[],"_links":{"self":[{"href":"https:\/\/tsv-giessen.de\/index.php?rest_route=\/wp\/v2\/product\/37526"}],"collection":[{"href":"https:\/\/tsv-giessen.de\/index.php?rest_route=\/wp\/v2\/product"}],"about":[{"href":"https:\/\/tsv-giessen.de\/index.php?rest_route=\/wp\/v2\/types\/product"}],"wp:featuredmedia":[{"embeddable":true,"href":"https:\/\/tsv-giessen.de\/index.php?rest_route=\/wp\/v2\/media\/37546"}],"wp:attachment":[{"href":"https:\/\/tsv-giessen.de\/index.php?rest_route=%2Fwp%2Fv2%2Fmedia&parent=37526"}],"wp:term":[{"taxonomy":"product_cat","embeddable":true,"href":"https:\/\/tsv-giessen.de\/index.php?rest_route=%2Fwp%2Fv2%2Fproduct_cat&post=37526"},{"taxonomy":"product_tag","embeddable":true,"href":"https:\/\/tsv-giessen.de\/index.php?rest_route=%2Fwp%2Fv2%2Fproduct_tag&post=37526"}],"curies":[{"name":"wp","href":"https:\/\/api.w.org\/{rel}","templated":true}]}}