{"id":37056,"date":"2025-10-16T22:31:51","date_gmt":"2025-10-16T20:31:51","guid":{"rendered":"https:\/\/tsv-giessen.de\/?post_type=product&#038;p=37056"},"modified":"2026-03-25T20:58:45","modified_gmt":"2026-03-25T19:58:45","slug":"snickers","status":"publish","type":"product","link":"https:\/\/tsv-giessen.de\/?product=snickers","title":{"rendered":"Snickers"},"content":{"rendered":"<p>Snickers kam im Sommer als Junghund zu uns und durfte schnell in sein neues Zuhause ziehen, leider hat es in der neuen Familie nicht geklappt und Snickers kam wieder zur\u00fcck zu uns ins Tierheim. Hier lebt er aktuell auf einer Pflegestelle und sucht von dort aus wieder ein neues Zuhause.<\/p>\n<p>Snickers ist anfangs zur\u00fcckhaltend und vorsichtig, wenn man ihm aber einen Moment Zeit gibt und ein paar Leckerlis zur Hand hat, kommt er schnell und genie\u00dft Streicheleinheiten.<\/p>\n<p>Snickers ist ein cleverer Kerl, er lernt gerne neue Tricks und liebt es mit seinem Menschen zu arbeiten. Dabei l\u00e4sst er sich sehr gut mit Futter motivieren, zieht sich aber zur\u00fcck, wenn Druck aufgebaut wird. F\u00fchlt sich Snickers sicher kann er auch richtig aufdrehen. Dann flitzt er so schnell er kann gemeinsam mit den anderen Hunden \u00fcber die Wiese. Teilweise kann er auch ganz sch\u00f6n frech sein. Dann testet er auch schon Mal Grenzen aus und versucht vielleicht was vom Tisch zu stibitzen oder klaut sich etwas um daran zu kauen und es zu zerrupfen. Kann er seinen Kopf nicht durch setzten kann er auch frustriert reagieren. Dann braucht er eine liebevolle aber konsequente Anleitung. Diese nimmt er dann auch gut an.<\/p>\n<p>Der h\u00fcbsche R\u00fcde zeigt sich auf seiner Pflegestelle vertr\u00e4glich mit Hunden und Katzen. Mit Hilfe eines souver\u00e4nen\u00a0 Ersthundes baut Snickers schneller eine Bindung zu seinen Menschen auf. Daher wird er nach der gescheiterten Vermittlung ohne vorhandenen Hund und der tollen Entwicklung innerhalb eines Rudels nur in eine Familie vermittelt, in der ihm ein anderer Hund die n\u00f6tige Sicherheit geben kann. Im Hundekontakt muss Snickers noch manchmal lernen, was nett ist und wann er nervt. Er akzeptiert Grenzen von anderen Hunden bisher sehr gut.<\/p>\n<p>Im alten Zuhause war Snickers sehr aufgeregt und neigte dazu den Besuch zu kontrollieren. Dabei kam es vor, dass er diesem in die Wade zwickte. Wir suchen daher Menschen, die den h\u00fcbschen Kerl auf der einen Seite sowohl geistig, als auch k\u00f6rperlich auslasten und gemeinsam mit ihm an Frustration und Impulskontrolle arbeiten.<\/p>\n<p>Snickers zeigt trotz anf\u00e4nglicher Unsicherheit gro\u00dfen Spa\u00df am Erkunden neuer Dinge, liebt es zu flitzen und genie\u00dft die Aufmerksamkeit seiner Menschen.<\/p>\n<p>Ihr habt Lust bekommen mit dem sportlichen R\u00fcden die Welt zu entdecken? Dann meldet euch per Mail bei uns.<\/p>\n<p><strong>Bemerkung:<\/strong><\/p>\n<p><span class=\"fs13 cf1 ff1\"> Beschreibungen sind Momentaufnahmen des Tieres in unserem Tierheim. Jedes Tier kann sich im neuen Zuhause anders entwickeln.<\/span><\/p>\n","protected":false},"excerpt":{"rendered":"<p>Snickers kam im Sommer als Junghund zu uns und durfte schnell in sein neues Zuhause ziehen, leider hat es in der neuen Familie nicht geklappt und Snickers kam wieder zur\u00fcck&#8230;<\/p>\n","protected":false},"featured_media":39370,"template":"","meta":{"_piecal_is_event":false,"_piecal_start_date":"","_piecal_end_date":"","_piecal_is_allday":false},"product_cat":[41,98,58,161],"product_tag":[],"_links":{"self":[{"href":"https:\/\/tsv-giessen.de\/index.php?rest_route=\/wp\/v2\/product\/37056"}],"collection":[{"href":"https:\/\/tsv-giessen.de\/index.php?rest_route=\/wp\/v2\/product"}],"about":[{"href":"https:\/\/tsv-giessen.de\/index.php?rest_route=\/wp\/v2\/types\/product"}],"wp:featuredmedia":[{"embeddable":true,"href":"https:\/\/tsv-giessen.de\/index.php?rest_route=\/wp\/v2\/media\/39370"}],"wp:attachment":[{"href":"https:\/\/tsv-giessen.de\/index.php?rest_route=%2Fwp%2Fv2%2Fmedia&parent=37056"}],"wp:term":[{"taxonomy":"product_cat","embeddable":true,"href":"https:\/\/tsv-giessen.de\/index.php?rest_route=%2Fwp%2Fv2%2Fproduct_cat&post=37056"},{"taxonomy":"product_tag","embeddable":true,"href":"https:\/\/tsv-giessen.de\/index.php?rest_route=%2Fwp%2Fv2%2Fproduct_tag&post=37056"}],"curies":[{"name":"wp","href":"https:\/\/api.w.org\/{rel}","templated":true}]}}