{"id":36997,"date":"2025-10-10T06:31:00","date_gmt":"2025-10-10T04:31:00","guid":{"rendered":"https:\/\/tsv-giessen.de\/?post_type=product&#038;p=36997"},"modified":"2025-10-14T06:23:47","modified_gmt":"2025-10-14T04:23:47","slug":"ben","status":"publish","type":"product","link":"https:\/\/tsv-giessen.de\/?product=ben","title":{"rendered":"Ben"},"content":{"rendered":"<p style=\"font-weight: 400\">Von Privat:<\/p>\n<p style=\"font-weight: 400\">Hallo,<\/p>\n<p>mein Name ist Ben. Ich bin ein 6-j\u00e4hriger unkastrierter Kuvasz-R\u00fcde und wiege 60 Kilogramm. Ich bin sehr verschmust mit meiner Vertrauensperson, habe keiner Erfahrung mit Kindern und Katzen.<\/p>\n<p>Ich bin sehr wachsam und w\u00fcnsche mir bei meinen neuen Haltern ein gro\u00dfes und umz\u00e4untes Grundst\u00fcck, auf dem ich meiner gro\u00dfen Leidenschaft \u2013 Wachen \u2013 nachgehen darf. Ich m\u00f6chte im Haus mit meinen Haltern leben. Ich bin auf der Suche nach einem neuen Zuhause, weil meine Halter sich getrennt haben. Menschen, die ich nicht kenne, d\u00fcrfen nicht einfach so ins Haus. Ich kann gut und friedlich auch \u00fcber mehrere Stunden alleine Zuhause bleiben. Meiner Bezugsperson vertraue ich, lasse mich von ihr b\u00fcrsten und pflegen. Bei anderen Menschen lasse ich das zur Zeit noch nicht zu.<\/p>\n<p>Meldet Euch gerne bei meiner Halterin Frau Susanne Mohr, Telefonnummer 0174 5893633 oder bei Frau Angelika Stahl, ehemalige Hundeschullehrerin meiner Halterin, Telefonnummer 0171 7501330.<\/p>\n<p>Viele Gr\u00fc\u00dfe<br \/>\nBen<\/p>\n<p><span class=\"fs13 cf1 ff1\"><b>Bemerkung:<\/b><br \/>\n<\/span><span class=\"fs13 cf1 ff1\">Die Beschreibungen sind Momentaufnahmen des Tieres in unserem Tierheim. Jedes Tier kann sich im neuen Zuhause anders entwickeln.<\/span><\/p>\n","protected":false},"excerpt":{"rendered":"<p>Von Privat: Hallo, mein Name ist Ben. Ich bin ein 6-j\u00e4hriger unkastrierter Kuvasz-R\u00fcde und wiege 60 Kilogramm. Ich bin sehr verschmust mit meiner Vertrauensperson, habe keiner Erfahrung mit Kindern und&#8230;<\/p>\n","protected":false},"featured_media":37004,"template":"","meta":{"_piecal_is_event":false,"_piecal_start_date":"","_piecal_end_date":"","_piecal_is_allday":false},"product_cat":[159],"product_tag":[],"_links":{"self":[{"href":"https:\/\/tsv-giessen.de\/index.php?rest_route=\/wp\/v2\/product\/36997"}],"collection":[{"href":"https:\/\/tsv-giessen.de\/index.php?rest_route=\/wp\/v2\/product"}],"about":[{"href":"https:\/\/tsv-giessen.de\/index.php?rest_route=\/wp\/v2\/types\/product"}],"wp:featuredmedia":[{"embeddable":true,"href":"https:\/\/tsv-giessen.de\/index.php?rest_route=\/wp\/v2\/media\/37004"}],"wp:attachment":[{"href":"https:\/\/tsv-giessen.de\/index.php?rest_route=%2Fwp%2Fv2%2Fmedia&parent=36997"}],"wp:term":[{"taxonomy":"product_cat","embeddable":true,"href":"https:\/\/tsv-giessen.de\/index.php?rest_route=%2Fwp%2Fv2%2Fproduct_cat&post=36997"},{"taxonomy":"product_tag","embeddable":true,"href":"https:\/\/tsv-giessen.de\/index.php?rest_route=%2Fwp%2Fv2%2Fproduct_tag&post=36997"}],"curies":[{"name":"wp","href":"https:\/\/api.w.org\/{rel}","templated":true}]}}