{"id":36705,"date":"2025-10-03T18:15:11","date_gmt":"2025-10-03T16:15:11","guid":{"rendered":"https:\/\/tsv-giessen.de\/?post_type=product&#038;p=36705"},"modified":"2026-03-31T21:24:25","modified_gmt":"2026-03-31T19:24:25","slug":"greta","status":"publish","type":"product","link":"https:\/\/tsv-giessen.de\/?product=greta","title":{"rendered":"Greta"},"content":{"rendered":"<p>Update:<\/p>\n<p>Greta hat sich in der letzten Zeit ganz toll entwickelt. Sie l\u00e4sst sich von ihren Bezugspersonen anfassen und genie\u00dft sogar die Streicheleinheiten. Ein Geschirr l\u00e4sst sie sich auch ohne Probleme von den Menschen anziehen, denen sie vertraut.<\/p>\n<p>Personen, die keine enge Bindung zu Greta haben, m\u00fcssen sich mit Geduld und viel Zeit ihr Vertrauen erst erarbeiten. Ansonsten zeigt die eigenwillige H\u00fcndin abwehrendes Verhalten.<\/p>\n<p>Greta war nun auch \u00f6fters drau\u00dfen unterwegs. Hundebegenungn an der Leine verlaufen vollkommen entspannt.<br \/>\nP\u00f6belnde Hunde werden von ihr ignoriert. Direkten Hundekontakt im Freilauf hatte Greta bislang noch nicht.<\/p>\n<p>Selbst ein Cafebesuch stellte kein Problem dar. Und auch als B\u00fcrohund hat sie sich ausgezeichnet verhalten.<\/p>\n<p>Allerdings bringen sie Kinder sehr aus der Fassung. Besonders, wenn sich Kinder schneller bewegen oder auf sie zukommen. In den Momenten muss man Greta gut absichern.<\/p>\n<p>Ein Spaziergang muss allerdings nicht unbedingt 1 Stunde dauern. Greta ist mit weniger absolut zufrieden<br \/>\nIhre Leinenf\u00fchrigkeit wird von ihren Hundebegleitern als vorbildlich bezeichnet.<br \/>\nAuf der Hundewiese liebt sie Suchspiele, kleine Tricks und\u00a0 B\u00e4llchenspiele. Greta macht manchmal auch einfach sehr lustige Dinge und findet Sonnenb\u00e4der supertoll.<br \/>\nAu\u00dferdem liebt sie Wasser:\u00a0 keine Pf\u00fctze ist vor ihr sicher.<br \/>\nSportlich ist sie nicht unbedingt, aber in ihrem Tempo l\u00e4sst sie sich f\u00fcr Leckerlies zu vielem motivieren.<br \/>\nACHTUNG:\ud83d\ude02Greta ist ein Leckerholic.<br \/>\nDie Herzen ihrer Hundebegleiter hat sie erobert &#8211; vielleicht auch das von ihnen?<\/p>\n<p>&nbsp;<\/p>\n<p>Greta bewohnt seit wenigen Wochen unser Tierheim. Abgegeben wurde die ca. 10 j\u00e4hrige Franz\u00f6sische Bulldogge aus pers\u00f6nlichen Gr\u00fcnden. Auff\u00e4llig war, dass dieser Abschied sehr emotionslos geschah. Die ehemalige Besitzerin hatte ihren Angaben zur Folge auch einige Probleme mit der H\u00fcndin, die sie schon so viele Jahre durchs Leben begleitet hat. So k\u00f6nnte sie ihr beispielsweise kein Geschirr anziehen, da Greta sich das nicht gefallen lie\u00dfe.<\/p>\n<p>Im Tierheim zeigte sich Greta als sehr skeptische \u00e4lteren H\u00fcndin. All diese fremden Menschen, die ungewohnte Umgebung gefiehlen ihr gar nicht. Angriff erschien ihr als die einzige M\u00f6glichkeit sich dem Ganzen zu entziehen.<\/p>\n<p>Bei der tier\u00e4rztlichen Untersuchung, die teilweise nur in der Box bzw. unter Narkose m\u00f6glich war, zeigte sich ein trauriges Bild. Fast alle Z\u00e4hne waren faul und mussten dringend behandelt und gezogen werden. Greta litt zudem unter einer sehr schweren beidseitigen Ohrentz\u00fcndung. Wodurch sie fast taub erschien. Die H\u00fcndin musste wahrscheinlich schon \u00fcber sehr langer Zeit unter enormen Schmerzen gelitten haben. Unerkannt, unbehandelt litt sie vor sich hin. Vielleicht eine Ursache f\u00fcr ihr gereiztes Verhalten.<\/p>\n<p>Tierheimmitarbeiter und ihre Hundebegleiter nahmen sich sehr viel Zeit. Setzten sich mit richtig guten Leckerlies zu ihr ans Gitter. Zeigten ihr, dass Menschen auch wirklich toll sein k\u00f6nnen. Mittlerweile tr\u00e4gt sie auch ein Geschirr und war drau\u00dfen auf Spazierg\u00e4ngen unterwegs. Greta liebt es drau\u00dfen zu schn\u00fcffel und die Umgebung zu erkunden. An der Leine startet sie auch keine Angriffe gegen ihre Menschen. Auch Hundebegegnungen meistert sie gut. Allerdings reagiert sie stark auf Kinder, die auf sie zukommen.<\/p>\n<p>In ihrem Zimmer macht sie ganz langsam Fortschritte, manchmal f\u00e4llt sie aber auch wieder ein alte Muster zur\u00fcck. Vor allem Bewegungen auf sie zu, empfindet sie als bedrohlich und werden von ihr mit Bellen und einem Angriff nach vorne beantwortet.<\/p>\n<p>Greta liebt es in der Sonne zu liegen. Dann streckt sie sich ganz lang aus, damit sie m\u00f6glichst viele Sonnenstrahlen aufnehmen kann. Weiche Kissen, in denen sie sich einkuscheln kann, genie\u00dft sie sehr. Dort schl\u00e4ft sie dann viel. Zudem findet sie Leckerlies gro\u00dfartig, was das Training mit ihr sehr beg\u00fcnstigt.<\/p>\n<p>F\u00fcr Greta suchen wir die Nadel im Heuhaufen. Sie muss lernen wieder vertrauen zu k\u00f6nnen. Die H\u00fcndin sucht Menschen, die mit ihrem Verhalten umgehen k\u00f6nnen und weiter mit ihr \u00fcben. Menschen, die ihr zugleich ganz viel Sicherheit, aber auch Grenzen vermitteln k\u00f6nnen. Es wird sehr schwer f\u00fcr diese kleine Seele, die wahrscheinlich ihr Leben lang nie richtig wahrgenommen und verstanden wurde, die passende Familie zu finden. Daher w\u00fcrden wir uns auch sehr \u00fcber Patenschaften f\u00fcr sie freuen. Menschen, die bereit sind ihr die Unterst\u00fctzung zu schenken, die sie so viele Jahre nicht erhalten hat.<\/p>\n<p>Wer kann helfen Greta ihre letzten Jahre so sch\u00f6n wie m\u00f6glich zu machen? Hinter der angriffslustigen,\u00a0 eigensinnigen, \u00e4lteren H\u00fcndin, versteckt sich ein \u00fcber Jahre missverstandener kleiner Hund.<\/p>\n<p><strong>Bemerkung:<\/strong><\/p>\n<p><span class=\"fs13 cf1 ff1\"> Beschreibungen sind Momentaufnahmen des Tieres in unserem Tierheim. Jedes Tier kann sich im neuen Zuhause anders entwickeln.<\/span><\/p>\n","protected":false},"excerpt":{"rendered":"<p>Update: Greta hat sich in der letzten Zeit ganz toll entwickelt. Sie l\u00e4sst sich von ihren Bezugspersonen anfassen und genie\u00dft sogar die Streicheleinheiten. Ein Geschirr l\u00e4sst sie sich auch ohne&#8230;<\/p>\n","protected":false},"featured_media":37453,"template":"","meta":{"_piecal_is_event":false,"_piecal_start_date":"","_piecal_end_date":"","_piecal_is_allday":false},"product_cat":[110,147,41,42,123],"product_tag":[],"_links":{"self":[{"href":"https:\/\/tsv-giessen.de\/index.php?rest_route=\/wp\/v2\/product\/36705"}],"collection":[{"href":"https:\/\/tsv-giessen.de\/index.php?rest_route=\/wp\/v2\/product"}],"about":[{"href":"https:\/\/tsv-giessen.de\/index.php?rest_route=\/wp\/v2\/types\/product"}],"wp:featuredmedia":[{"embeddable":true,"href":"https:\/\/tsv-giessen.de\/index.php?rest_route=\/wp\/v2\/media\/37453"}],"wp:attachment":[{"href":"https:\/\/tsv-giessen.de\/index.php?rest_route=%2Fwp%2Fv2%2Fmedia&parent=36705"}],"wp:term":[{"taxonomy":"product_cat","embeddable":true,"href":"https:\/\/tsv-giessen.de\/index.php?rest_route=%2Fwp%2Fv2%2Fproduct_cat&post=36705"},{"taxonomy":"product_tag","embeddable":true,"href":"https:\/\/tsv-giessen.de\/index.php?rest_route=%2Fwp%2Fv2%2Fproduct_tag&post=36705"}],"curies":[{"name":"wp","href":"https:\/\/api.w.org\/{rel}","templated":true}]}}