{"id":36578,"date":"2025-09-26T06:04:11","date_gmt":"2025-09-26T04:04:11","guid":{"rendered":"https:\/\/tsv-giessen.de\/?post_type=product&#038;p=36578"},"modified":"2026-03-31T11:39:42","modified_gmt":"2026-03-31T09:39:42","slug":"cooper","status":"publish","type":"product","link":"https:\/\/tsv-giessen.de\/?product=cooper","title":{"rendered":"Cooper"},"content":{"rendered":"<p style=\"text-align: left\">Cooper kam nach einer langen Reise zu uns ins Tierheim. Der ca. 7-j\u00e4hriger Deutsche Sch\u00e4ferhund R\u00fcde wurde von einem befreundeten Tierschutzverein aus schwierigen Verh\u00e4ltnissen geholt. Als Zwischenl\u00f6sung -um dem gestressten R\u00fcden erst einmal einen Ort zum Ankommen zu erm\u00f6glichen &#8211; kam er zu uns ins Tierheim.<\/p>\n<p>Cooper war viel zu d\u00fcnn, sehr schlecht bemuskelt und war allgemein in keinem guten Zustand. Der R\u00fcde wurde zun\u00e4chst medizinisch versorgt und gep\u00e4ppelt. Es scheint als ob Cooper in seinem bisherigen Leben nicht viel kennenlernen durfte. Er reagiert sehr aufgeregt auf Umgebungsreize und braucht lange um zur Ruhe zu kommen.<\/p>\n<p>Aber Cooper liebt Menschen. Er freut sich \u00fcberschwenglich, wenn man ins Zimmer kommt und kann auch schon Mal etwas aufdringlich sein.<\/p>\n<p>Impulsiv, aufgeregt und unkonzentriert auf der einen Seite, aber auch sehr neugierig, motiviert, intelligent und sehr menschenbezogen auf der anderen, hat Cooper Potential mit dem richtigen Training ein toller Begleiter f\u00fcr seine Menschen zu werden. Mit liebevollen, klar strukturiertem Training, \u00dcbungen um zur Ruhe zu kommen und vor allem mentaler und angepasster k\u00f6rperlicher Auslastung wird man bei Cooper mit Sicherheit tolle Fortschritte erzielen. Bei uns wurde mit dem ersten Clickertraining begonnen. Dies bereitet ihm gro\u00dfe Freude. Die ersten Male drau\u00dfen an der Leine waren f\u00fcr ihn noch sehr aufregend. Aber man erkennt seine Bereitschaft lernen zu wollen. In der n\u00e4chsten Zeit wird weiter intensiv mit dem cleveren Sch\u00e4ferhund gearbeitet.<\/p>\n<p>Cooper braucht Menschen, die liebevoll aber auch sehr klar mit ihm umgehen. Menschen, die fair und klar Grenzen sowie Struktur vermitteln um dem R\u00fcden Halt und einen festen Rahmen bieten zu k\u00f6nnen.<\/p>\n<p>Im Hundekontakt zeigt er sich ebenfalls sehr aufgeregt und distanzlos. Unkastrierte R\u00fcden stellen f\u00fcr ihn eher Reibungspunkte dar. Bei kastrierten R\u00fcden pr\u00e4sentiert Cooper sich eher aufgeregt und distanzlos. Mit H\u00fcndinnen ist er teilweise aufdringlich, l\u00e4sst diese aber in Ruhe, wenn klare Grenzen kommuniziert werden. Ihm werden nun nach und nach mehr Sozialkontakte in einem angeleiteten Rahmen erm\u00f6glicht. Auf diese Weise soll er lernen ausgeglichener und angemessen mit seinen Artgenossen zu kommunizieren.<\/p>\n<p>Gesundheitlich wird er immer fitter. Sein K\u00f6rperbau weist allerdings den Sch\u00e4ferhund typischen abfallenden R\u00fccken auf.<\/p>\n<p>In dem aufgeregten R\u00fcden, dem noch Struktur und Halt fehlen, schlummert ein toller Freund und Begleiter, wenn er seine richtigen Menschen findet.<\/p>\n<p>Wessen Interesse konnte Cooper wecken? Wer hat Lust mit ihm zu trainieren, ihm die Welt zu zeigen und an seinen Baustellen zu arbeiten? Wer m\u00f6chte Coopers Herz erobern?<\/p>\n<p>Wir w\u00fcrden uns sehr freuen, wenn Sie sich im Tierheim am besten per E-Mail melden. Lernen sie Cooper kennen und lieben.<\/p>\n<p>&nbsp;<\/p>\n<p><span class=\"fs13 cf1 ff1\"><b>Bemerkung:<\/b><br \/>\n<\/span><span class=\"fs13 cf1 ff1\">Die Beschreibungen sind Momentaufnahmen des Tieres in unserem Tierheim. Jedes Tier kann sich im neuen Zuhause anders entwickeln.<\/span><\/p>\n","protected":false},"excerpt":{"rendered":"<p>Cooper kam nach einer langen Reise zu uns ins Tierheim. Der ca. 7-j\u00e4hriger Deutsche Sch\u00e4ferhund R\u00fcde wurde von einem befreundeten Tierschutzverein aus schwierigen Verh\u00e4ltnissen geholt. Als Zwischenl\u00f6sung -um dem gestressten&#8230;<\/p>\n","protected":false},"featured_media":39582,"template":"","meta":{"_piecal_is_event":false,"_piecal_start_date":"","_piecal_end_date":"","_piecal_is_allday":false},"product_cat":[41,57],"product_tag":[],"_links":{"self":[{"href":"https:\/\/tsv-giessen.de\/index.php?rest_route=\/wp\/v2\/product\/36578"}],"collection":[{"href":"https:\/\/tsv-giessen.de\/index.php?rest_route=\/wp\/v2\/product"}],"about":[{"href":"https:\/\/tsv-giessen.de\/index.php?rest_route=\/wp\/v2\/types\/product"}],"wp:featuredmedia":[{"embeddable":true,"href":"https:\/\/tsv-giessen.de\/index.php?rest_route=\/wp\/v2\/media\/39582"}],"wp:attachment":[{"href":"https:\/\/tsv-giessen.de\/index.php?rest_route=%2Fwp%2Fv2%2Fmedia&parent=36578"}],"wp:term":[{"taxonomy":"product_cat","embeddable":true,"href":"https:\/\/tsv-giessen.de\/index.php?rest_route=%2Fwp%2Fv2%2Fproduct_cat&post=36578"},{"taxonomy":"product_tag","embeddable":true,"href":"https:\/\/tsv-giessen.de\/index.php?rest_route=%2Fwp%2Fv2%2Fproduct_tag&post=36578"}],"curies":[{"name":"wp","href":"https:\/\/api.w.org\/{rel}","templated":true}]}}