{"id":36437,"date":"2025-09-09T07:24:39","date_gmt":"2025-09-09T05:24:39","guid":{"rendered":"https:\/\/tsv-giessen.de\/?post_type=product&#038;p=36437"},"modified":"2026-03-06T13:19:20","modified_gmt":"2026-03-06T12:19:20","slug":"hiro","status":"publish","type":"product","link":"https:\/\/tsv-giessen.de\/?product=hiro","title":{"rendered":"Hiro"},"content":{"rendered":"<p>Hier komme ich \u2013 Hiro!<\/p>\n<p>Seit April 2025 lebe ich nun auf meiner Pflegestelle, gemeinsam mit drei H\u00fcndinnen. Und was soll ich sagen? Mir geht es inzwischen richtig gut \u2013 ich f\u00fchle mich wohl und genie\u00dfe das Leben mit meinen M\u00e4dels. Fr\u00fcher hatte ich schon einmal ein eigenes Zuhause. Leider hat es dort nicht wirklich funktioniert. Es fehlte an liebevoller, souver\u00e4ner F\u00fchrung, und so habe ich gelernt, Situationen selbst zu regeln und Entscheidungen allein zu treffen. Auf meiner Pflegestelle erfahre ich nun zum ersten Mal, was Struktur bedeutet \u2013 und dass ich all das gar nicht alleine machen muss.<\/p>\n<p>Ich bin eher ein unsicherer Typ, darum brauche ich klare, ruhige F\u00fchrung, einen geregelten Alltag und nat\u00fcrlich ganz viel Liebe und Geduld, damit ich mich weiter so positiv entwickeln kann. Wenn ich dich erst einmal kenne, bin ich ein verschmuster, lernfreudiger Begleiter. Ich liebe es, Neues zu entdecken und dazuzulernen!<\/p>\n<p>Drau\u00dfen \u2013 und manchmal auch drinnen, wenn Besuch kommt \u2013 trage ich einen Maulkorb. Das st\u00f6rt mich aber \u00fcberhaupt nicht, und ich lasse ihn mir ganz entspannt an- und ausziehen.<\/p>\n<p>Ich habe eine Futtermittelunvertr\u00e4glichkeit und bekomme derzeit spezielles Futter von Happy Dog, das es ganz normal im Handel zu kaufen gibt. Was mir jetzt noch fehlt, ist ein eigenes Zuhause. Ein Ort, an dem ich \u2013 so wie die anderen Hunde \u2013 endlich ganz ankommen darf. Ich habe die Hoffnung nicht aufgegeben, dass da drau\u00dfen irgendwo genau mein Mensch \u2013 oder meine Menschen \u2013 auf mich warten.<\/p>\n<p>Noch ein Hinweis: In meinem neuen Zuhause sollten keine Katzen oder kleinen Kinder leben. Auf meiner Pflegestelle leben zwar auch Kinder, aber sie sind schon \u00e4lter und wissen, wie sie mit meiner Unsicherheit umgehen m\u00fcssen.<\/p>\n<p>&nbsp;<\/p>\n<p>Rasse: Mischling<\/p>\n<p>Geschlecht: m\u00e4nnlich<\/p>\n<p>Alter: ca. 3 Jahre<\/p>\n<p>Gr\u00f6\u00dfe: ca. 60 cm<\/p>\n<p>Gewicht: ca. 28 kg<\/p>\n<p>Gechipt: ja<\/p>\n<p>Geimpft: ja<\/p>\n<p>Kastriert: ja<\/p>\n<p><strong>Bemerkung: <\/strong>Beschreibungen sind Momentaufnahmen des Tieres in unserem Tierheim. Jedes Tier kann sich im neuen Zuhause anders entwickeln.<\/p>\n<p>Kontakt: Pro Streuner e.V.<\/p>\n<p>&nbsp;<\/p>\n","protected":false},"excerpt":{"rendered":"<p>Hier komme ich \u2013 Hiro! Seit April 2025 lebe ich nun auf meiner Pflegestelle, gemeinsam mit drei H\u00fcndinnen. Und was soll ich sagen? Mir geht es inzwischen richtig gut \u2013&#8230;<\/p>\n","protected":false},"featured_media":36440,"template":"","meta":{"_piecal_is_event":false,"_piecal_start_date":"","_piecal_end_date":"","_piecal_is_allday":false},"product_cat":[1746],"product_tag":[],"_links":{"self":[{"href":"https:\/\/tsv-giessen.de\/index.php?rest_route=\/wp\/v2\/product\/36437"}],"collection":[{"href":"https:\/\/tsv-giessen.de\/index.php?rest_route=\/wp\/v2\/product"}],"about":[{"href":"https:\/\/tsv-giessen.de\/index.php?rest_route=\/wp\/v2\/types\/product"}],"wp:featuredmedia":[{"embeddable":true,"href":"https:\/\/tsv-giessen.de\/index.php?rest_route=\/wp\/v2\/media\/36440"}],"wp:attachment":[{"href":"https:\/\/tsv-giessen.de\/index.php?rest_route=%2Fwp%2Fv2%2Fmedia&parent=36437"}],"wp:term":[{"taxonomy":"product_cat","embeddable":true,"href":"https:\/\/tsv-giessen.de\/index.php?rest_route=%2Fwp%2Fv2%2Fproduct_cat&post=36437"},{"taxonomy":"product_tag","embeddable":true,"href":"https:\/\/tsv-giessen.de\/index.php?rest_route=%2Fwp%2Fv2%2Fproduct_tag&post=36437"}],"curies":[{"name":"wp","href":"https:\/\/api.w.org\/{rel}","templated":true}]}}