{"id":36416,"date":"2025-09-04T08:05:46","date_gmt":"2025-09-04T06:05:46","guid":{"rendered":"https:\/\/tsv-giessen.de\/?post_type=product&#038;p=36416"},"modified":"2025-09-22T14:54:04","modified_gmt":"2025-09-22T12:54:04","slug":"terra","status":"publish","type":"product","link":"https:\/\/tsv-giessen.de\/?product=terra","title":{"rendered":"Terra"},"content":{"rendered":"<h6>NOTFALL<\/h6>\n<p>Terra<br \/>\nMischlingsh\u00fcndin, kastriert<br \/>\n*04.01.2013<br \/>\nSchulterh\u00f6he: 40 cm<br \/>\nIn einer Pflegestelle in 36037 Fulda<\/p>\n<p>Terra ist eine treue Begleiterin f\u00fcr Familien mit Kindern und Senioren<br \/>\nTerra ist eine ruhige und ausgeglichene H\u00fcndin, die mit ihrer freundlichen und liebevollen Art sofort Sympathien gewinnt. Es ist leicht, sich in sie zu verlieben, da sie ein sehr gewinnendes Wesen hat.<br \/>\nSie ist sehr kinderlieb, sanft im Umgang mit Kindern und kennt auch das Zusammenleben mit ihnen. Terra ist zudem mit Katzen vertr\u00e4glich und daran gew\u00f6hnt, ihr Heim mit einer Katze zu teilen.<br \/>\nMit anderen Hunden ist Terra absolut sozialvertr\u00e4glich. An der Leine \u201emoppert\u201c sie manchmal andere Hunde an, spielt aber im Freilauf gerne mit ihnen und verh\u00e4lt sich friedfertig, neugierig und stets freundlich.<br \/>\nKurze Spazierg\u00e4nge liebt Terra sehr, besonders gerne ist sie am Strand unterwegs. Auch das Toben mit anderen Hunden im Freilauf bereitet ihr gro\u00dfe Freude. Am Meer geht sie gerne mit den Pfoten ins Wasser. Dar\u00fcber hinaus kennt Terra auch das Leben in der Stadt.<br \/>\nAn der Leine l\u00e4uft sie zuverl\u00e4ssig und kann, da sie keinen ausgepr\u00e4gten Jagdtrieb zeigt, auch frei laufen. Sie kennt Grundkommandos und f\u00fchrt diese mal mehr, mal weniger tadellos aus. Terra kann auch mal stur sein. Sie ist ein Hund mit ganz viel Herz, einem manchmal etwas eigensinnigen, aber stets liebevollen Charakter.<br \/>\nAuch im Auto f\u00e4hrt Terra brav mit, vermutlich w\u00fcrde sie es auch genie\u00dfen, in einem Wohnmobil zu reisen.<br \/>\nDie h\u00fcbsche H\u00fcndin bleibt nach kurzer Eingew\u00f6hnungszeit problemlos allein zu Hause und ist kein Kl\u00e4ffer.<br \/>\nMenschen gegen\u00fcber ist sie zugewandt, sucht den Kontakt und genie\u00dft das gemeinsame Miteinander.<br \/>\nTerras freundliches Wesen und ihr ausgeglichenes Temperament machen sie zu einer unkomplizierten Begleiterin im Alltag.<br \/>\nF\u00fcr Terra wird ein Zuhause gesucht, idealerweise in einer Familie mit Kindern, gerne auch mit einem bereits vorhandenen Hund, bei Hundeanf\u00e4ngern oder \u00e4lteren Menschen, die sich eine treue, unkomplizierte und liebevolle H\u00fcndin w\u00fcnschen.<br \/>\nWir geben nur Vermittlungshilfe.<\/p>\n<p>Kontakt \u00fcber:<br \/>\nAnja Griesand<br \/>\nAnja@Griesand.de<br \/>\n06472-911444<br \/>\nwww.TierschutzAG.de<\/p>\n<p><strong>Bemerkung: <\/strong>Beschreibungen sind Momentaufnahmen des Tieres in unserem Tierheim. Jedes Tier kann sich im neuen Zuhause anders entwickeln.<\/p>\n","protected":false},"excerpt":{"rendered":"<p>NOTFALL Terra Mischlingsh\u00fcndin, kastriert *04.01.2013 Schulterh\u00f6he: 40 cm In einer Pflegestelle in 36037 Fulda Terra ist eine treue Begleiterin f\u00fcr Familien mit Kindern und Senioren Terra ist eine ruhige und&#8230;<\/p>\n","protected":false},"featured_media":36432,"template":"","meta":{"_piecal_is_event":false,"_piecal_start_date":"","_piecal_end_date":"","_piecal_is_allday":false},"product_cat":[1746],"product_tag":[],"_links":{"self":[{"href":"https:\/\/tsv-giessen.de\/index.php?rest_route=\/wp\/v2\/product\/36416"}],"collection":[{"href":"https:\/\/tsv-giessen.de\/index.php?rest_route=\/wp\/v2\/product"}],"about":[{"href":"https:\/\/tsv-giessen.de\/index.php?rest_route=\/wp\/v2\/types\/product"}],"wp:featuredmedia":[{"embeddable":true,"href":"https:\/\/tsv-giessen.de\/index.php?rest_route=\/wp\/v2\/media\/36432"}],"wp:attachment":[{"href":"https:\/\/tsv-giessen.de\/index.php?rest_route=%2Fwp%2Fv2%2Fmedia&parent=36416"}],"wp:term":[{"taxonomy":"product_cat","embeddable":true,"href":"https:\/\/tsv-giessen.de\/index.php?rest_route=%2Fwp%2Fv2%2Fproduct_cat&post=36416"},{"taxonomy":"product_tag","embeddable":true,"href":"https:\/\/tsv-giessen.de\/index.php?rest_route=%2Fwp%2Fv2%2Fproduct_tag&post=36416"}],"curies":[{"name":"wp","href":"https:\/\/api.w.org\/{rel}","templated":true}]}}