{"id":36045,"date":"2025-08-18T08:23:58","date_gmt":"2025-08-18T06:23:58","guid":{"rendered":"https:\/\/tsv-giessen.de\/?post_type=product&#038;p=36045"},"modified":"2026-04-15T22:45:30","modified_gmt":"2026-04-15T20:45:30","slug":"rasco","status":"publish","type":"product","link":"https:\/\/tsv-giessen.de\/?product=rasco","title":{"rendered":"Rasco"},"content":{"rendered":"<p>Rasco ist ein 7-j\u00e4hriger Deutscher Sch\u00e4ferhund aus der Leistungszucht und wurde abgegeben, weil sich die Besitzer nicht mehr um ihn k\u00fcmmern konnten. Mittlerweile hat sich der h\u00fcbsche R\u00fcde im Tierheim eingelebt. Man merkt allerdings deutlich, dass ihn das laute, aufgeregte Umfeld und die vielen Hunde sehr stressen. Dies \u00e4u\u00dfert sich vor allem in Durchfall, lautem Bellen und kreiseln. Selbstverletzendes Verhalten zeigt er dabei nicht.<br \/>\nDieses Verhalten wird ausgel\u00f6st durch inneren Stress und hohe Energie und hat sich schon bei den Besitzern als Verhaltensst\u00f6rung etabliert. Mittlerweile ist Rasco allerdings medikament\u00f6s gut eingestellt und bekommt Unterst\u00fctzung im Erlernen von alternativen Verhaltensweisen. Kreiseln und Bellen lassen sich inzwischen auch abbrechen.<br \/>\nSeine Verhaltensst\u00f6rung ist ein Teil, der zu ihm geh\u00f6rt, auf die man sich einlassen und die man h\u00e4ndeln k\u00f6nnen muss. Allerdings ist sie nicht das, was diesen tollen Hund ausmacht. Rasco ist so viel mehr als das!<br \/>\nSch\u00e4ferhundtypisch bindet sich Rasco eng an seine Menschen und findet bei Ihnen Sicherheit und Ruhe. Wei\u00df man den R\u00fcden klar und souver\u00e4n anzuleiten, -eine \u201eharte Hand\u201c braucht man dazu definitiv NICHT- gewinnt Rasco schnell Vertrauen und ist mit Freude bei der Sache. Ist die Bindung erstmal da, findet man in ihm einen treuen Begleiter, der f\u00fcr jedes Abenteuer zu begeistern ist. Er genie\u00dft lange Spazierg\u00e4nge (auch querfeldein) und das Training auf dem Hundeplatz. Au\u00dferdem liebt er es durch Pf\u00fctzen zu springen oder durch B\u00e4che zu laufen.<br \/>\nBei Spazierg\u00e4ngen mit seinen Hundebegleitern zeigt sich Rasco grunds\u00e4tzlich leinenf\u00fchrig. Allerdings ist er noch sehr im Au\u00dfen und muss viele neue Reize erstmal kennenlernen und verarbeiten d\u00fcrfen. Inzwischen kann Rasco auch schon mal an der Schleppleine laufen und genie\u00dft diese Freiheit sehr. Er ist super abrufbar und freut sich \u00fcber jegliche Interaktion. Allerdings muss man jederzeit sehr konzentriert auf den Hund sein. Findet Rasco Gegenst\u00e4nde wie gr\u00f6\u00dfere Steine, \u00c4ste oder Erdklumpen auf dem Weg bringt ihn das oft aus dem Konzept. Er w\u00fcrde sich auf diese Dinge st\u00fcrzen, wenn er die Gelegenheit bekommt und versucht sich teilweise auch mit Maulkorb darin zu verbei\u00dfen. Daran wird flei\u00dfig ge\u00fcbt und mittlerweile l\u00e4sst sich Rasco auch oftmals schon gut davon abhalten oder schafft es sich selbst ein alternatives Verhalten zu suchen. Ein gesteigertes Jagdverhalten ist nicht vorhanden. Bei Hundebegegnungen braucht der tolle Bub noch Unterst\u00fctzung und eine klare Anleitung.<\/p>\n<p>Rasco zeigt eine hohe Arbeitsbereitschaft und einen ausgepr\u00e4gten Will to please. Die Grundkommandos sitzen, der intelligente Kerl gibt sich gro\u00dfe M\u00fche zu gefallen und l\u00e4sst sich leicht f\u00fcr etwas motivieren. Egal ob ZOS, F\u00e4hrtenarbeit, Tricksen oder \u00e4hnliches, Rasco ist mit Freude dabei. Auch an seiner Frustrationstoleranz und Impulskontrolle wird flei\u00dfig gearbeitet.<\/p>\n<p>Im Umgang mit Menschen ist der imposante Sch\u00e4ferhund grunds\u00e4tzlich freundlich, m\u00f6chte jedoch nicht bedr\u00e4ngt werden. Er kennt das Leben im Haus, kann gut alleine bleiben und liebt kuscheln \u00fcber alles. Rasco f\u00e4hrt gerne Auto, verh\u00e4lt sich ruhig und kann darin auch sehr gut entspannen.<\/p>\n<p>Diese tolle Fellnase sucht dringend ein gutes Zuhause oder eine Pflegestelle bei erfahrenen Menschen in einem m\u00f6glichst ruhigen Umfeld. Andere Tiere braucht Rasco nicht unbedingt im Haus. Eine Vergesellschaftung ist jedoch nicht ausgeschlossen. K\u00f6rperliche und geistige Auslastung sind zwingend notwendig, ebenso wie die Einhaltung von Ruhezeiten.<\/p>\n<p>Wer bereit ist, etwas Arbeit in diesen tollen Hund zu investieren, bekommt im Gegenzug einen treuen Begleiter und besten Freund f\u00fcrs Leben.<\/p>\n<p>Wer\u00a0 Rasco kennenlernen m\u00f6chte, darf sich gerne am besten per E-Mail bei uns melden. Auch wenn jemand eine geeignete Pflegestelle anbieten kann, auf der Rasco behutsam lernt Aufregung und Stress anders zu verarbeiten, freuen wir uns \u00fcber eine Kontaktaufnahme.<\/p>\n<p><span class=\"fs13 cf1 ff1\"><b>Bemerkung:<\/b><br \/>\n<\/span><span class=\"fs13 cf1 ff1\">Die Beschreibungen sind Momentaufnahmen des Tieres in unserem Tierheim. Jedes Tier kann sich im neuen Zuhause anders entwickeln.<\/span><\/p>\n","protected":false},"excerpt":{"rendered":"<p>Rasco ist ein 7-j\u00e4hriger Deutscher Sch\u00e4ferhund aus der Leistungszucht und wurde abgegeben, weil sich die Besitzer nicht mehr um ihn k\u00fcmmern konnten. Mittlerweile hat sich der h\u00fcbsche R\u00fcde im Tierheim&#8230;<\/p>\n","protected":false},"featured_media":39663,"template":"","meta":{"_piecal_is_event":false,"_piecal_start_date":"","_piecal_end_date":"","_piecal_is_allday":false},"product_cat":[41,57],"product_tag":[],"_links":{"self":[{"href":"https:\/\/tsv-giessen.de\/index.php?rest_route=\/wp\/v2\/product\/36045"}],"collection":[{"href":"https:\/\/tsv-giessen.de\/index.php?rest_route=\/wp\/v2\/product"}],"about":[{"href":"https:\/\/tsv-giessen.de\/index.php?rest_route=\/wp\/v2\/types\/product"}],"wp:featuredmedia":[{"embeddable":true,"href":"https:\/\/tsv-giessen.de\/index.php?rest_route=\/wp\/v2\/media\/39663"}],"wp:attachment":[{"href":"https:\/\/tsv-giessen.de\/index.php?rest_route=%2Fwp%2Fv2%2Fmedia&parent=36045"}],"wp:term":[{"taxonomy":"product_cat","embeddable":true,"href":"https:\/\/tsv-giessen.de\/index.php?rest_route=%2Fwp%2Fv2%2Fproduct_cat&post=36045"},{"taxonomy":"product_tag","embeddable":true,"href":"https:\/\/tsv-giessen.de\/index.php?rest_route=%2Fwp%2Fv2%2Fproduct_tag&post=36045"}],"curies":[{"name":"wp","href":"https:\/\/api.w.org\/{rel}","templated":true}]}}