{"id":35900,"date":"2025-08-08T07:05:42","date_gmt":"2025-08-08T05:05:42","guid":{"rendered":"https:\/\/tsv-giessen.de\/?post_type=product&#038;p=35900"},"modified":"2026-01-28T19:26:30","modified_gmt":"2026-01-28T18:26:30","slug":"arachne-venom","status":"publish","type":"product","link":"https:\/\/tsv-giessen.de\/?product=arachne-venom","title":{"rendered":"Arachne"},"content":{"rendered":"<p style=\"text-align: left\">Arachne sucht ihr neues F\u00fcr-Immer-Zuhause. Die Jungkatze wurde gemeinsam mit ihren Geschwistern auf einem Friedhof gefunden. Wahrscheinlich sind sie Kitten einer verwilderten Hauskatze &#8211; und das merkt man ihr an: Arachne ist noch sehr zur\u00fcckhaltend und braucht etwas Zeit, um sich an den Menschenkontakt zu gew\u00f6hnen. Die Mitarbeiter im Tierheim gaben sich aller gr\u00f6\u00dfte M\u00fche der Kleinen zu zeigen, dass Menschen gar nicht so gruselig sind. Mittlerweile ist Arachne gemeinsam mit ihren Freunden Eren und Hange auf eine Pflegestelle gezogen, wo sie tolle Fortschritte macht. Hier hat sie gezeigt, dass sie absolut bestechlich ist: Mit Leckereien und auch &#8220;normalem&#8221; Futter l\u00e4sst sich Arachne ganz schnell aus der Reserve locken &#8211; sobald was Leckeres im Spiel ist wird sie sogar zu einem kleinen Rammbock und zeigt auch ihre freche Seite.<\/p>\n<p>Bei der Adoption eines kleinen Kitten ist zu beachten, dass diese nur zur zweit oder zu einer vorhandenen Katze im passenden Alter vermittelt werden. Zudem sollte man bedenken, dass die Kleinen zwar unfassbar niedlich sind, aber auch noch viel Unfug im Kopf haben. Da wird an allem hoch geklettert, die Krallen versucht an den M\u00f6beln zu sch\u00e4rfen und im wilden Spiel \u00fcber Tische und B\u00e4nke gesprungen. Das kleine Katzen-1&#215;1 m\u00fcssen die Kitten noch lernen.<\/p>\n<p>Wer hat sich ein wenig verliebt und kann ein passendes Zuhause bieten? Melden sie sich gerne per E-Mail an das Tierheim. Wir freuen uns darauf Sie kennenzulernen.<\/p>\n<p style=\"text-align: left\"><span class=\"fs13 cf1 ff1\"><b>Bemerkung:<\/b><br \/>\n<\/span><span class=\"fs13 cf1 ff1\">Die Beschreibungen sind Momentaufnahmen des Tieres in unserem Tierheim. Jedes Tier kann sich im neuen Zuhause anders entwickeln.<\/span><\/p>\n","protected":false},"excerpt":{"rendered":"<p>Arachne sucht ihr neues F\u00fcr-Immer-Zuhause. Die Jungkatze wurde gemeinsam mit ihren Geschwistern auf einem Friedhof gefunden. Wahrscheinlich sind sie Kitten einer verwilderten Hauskatze &#8211; und das merkt man ihr an:&#8230;<\/p>\n","protected":false},"featured_media":38569,"template":"","meta":{"_piecal_is_event":false,"_piecal_start_date":"","_piecal_end_date":"","_piecal_is_allday":false},"product_cat":[2113,59,60,62,161],"product_tag":[],"_links":{"self":[{"href":"https:\/\/tsv-giessen.de\/index.php?rest_route=\/wp\/v2\/product\/35900"}],"collection":[{"href":"https:\/\/tsv-giessen.de\/index.php?rest_route=\/wp\/v2\/product"}],"about":[{"href":"https:\/\/tsv-giessen.de\/index.php?rest_route=\/wp\/v2\/types\/product"}],"wp:featuredmedia":[{"embeddable":true,"href":"https:\/\/tsv-giessen.de\/index.php?rest_route=\/wp\/v2\/media\/38569"}],"wp:attachment":[{"href":"https:\/\/tsv-giessen.de\/index.php?rest_route=%2Fwp%2Fv2%2Fmedia&parent=35900"}],"wp:term":[{"taxonomy":"product_cat","embeddable":true,"href":"https:\/\/tsv-giessen.de\/index.php?rest_route=%2Fwp%2Fv2%2Fproduct_cat&post=35900"},{"taxonomy":"product_tag","embeddable":true,"href":"https:\/\/tsv-giessen.de\/index.php?rest_route=%2Fwp%2Fv2%2Fproduct_tag&post=35900"}],"curies":[{"name":"wp","href":"https:\/\/api.w.org\/{rel}","templated":true}]}}